{"id":10261,"date":"2025-05-16T11:34:51","date_gmt":"2025-05-16T09:34:51","guid":{"rendered":"https:\/\/dima-glz.ch\/?page_id=10261"},"modified":"2025-08-28T16:01:32","modified_gmt":"2025-08-28T14:01:32","slug":"schreibberatung","status":"publish","type":"page","link":"https:\/\/dima-glz.ch\/ls\/angebote\/schreibberatung\/","title":{"rendered":"Schreibberatung"},"content":{"rendered":"\t\t<div data-elementor-type=\"wp-page\" data-elementor-id=\"10261\" class=\"elementor elementor-10261 elementor-10260\" data-elementor-post-type=\"page\">\n\t\t\t\t<div class=\"elementor-element elementor-element-ec444de e-flex e-con-boxed e-con e-parent\" data-id=\"ec444de\" data-element_type=\"container\" data-e-type=\"container\" data-settings=\"{&quot;jet_parallax_layout_list&quot;:[]}\">\n\t\t\t\t\t<div class=\"e-con-inner\">\n\t\t\t\t<div class=\"elementor-element elementor-element-13d18bc elementor-widget elementor-widget-spacer\" data-id=\"13d18bc\" data-element_type=\"widget\" data-e-type=\"widget\" data-widget_type=\"spacer.default\">\n\t\t\t\t<div class=\"elementor-widget-container\">\n\t\t\t\t\t\t\t<div class=\"elementor-spacer\">\n\t\t\t<div class=\"elementor-spacer-inner\"><\/div>\n\t\t<\/div>\n\t\t\t\t\t\t<\/div>\n\t\t\t\t<\/div>\n\t\t<div class=\"elementor-element elementor-element-b016120 e-con-full e-flex e-con e-child\" data-id=\"b016120\" data-element_type=\"container\" data-e-type=\"container\" data-settings=\"{&quot;jet_parallax_layout_list&quot;:[]}\">\n\t\t\t\t<div class=\"elementor-element elementor-element-c16b665 elementor-widget elementor-widget-spacer\" data-id=\"c16b665\" data-element_type=\"widget\" data-e-type=\"widget\" data-widget_type=\"spacer.default\">\n\t\t\t\t<div class=\"elementor-widget-container\">\n\t\t\t\t\t\t\t<div class=\"elementor-spacer\">\n\t\t\t<div class=\"elementor-spacer-inner\"><\/div>\n\t\t<\/div>\n\t\t\t\t\t\t<\/div>\n\t\t\t\t<\/div>\n\t\t<div class=\"elementor-element elementor-element-90e15f2 e-con-full e-flex e-con e-child\" data-id=\"90e15f2\" data-element_type=\"container\" data-e-type=\"container\" data-settings=\"{&quot;jet_parallax_layout_list&quot;:[]}\">\n\t\t\t\t<div class=\"elementor-element elementor-element-e664d0e elementor-widget elementor-widget-image\" data-id=\"e664d0e\" data-element_type=\"widget\" data-e-type=\"widget\" data-widget_type=\"image.default\">\n\t\t\t\t<div class=\"elementor-widget-container\">\n\t\t\t\t\t\t\t\t\t\t\t\t\t\t\t<img fetchpriority=\"high\" decoding=\"async\" width=\"630\" height=\"390\" src=\"https:\/\/dima-glz.ch\/wp-content\/smush-webp\/2025\/05\/Bildschirmfoto-2025-05-18-um-11.00.59.png.webp\" class=\"attachment-large size-large wp-image-10962\" alt=\"\" srcset=\"https:\/\/dima-glz.ch\/wp-content\/smush-webp\/2025\/05\/Bildschirmfoto-2025-05-18-um-11.00.59.png.webp 630w, https:\/\/dima-glz.ch\/wp-content\/smush-webp\/2025\/05\/Bildschirmfoto-2025-05-18-um-11.00.59-300x186.png.webp 300w\" sizes=\"(max-width: 630px) 100vw, 630px\" \/>\t\t\t\t\t\t\t\t\t\t\t\t\t\t\t<\/div>\n\t\t\t\t<\/div>\n\t\t\t\t<div class=\"elementor-element elementor-element-8a024ac elementor-widget elementor-widget-spacer\" data-id=\"8a024ac\" data-element_type=\"widget\" data-e-type=\"widget\" data-widget_type=\"spacer.default\">\n\t\t\t\t<div class=\"elementor-widget-container\">\n\t\t\t\t\t\t\t<div class=\"elementor-spacer\">\n\t\t\t<div class=\"elementor-spacer-inner\"><\/div>\n\t\t<\/div>\n\t\t\t\t\t\t<\/div>\n\t\t\t\t<\/div>\n\t\t\t\t<div class=\"elementor-element elementor-element-06e8d97 elementor-widget elementor-widget-image\" data-id=\"06e8d97\" data-element_type=\"widget\" data-e-type=\"widget\" data-widget_type=\"image.default\">\n\t\t\t\t<div class=\"elementor-widget-container\">\n\t\t\t\t\t\t\t\t\t\t\t\t\t\t\t<img fetchpriority=\"high\" decoding=\"async\" width=\"630\" height=\"390\" src=\"https:\/\/dima-glz.ch\/wp-content\/smush-webp\/2025\/05\/Bildschirmfoto-2025-05-18-um-11.00.59.png.webp\" class=\"attachment-large size-large wp-image-10962\" alt=\"\" srcset=\"https:\/\/dima-glz.ch\/wp-content\/smush-webp\/2025\/05\/Bildschirmfoto-2025-05-18-um-11.00.59.png.webp 630w, https:\/\/dima-glz.ch\/wp-content\/smush-webp\/2025\/05\/Bildschirmfoto-2025-05-18-um-11.00.59-300x186.png.webp 300w\" sizes=\"(max-width: 630px) 100vw, 630px\" \/>\t\t\t\t\t\t\t\t\t\t\t\t\t\t\t<\/div>\n\t\t\t\t<\/div>\n\t\t\t\t<div class=\"elementor-element elementor-element-0d219e6 elementor-widget elementor-widget-spacer\" data-id=\"0d219e6\" data-element_type=\"widget\" data-e-type=\"widget\" data-widget_type=\"spacer.default\">\n\t\t\t\t<div class=\"elementor-widget-container\">\n\t\t\t\t\t\t\t<div class=\"elementor-spacer\">\n\t\t\t<div class=\"elementor-spacer-inner\"><\/div>\n\t\t<\/div>\n\t\t\t\t\t\t<\/div>\n\t\t\t\t<\/div>\n\t\t\t\t<\/div>\n\t\t<div class=\"elementor-element elementor-element-2f82521 e-con-full e-flex e-con e-child\" data-id=\"2f82521\" data-element_type=\"container\" data-e-type=\"container\" data-settings=\"{&quot;jet_parallax_layout_list&quot;:[]}\">\n\t\t\t\t<div class=\"elementor-element elementor-element-5511f79 elementor-vertical-align-top elementor-widget elementor-widget-image-box\" data-id=\"5511f79\" data-element_type=\"widget\" data-e-type=\"widget\" data-widget_type=\"image-box.default\">\n\t\t\t\t<div class=\"elementor-widget-container\">\n\t\t\t\t\t<div class=\"elementor-image-box-wrapper\"><div class=\"elementor-image-box-content\"><h3 class=\"elementor-image-box-title\"><div style=\"text-align: start\"><span style=\"color: inherit;font-family: var( --e-global-typography-primary-font-family ), Sans-serif;font-size: var( --e-global-typography-primary-font-size );font-weight: var( --e-global-typography-primary-font-weight )\">Schreibberatung<\/span><span style=\"color: var( --e-global-color-accent );font-family: var( --e-global-typography-primary-font-family ), Sans-serif;font-size: var( --e-global-typography-primary-font-size );font-weight: var( --e-global-typography-primary-font-weight );text-align: center\"><\/span><\/div><\/h3><\/div><\/div>\t\t\t\t<\/div>\n\t\t\t\t<\/div>\n\t\t\t\t<div class=\"elementor-element elementor-element-aed92dd elementor-widget elementor-widget-text-editor\" data-id=\"aed92dd\" data-element_type=\"widget\" data-e-type=\"widget\" data-widget_type=\"text-editor.default\">\n\t\t\t\t<div class=\"elementor-widget-container\">\n\t\t\t\t\t\t\t\t\t<p><span style=\"font-size: 24px;\">Du musst einen Text schreiben.\u00a0<br \/>Oder du willst einen Text lesen und verstehen.\u00a0<\/span><\/p><p><span style=\"font-size: 24px;\">Du brauchst dabei Hilfe.\u00a0<br \/>Die Schreibberatung hilft dir.\u00a0<br \/>In der Schreibberatung kannst du geb\u00e4rden.\u00a0<\/span><\/p><p><span style=\"font-size: 24px;\">Die Schreibberatung hat Schweigepflicht.\u00a0<br \/>Die Schreibberatung darf anderen Personen <b>nicht<\/b> erz\u00e4hlen,\u00a0<br \/>was du in der Schreibberatung sagst.\u00a0<\/span><\/p>\t\t\t\t\t\t\t\t<\/div>\n\t\t\t\t<\/div>\n\t\t\t\t<div class=\"elementor-element elementor-element-3b0be2a elementor-widget elementor-widget-text-editor\" data-id=\"3b0be2a\" data-element_type=\"widget\" data-e-type=\"widget\" data-widget_type=\"text-editor.default\">\n\t\t\t\t<div class=\"elementor-widget-container\">\n\t\t\t\t\t\t\t\t\t<h3><b>Wie funktioniert die Schreibberatung?<\/b><\/h3>\t\t\t\t\t\t\t\t<\/div>\n\t\t\t\t<\/div>\n\t\t\t\t<div class=\"elementor-element elementor-element-d803403 elementor-widget elementor-widget-text-editor\" data-id=\"d803403\" data-element_type=\"widget\" data-e-type=\"widget\" data-widget_type=\"text-editor.default\">\n\t\t\t\t<div class=\"elementor-widget-container\">\n\t\t\t\t\t\t\t\t\t<p><span style=\"font-size: 24px;\">Du m\u00f6chtest die Schreibberatung nutzen?<\/span><\/p><p><span style=\"font-size: 24px;\">Jeden Mittwoch ist die Schreibberatung von 14:00 &#8211; 17:00 Uhr offen.\u00a0<br \/>Du kannst einfach vorbeikommen.\u00a0<br \/>Oder du kannst dich vorher anmelden.\u00a0<\/span><\/p><p><span style=\"font-size: 24px;\">Du kannst ein E-Mail schreiben:\u00a0<br \/>info@schreibberatung-glz.ch<br \/>schreibberatung-glz@hin.ch\u00a0<\/span><\/p><p><span style=\"font-size: 24px;\">Du kannst ein SMS schreiben:<br \/>079 659 94 00<\/span><\/p>\t\t\t\t\t\t\t\t<\/div>\n\t\t\t\t<\/div>\n\t\t\t\t<div class=\"elementor-element elementor-element-e66e6fd elementor-widget elementor-widget-text-editor\" data-id=\"e66e6fd\" data-element_type=\"widget\" data-e-type=\"widget\" data-widget_type=\"text-editor.default\">\n\t\t\t\t<div class=\"elementor-widget-container\">\n\t\t\t\t\t\t\t\t\t<h3><b>Kostet die Schreibberatung etwas?<\/b><\/h3>\t\t\t\t\t\t\t\t<\/div>\n\t\t\t\t<\/div>\n\t\t\t\t<div class=\"elementor-element elementor-element-2cab804 elementor-widget elementor-widget-text-editor\" data-id=\"2cab804\" data-element_type=\"widget\" data-e-type=\"widget\" data-widget_type=\"text-editor.default\">\n\t\t\t\t<div class=\"elementor-widget-container\">\n\t\t\t\t\t\t\t\t\t<ul><li><span style=\"font-size: 24px;\">Ein kurzer Brief oder Text kostet <b>nichts<\/b> und ist gratis.\u00a0<\/span><\/li><li>Du hast einen sehr langen Text?\u00a0<br \/>Da besprechen wir zusammen, wieviel das kostet und wer das bezahlt.\u00a0<\/li><\/ul><div>Die BFSUG Z\u00fcrich Schaffhausen gibt DIMA Geld f\u00fcr die Schreibberatung.\u00a0<br \/>Auch sichtbar GEH\u00d6RLOSE Z\u00dcRICH gibt f\u00fcr die Schreibberatung Geld.\u00a0<br \/>Vielen Dank!\u00a0<\/div>\t\t\t\t\t\t\t\t<\/div>\n\t\t\t\t<\/div>\n\t\t\t\t<div class=\"elementor-element elementor-element-c96376b elementor-widget elementor-widget-button\" data-id=\"c96376b\" data-element_type=\"widget\" data-e-type=\"widget\" data-widget_type=\"button.default\">\n\t\t\t\t<div class=\"elementor-widget-container\">\n\t\t\t\t\t\t\t\t\t<div class=\"elementor-button-wrapper\">\n\t\t\t\t\t<a class=\"elementor-button elementor-button-link elementor-size-sm\" href=\"https:\/\/bfsug.ch\/angebot\/schreibberatung\/\" target=\"_blank\">\n\t\t\t\t\t\t<span class=\"elementor-button-content-wrapper\">\n\t\t\t\t\t\t\t\t\t<span class=\"elementor-button-text\">Weiter zur Webseite der Schreibberatung<\/span>\n\t\t\t\t\t<\/span>\n\t\t\t\t\t<\/a>\n\t\t\t\t<\/div>\n\t\t\t\t\t\t\t\t<\/div>\n\t\t\t\t<\/div>\n\t\t\t\t<\/div>\n\t\t\t\t<\/div>\n\t\t\t\t\t<\/div>\n\t\t\t\t<\/div>\n\t\t\t\t<\/div>\n\t\t","protected":false},"excerpt":{"rendered":"<p>Schreibberatung Du musst einen Text schreiben.\u00a0Oder du willst einen Text lesen und verstehen.\u00a0 Du brauchst dabei Hilfe.\u00a0Die Schreibberatung hilft dir.\u00a0In der Schreibberatung kannst du geb\u00e4rden.\u00a0 Die Schreibberatung hat Schweigepflicht.\u00a0Die Schreibberatung darf anderen Personen nicht erz\u00e4hlen,\u00a0was du in der Schreibberatung sagst.\u00a0 Wie funktioniert die Schreibberatung? Du m\u00f6chtest die Schreibberatung nutzen? Jeden Mittwoch ist die Schreibberatung von [&hellip;]<\/p>\n","protected":false},"author":3,"featured_media":0,"parent":1167,"menu_order":0,"comment_status":"closed","ping_status":"closed","template":"","meta":{"footnotes":""},"class_list":["post-10261","page","type-page","status-publish","hentry"],"_links":{"self":[{"href":"https:\/\/dima-glz.ch\/ls\/wp-json\/wp\/v2\/pages\/10261","targetHints":{"allow":["GET"]}}],"collection":[{"href":"https:\/\/dima-glz.ch\/ls\/wp-json\/wp\/v2\/pages"}],"about":[{"href":"https:\/\/dima-glz.ch\/ls\/wp-json\/wp\/v2\/types\/page"}],"author":[{"embeddable":true,"href":"https:\/\/dima-glz.ch\/ls\/wp-json\/wp\/v2\/users\/3"}],"replies":[{"embeddable":true,"href":"https:\/\/dima-glz.ch\/ls\/wp-json\/wp\/v2\/comments?post=10261"}],"version-history":[{"count":0,"href":"https:\/\/dima-glz.ch\/ls\/wp-json\/wp\/v2\/pages\/10261\/revisions"}],"up":[{"embeddable":true,"href":"https:\/\/dima-glz.ch\/ls\/wp-json\/wp\/v2\/pages\/1167"}],"wp:attachment":[{"href":"https:\/\/dima-glz.ch\/ls\/wp-json\/wp\/v2\/media?parent=10261"}],"curies":[{"name":"wp","href":"https:\/\/api.w.org\/{rel}","templated":true}]}}