{"id":10483,"date":"2025-05-16T19:03:31","date_gmt":"2025-05-16T17:03:31","guid":{"rendered":"https:\/\/dima-glz.ch\/anfrage-kursangebot\/"},"modified":"2025-08-27T13:47:57","modified_gmt":"2025-08-27T11:47:57","slug":"anfrage-kursangebot","status":"publish","type":"page","link":"https:\/\/dima-glz.ch\/ls\/anfrage-kursangebot\/","title":{"rendered":"Anfrage Kursangebot"},"content":{"rendered":"\t\t<div data-elementor-type=\"wp-page\" data-elementor-id=\"10483\" class=\"elementor elementor-10483 elementor-10470\" data-elementor-post-type=\"page\">\n\t\t\t\t<div class=\"elementor-element elementor-element-f72f23f e-flex e-con-boxed e-con e-parent\" data-id=\"f72f23f\" data-element_type=\"container\" data-e-type=\"container\" data-settings=\"{&quot;jet_parallax_layout_list&quot;:[]}\">\n\t\t\t\t\t<div class=\"e-con-inner\">\n\t\t\t\t<div class=\"elementor-element elementor-element-83b0aa5 elementor-widget elementor-widget-spacer\" data-id=\"83b0aa5\" data-element_type=\"widget\" data-e-type=\"widget\" data-widget_type=\"spacer.default\">\n\t\t\t\t<div class=\"elementor-widget-container\">\n\t\t\t\t\t\t\t<div class=\"elementor-spacer\">\n\t\t\t<div class=\"elementor-spacer-inner\"><\/div>\n\t\t<\/div>\n\t\t\t\t\t\t<\/div>\n\t\t\t\t<\/div>\n\t\t\t\t<div class=\"elementor-element elementor-element-5dc8937 elementor-widget elementor-widget-heading\" data-id=\"5dc8937\" data-element_type=\"widget\" data-e-type=\"widget\" data-widget_type=\"heading.default\">\n\t\t\t\t<div class=\"elementor-widget-container\">\n\t\t\t\t\t<h2 class=\"elementor-heading-title elementor-size-default\">Wir freuen uns \u00fcber dein Interesse an unseren Kursen.<\/h2>\t\t\t\t<\/div>\n\t\t\t\t<\/div>\n\t\t<div class=\"elementor-element elementor-element-ae0c713 e-con-full e-flex e-con e-child\" data-id=\"ae0c713\" data-element_type=\"container\" data-e-type=\"container\" data-settings=\"{&quot;jet_parallax_layout_list&quot;:[]}\">\n\t\t\t\t<div class=\"elementor-element elementor-element-335ad97 elementor-widget elementor-widget-formidable\" data-id=\"335ad97\" data-element_type=\"widget\" data-e-type=\"widget\" data-widget_type=\"formidable.default\">\n\t\t\t\t<div class=\"elementor-widget-container\">\n\t\t\t\t\t<div class=\"frm_forms  with_frm_style frm_style_formidable-style\" id=\"frm_form_3_container\" data-token=\"8d09d403cbbbf77bf2b6cc8c1beee011\">\n<form enctype=\"multipart\/form-data\" method=\"post\" class=\"frm-show-form  frm_pro_form \" id=\"form_interesse-kursbesuch\" data-token=\"8d09d403cbbbf77bf2b6cc8c1beee011\">\n<div class=\"frm_form_fields \">\n<fieldset>\n<legend class=\"frm_screen_reader\">Interesse Kursbesuch<\/legend>\r\n\r\n<div class=\"frm_fields_container\">\n<input type=\"hidden\" name=\"frm_action\" value=\"create\" \/>\n<input type=\"hidden\" name=\"form_id\" value=\"3\" \/>\n<input type=\"hidden\" name=\"frm_hide_fields_3\" id=\"frm_hide_fields_3\" value=\"\" \/>\n<input type=\"hidden\" name=\"form_key\" value=\"interesse-kursbesuch\" \/>\n<input type=\"hidden\" name=\"item_meta[0]\" value=\"\" \/>\n<input type=\"hidden\" id=\"frm_submit_entry_3\" name=\"frm_submit_entry_3\" value=\"8ede2cceae\" \/><input type=\"hidden\" name=\"_wp_http_referer\" value=\"\/ls\/wp-json\/wp\/v2\/pages\/10483\" \/><div id=\"frm_field_80_container\" class=\"frm_form_field form-field  frm_top_container frm4 frm_first vertical_radio\">\r\n\t<div  id=\"field_q15vw_label\" class=\"frm_primary_label\">Welche Kurse interessieren dich?\r\n\t\t<span class=\"frm_required\" aria-hidden=\"true\"><\/span>\r\n\t<\/div>\r\n\t<div class=\"frm_opt_container\" aria-labelledby=\"field_q15vw_label\" role=\"group\">\t\t<div class=\"frm_checkbox\" id=\"frm_checkbox_80-0\">\t\t\t<label  for=\"field_q15vw-0\">\n\t\t\t<input type=\"checkbox\" name=\"item_meta[80][]\" id=\"field_q15vw-0\" value=\"Alphabetisierung\"  data-invmsg=\"Welche Kurse interessieren dich? ist ung\u00fcltig\"   \/> Alphabetisierung<\/label><\/div>\n\t\t<div class=\"frm_checkbox\" id=\"frm_checkbox_80-1\">\t\t\t<label  for=\"field_q15vw-1\">\n\t\t\t<input type=\"checkbox\" name=\"item_meta[80][]\" id=\"field_q15vw-1\" value=\"Arbeiten in der Schweiz\"  data-invmsg=\"Welche Kurse interessieren dich? ist ung\u00fcltig\"   \/> Arbeiten in der Schweiz<\/label><\/div>\n\t\t<div class=\"frm_checkbox\" id=\"frm_checkbox_80-3\">\t\t\t<label  for=\"field_q15vw-3\">\n\t\t\t<input type=\"checkbox\" name=\"item_meta[80][]\" id=\"field_q15vw-3\" value=\"Bildungstreff\"  data-invmsg=\"Welche Kurse interessieren dich? ist ung\u00fcltig\"   \/> Bildungstreff<\/label><\/div>\n\t\t<div class=\"frm_checkbox\" id=\"frm_checkbox_80-4\">\t\t\t<label  for=\"field_q15vw-4\">\n\t\t\t<input type=\"checkbox\" name=\"item_meta[80][]\" id=\"field_q15vw-4\" value=\"Computerkurs\"  data-invmsg=\"Welche Kurse interessieren dich? ist ung\u00fcltig\"   \/> Computerkurs<\/label><\/div>\n<\/div>\r\n\t\r\n\t\r\n<\/div>\n<div id=\"frm_field_81_container\" class=\"frm_form_field form-field  frm_top_container frm4 vertical_radio\">\r\n\t<div  id=\"field_w7b7e_label\" class=\"frm_primary_label\">\r\n\t\t<span class=\"frm_required\" aria-hidden=\"true\"><\/span>\r\n\t<\/div>\r\n\t<div class=\"frm_opt_container\" aria-labelledby=\"field_w7b7e_label\" role=\"group\">\t\t<div class=\"frm_checkbox\" id=\"frm_checkbox_81-0\">\t\t\t<label  for=\"field_w7b7e-0\">\n\t\t\t<input type=\"checkbox\" name=\"item_meta[81][]\" id=\"field_w7b7e-0\" value=\"Fahrtheoriekurs\"  data-invmsg=\"This field ist ung\u00fcltig\"   \/> Fahrtheoriekurs<\/label><\/div>\n\t\t<div class=\"frm_checkbox\" id=\"frm_checkbox_81-1\">\t\t\t<label  for=\"field_w7b7e-1\">\n\t\t\t<input type=\"checkbox\" name=\"item_meta[81][]\" id=\"field_w7b7e-1\" value=\"fide-Deutschtest\"  data-invmsg=\"This field ist ung\u00fcltig\"   \/> fide-Deutschtest<\/label><\/div>\n\t\t<div class=\"frm_checkbox\" id=\"frm_checkbox_81-2\">\t\t\t<label  for=\"field_w7b7e-2\">\n\t\t\t<input type=\"checkbox\" name=\"item_meta[81][]\" id=\"field_w7b7e-2\" value=\"Geb\u00e4rdensprachzertifikat\"  data-invmsg=\"This field ist ung\u00fcltig\"   \/> Geb\u00e4rdensprachzertifikat<\/label><\/div>\n\t\t<div class=\"frm_checkbox\" id=\"frm_checkbox_81-3\">\t\t\t<label  for=\"field_w7b7e-3\">\n\t\t\t<input type=\"checkbox\" name=\"item_meta[81][]\" id=\"field_w7b7e-3\" value=\"Input &amp; Sprache\"  data-invmsg=\"This field ist ung\u00fcltig\"   \/> Input &amp; Sprache<\/label><\/div>\n<\/div>\r\n\t\r\n\t\r\n<\/div>\n<div id=\"frm_field_82_container\" class=\"frm_form_field form-field  frm_top_container frm4 vertical_radio\">\r\n\t<div  id=\"field_fd7r3_label\" class=\"frm_primary_label\">\r\n\t\t<span class=\"frm_required\" aria-hidden=\"true\"><\/span>\r\n\t<\/div>\r\n\t<div class=\"frm_opt_container\" aria-labelledby=\"field_fd7r3_label\" role=\"group\">\t\t<div class=\"frm_checkbox\" id=\"frm_checkbox_82-3\">\t\t\t<label  for=\"field_fd7r3-3\">\n\t\t\t<input type=\"checkbox\" name=\"item_meta[82][]\" id=\"field_fd7r3-3\" value=\"Individuelle Weiterbildung\"  data-invmsg=\"This field ist ung\u00fcltig\"   \/> Individuelle Weiterbildung<\/label><\/div>\n\t\t<div class=\"frm_checkbox\" id=\"frm_checkbox_82-1\">\t\t\t<label  for=\"field_fd7r3-1\">\n\t\t\t<input type=\"checkbox\" name=\"item_meta[82][]\" id=\"field_fd7r3-1\" value=\"Sprach\/Orientierungskurs (Basel |Bern |St. Gallen)\"  data-invmsg=\"This field ist ung\u00fcltig\"   \/> Sprach\/Orientierungskurs (Basel |Bern |St. Gallen)<\/label><\/div>\n\t\t<div class=\"frm_checkbox\" id=\"frm_checkbox_82-2\">\t\t\t<label  for=\"field_fd7r3-2\">\n\t\t\t<input type=\"checkbox\" name=\"item_meta[82][]\" id=\"field_fd7r3-2\" value=\"Sprachf\u00f6rderung A1\/A2 und A2\/B1\"  data-invmsg=\"This field ist ung\u00fcltig\"   \/> Sprachf\u00f6rderung A1\/A2 und A2\/B1<\/label><\/div>\n\t\t<div class=\"frm_checkbox\" id=\"frm_checkbox_82-0\">\t\t\t<label  for=\"field_fd7r3-0\">\n\t\t\t<input type=\"checkbox\" name=\"item_meta[82][]\" id=\"field_fd7r3-0\" value=\"Zusatzangebot Lernwerkstatt\"  data-invmsg=\"This field ist ung\u00fcltig\"   \/> Zusatzangebot Lernwerkstatt<\/label><\/div>\n<\/div>\r\n\t\r\n\t\r\n<\/div>\n<div id=\"frm_field_35_container\" class=\"frm_form_field form-field  frm_required_field frm_top_container frm12 frm_first\">\r\n\t<label for=\"field_zo403\" id=\"field_zo403_label\" class=\"frm_primary_label\">Anrede\r\n\t\t<span class=\"frm_required\" aria-hidden=\"true\">*<\/span>\r\n\t<\/label>\r\n\t\t\t<select name=\"item_meta[35]\" id=\"field_zo403\"  data-frmval=\"Frau\" data-reqmsg=\"Anrede kann nicht leer sein.\" aria-required=\"true\" data-invmsg=\"Anrede ist ung\u00fcltig\" aria-invalid=\"false\"  >\n\t\t<option  value=\"Frau\" selected='selected'>Frau<\/option><option  value=\"Herr\">Herr<\/option>\t<\/select>\n\t\r\n\t\r\n\t\r\n<\/div>\n<div id=\"frm_field_38_container\" class=\"frm_form_field form-field  frm_required_field frm_top_container frm6 frm_first\">\r\n\t<label for=\"field_dqmom\" id=\"field_dqmom_label\" class=\"frm_primary_label\">Vorname\r\n\t\t<span class=\"frm_required\" aria-hidden=\"true\">*<\/span>\r\n\t<\/label>\r\n\t<input  type=\"text\" id=\"field_dqmom\" name=\"item_meta[38]\" value=\"\"  data-reqmsg=\"Vorname kann nicht leer sein.\" aria-required=\"true\" data-invmsg=\"Vorname ist ung\u00fcltig\" aria-invalid=\"false\"   \/>\r\n\t\r\n\t\r\n<\/div>\n<div id=\"frm_field_208_container\" class=\"frm_form_field form-field  frm_required_field frm_top_container frm6\">\r\n\t<label for=\"field_la056\" id=\"field_la056_label\" class=\"frm_primary_label\">Nachname\r\n\t\t<span class=\"frm_required\" aria-hidden=\"true\">*<\/span>\r\n\t<\/label>\r\n\t<input  type=\"text\" id=\"field_la056\" name=\"item_meta[208]\" value=\"\"  data-reqmsg=\"Nachname kann nicht leer sein.\" aria-required=\"true\" data-invmsg=\"Nachname ist ung\u00fcltig\" aria-invalid=\"false\"   \/>\r\n\t\r\n\t\r\n<\/div>\n<div id=\"frm_field_207_container\" class=\"frm_form_field form-field  frm_required_field frm_top_container frm12 frm_first\">\r\n\t<label for=\"field_973oh\" id=\"field_973oh_label\" class=\"frm_primary_label\">Strasse und Hausnummer\r\n\t\t<span class=\"frm_required\" aria-hidden=\"true\">*<\/span>\r\n\t<\/label>\r\n\t<input  type=\"text\" id=\"field_973oh\" name=\"item_meta[207]\" value=\"\"  data-reqmsg=\"Strasse und Hausnummer kann nicht leer sein.\" aria-required=\"true\" data-invmsg=\"Strasse und Hausnummer ist ung\u00fcltig\" aria-invalid=\"false\"   \/>\r\n\t\r\n\t\r\n<\/div>\n<div id=\"frm_field_41_container\" class=\"frm_form_field form-field  frm_required_field frm_top_container frm12 frm_first\">\r\n\t<label for=\"field_7vebx\" id=\"field_7vebx_label\" class=\"frm_primary_label\">PLZ\r\n\t\t<span class=\"frm_required\" aria-hidden=\"true\">*<\/span>\r\n\t<\/label>\r\n\t<input  type=\"text\" id=\"field_7vebx\" name=\"item_meta[41]\" value=\"\"  data-reqmsg=\"PLZ kann nicht leer sein.\" aria-required=\"true\" data-invmsg=\"PLZ ist ung\u00fcltig\" aria-invalid=\"false\"   \/>\r\n\t\r\n\t\r\n<\/div>\n<div id=\"frm_field_40_container\" class=\"frm_form_field form-field  frm_required_field frm_top_container frm12 frm_first\">\r\n\t<label for=\"field_gqloj\" id=\"field_gqloj_label\" class=\"frm_primary_label\">Ort\r\n\t\t<span class=\"frm_required\" aria-hidden=\"true\">*<\/span>\r\n\t<\/label>\r\n\t<input  type=\"text\" id=\"field_gqloj\" name=\"item_meta[40]\" value=\"\"  data-reqmsg=\"Ort kann nicht leer sein.\" aria-required=\"true\" data-invmsg=\"Ort ist ung\u00fcltig\" aria-invalid=\"false\"   \/>\r\n\t\r\n\t\r\n<\/div>\n<div id=\"frm_field_39_container\" class=\"frm_form_field form-field  frm_required_field frm_top_container frm12 frm_first\">\r\n\t<label for=\"field_y68sb\" id=\"field_y68sb_label\" class=\"frm_primary_label\">E-Mail\r\n\t\t<span class=\"frm_required\" aria-hidden=\"true\">*<\/span>\r\n\t<\/label>\r\n\t<input type=\"email\" id=\"field_y68sb\" name=\"item_meta[39]\" value=\"\"  autocomplete=\"email\"  data-reqmsg=\"E-Mail kann nicht leer sein.\" aria-required=\"true\" data-invmsg=\"E-Mail ist ung\u00fcltig\" aria-invalid=\"false\"  \/>\r\n\t\r\n\t\r\n<\/div>\n<div id=\"frm_field_61_container\" class=\"frm_form_field form-field  frm_top_container frm12 frm_first\">\r\n\t<label for=\"field_tb5om\" id=\"field_tb5om_label\" class=\"frm_primary_label\">Handynummer\r\n\t\t<span class=\"frm_required\" aria-hidden=\"true\"><\/span>\r\n\t<\/label>\r\n\t<input  type=\"text\" id=\"field_tb5om\" name=\"item_meta[61]\" value=\"\"  data-invmsg=\"Handynummer ist ung\u00fcltig\" aria-invalid=\"false\"   \/>\r\n\t\r\n\t\r\n<\/div>\n<div id=\"frm_field_44_container\" class=\"frm_form_field form-field  frm_required_field frm_top_container\">\r\n\t<label for=\"field_ht77d\" id=\"field_ht77d_label\" class=\"frm_primary_label\">Geburtsdatum\r\n\t\t<span class=\"frm_required\" aria-hidden=\"true\">*<\/span>\r\n\t<\/label>\r\n\t<input  type=\"text\" id=\"field_ht77d\" name=\"item_meta[44]\" value=\"\"  data-reqmsg=\"Geburtsdatum kann nicht leer sein.\" aria-required=\"true\" data-invmsg=\"Geburtsdatum ist ung\u00fcltig\" aria-invalid=\"false\"   \/>\r\n\t\r\n\t\r\n<\/div>\n<div id=\"frm_field_42_container\" class=\"frm_form_field form-field  frm_top_container frm6 frm_first\">\r\n\t<label for=\"field_fmo4h\" id=\"field_fmo4h_label\" class=\"frm_primary_label\">Aus welchem Land kommst du?\r\n\t\t<span class=\"frm_required\" aria-hidden=\"true\"><\/span>\r\n\t<\/label>\r\n\t<input  type=\"text\" id=\"field_fmo4h\" name=\"item_meta[42]\" value=\"\"  data-invmsg=\"Aus welchem Land kommst du? ist ung\u00fcltig\" aria-invalid=\"false\"   \/>\r\n\t\r\n\t\r\n<\/div>\n<div id=\"frm_field_43_container\" class=\"frm_form_field form-field  frm_required_field frm_top_container frm6\">\r\n\t<label for=\"field_662g6\" id=\"field_662g6_label\" class=\"frm_primary_label\">H\u00f6rstatus\r\n\t\t<span class=\"frm_required\" aria-hidden=\"true\">*<\/span>\r\n\t<\/label>\r\n\t\t\t<select name=\"item_meta[43]\" id=\"field_662g6\"  data-frmval=\"Geh\u00f6rlos\" data-reqmsg=\"H\u00f6rstatus kann nicht leer sein.\" aria-required=\"true\" data-invmsg=\"H\u00f6rstatus ist ung\u00fcltig\" aria-invalid=\"false\"  >\n\t\t<option  value=\"Geh\u00f6rlos\" selected='selected'>Geh\u00f6rlos<\/option><option  value=\"Schwerh\u00f6rig\">Schwerh\u00f6rig<\/option><option  value=\"H\u00f6rend\">H\u00f6rend<\/option>\t<\/select>\n\t\r\n\t\r\n\t\r\n<\/div>\n<div id=\"frm_field_45_container\" class=\"frm_form_field form-field  frm_top_container frm12 frm_first\">\r\n\t<label for=\"field_2taws\" id=\"field_2taws_label\" class=\"frm_primary_label\">M\u00f6chtest du uns noch etwas mitteilen? Hier hast du die M\u00f6glichkeit\r\n\t\t<span class=\"frm_required\" aria-hidden=\"true\"><\/span>\r\n\t<\/label>\r\n\t<textarea name=\"item_meta[45]\" id=\"field_2taws\" rows=\"5\"  data-invmsg=\"M\u00f6chtest du uns noch etwas mitteilen? Hier hast du die M\u00f6glichkeit ist ung\u00fcltig\" aria-invalid=\"false\"  ><\/textarea>\r\n\t\r\n\t\r\n<\/div>\n<div id=\"frm_field_46_container\" class=\"frm_form_field form-field  frm_required_field frm_top_container vertical_radio\">\r\n\t<div  id=\"field_7oin0_label\" class=\"frm_primary_label\">\r\n\t\t<span class=\"frm_required\" aria-hidden=\"true\">*<\/span>\r\n\t<\/div>\r\n\t<div class=\"frm_opt_container\" aria-labelledby=\"field_7oin0_label\" role=\"group\">\t\t<div class=\"frm_checkbox\" id=\"frm_checkbox_46-1\">\t\t\t<label  for=\"field_7oin0-1\">\n\t\t\t<input type=\"checkbox\" name=\"item_meta[46][]\" id=\"field_7oin0-1\" value=\"Ich habe die &lt;a href=&quot;https:\/\/dima-glz.ch\/wp-content\/uploads\/2025\/08\/AGB_DIIMA_2025.pdf&quot; target=&quot;_blank&quot;&gt;DIMA AGB&#039;s&lt;\/a&gt; gelesen und verstanden.&lt;\/p&gt;\"  data-reqmsg=\"This field kann nicht leer sein.\" data-invmsg=\"This field ist ung\u00fcltig\"   aria-required=\"true\"  \/> Ich habe die <a href=\"https:\/\/dima-glz.ch\/wp-content\/uploads\/2025\/08\/AGB_DIIMA_2025.pdf\" target=\"_blank\">DIMA AGB's<\/a> gelesen und verstanden.<\/p><\/label><\/div>\n<\/div>\r\n\t\r\n\t\r\n<\/div>\n<div id=\"frm_field_215_container\" class=\"frm_form_field form-field  frm_required_field frm_top_container vertical_radio\">\r\n\t<div  id=\"field_71siz_label\" class=\"frm_primary_label\">\r\n\t\t<span class=\"frm_required\" aria-hidden=\"true\">*<\/span>\r\n\t<\/div>\r\n\t<div class=\"frm_opt_container\" aria-labelledby=\"field_71siz_label\" role=\"group\">\t\t<div class=\"frm_checkbox\" id=\"frm_checkbox_215-1\">\t\t\t<label  for=\"field_71siz-1\">\n\t\t\t<input type=\"checkbox\" name=\"item_meta[215][]\" id=\"field_71siz-1\" value=\"Ich stimme zu, dass meine Angaben aus dem Kontaktformular zur Beantwortung meiner Anfrage gem\u00e4ss der &lt;a href=&quot;https:\/\/dima-glz.ch\/wp-admin\/admin.php?page=formidable&amp;frm_action=edit&amp;id=5&quot; target=&quot;_blank&quot;&gt;Datenschutzerkl\u00e4rung&lt;\/a&gt; erhoben und verarbeitet werden.&lt;\/p&gt;\"  data-reqmsg=\"This field kann nicht leer sein.\" data-invmsg=\"This field ist ung\u00fcltig\"   aria-required=\"true\"  \/> Ich stimme zu, dass meine Angaben aus dem Kontaktformular zur Beantwortung meiner Anfrage gem\u00e4ss der <a href=\"https:\/\/dima-glz.ch\/wp-admin\/admin.php?page=formidable&amp;frm_action=edit&amp;id=5\" target=\"_blank\">Datenschutzerkl\u00e4rung<\/a> erhoben und verarbeitet werden.<\/p><\/label><\/div>\n<\/div>\r\n\t\r\n\t\r\n<\/div>\n<div id=\"frm_field_33_container\" class=\"frm_form_field form-field  frm12 frm_first\">\r\n\t<div class=\"frm_submit frm_flex\">\r\n<button class=\"frm_button_submit frm_final_submit\" type=\"submit\"   formnovalidate=\"formnovalidate\">Senden<\/button>\r\n\r\n\r\n\r\n<\/div>\r\n<\/div>\n\t<input type=\"hidden\" name=\"item_key\" value=\"\" \/>\n\t\t\t<div id=\"frm_field_287_container\">\n\t\t\t<label for=\"field_itg71\" >\n\t\t\t\tIf you are human, leave this field blank.\t\t\t<\/label>\n\t\t\t<input  id=\"field_itg71\" type=\"text\" class=\"frm_form_field form-field frm_verify\" name=\"item_meta[287]\" value=\"\"  \/>\n\t\t<\/div>\n\t\t<input name=\"frm_state\" type=\"hidden\" value=\"O6I1oHOdb9tjHMefxWX6rO\/J6\/cTShZXNq0BWtmx9xMR02m1f1B7KeiCBWQKAgQl\" \/><\/div>\n<\/fieldset>\n<\/div>\n\n<\/form>\n<\/div>\n\t\t\t\t<\/div>\n\t\t\t\t<\/div>\n\t\t\t\t<\/div>\n\t\t\t\t\t<\/div>\n\t\t\t\t<\/div>\n\t\t\t\t<\/div>\n\t\t","protected":false},"excerpt":{"rendered":"<p>Wir freuen uns \u00fcber dein Interesse an unseren Kursen. Interesse Kursbesuch Welche Kurse interessieren dich? Alphabetisierung Arbeiten in der Schweiz Bildungstreff Computerkurs Fahrtheoriekurs fide-Deutschtest Geb\u00e4rdensprachzertifikat Input &amp; Sprache Individuelle Weiterbildung Sprach\/Orientierungskurs (Basel |Bern |St. Gallen) Sprachf\u00f6rderung A1\/A2 und A2\/B1 Zusatzangebot Lernwerkstatt Anrede * FrauHerr Vorname * Nachname * Strasse und Hausnummer * PLZ * Ort [&hellip;]<\/p>\n","protected":false},"author":3,"featured_media":0,"parent":0,"menu_order":0,"comment_status":"closed","ping_status":"closed","template":"","meta":{"footnotes":""},"class_list":["post-10483","page","type-page","status-publish","hentry"],"_links":{"self":[{"href":"https:\/\/dima-glz.ch\/ls\/wp-json\/wp\/v2\/pages\/10483","targetHints":{"allow":["GET"]}}],"collection":[{"href":"https:\/\/dima-glz.ch\/ls\/wp-json\/wp\/v2\/pages"}],"about":[{"href":"https:\/\/dima-glz.ch\/ls\/wp-json\/wp\/v2\/types\/page"}],"author":[{"embeddable":true,"href":"https:\/\/dima-glz.ch\/ls\/wp-json\/wp\/v2\/users\/3"}],"replies":[{"embeddable":true,"href":"https:\/\/dima-glz.ch\/ls\/wp-json\/wp\/v2\/comments?post=10483"}],"version-history":[{"count":0,"href":"https:\/\/dima-glz.ch\/ls\/wp-json\/wp\/v2\/pages\/10483\/revisions"}],"wp:attachment":[{"href":"https:\/\/dima-glz.ch\/ls\/wp-json\/wp\/v2\/media?parent=10483"}],"curies":[{"name":"wp","href":"https:\/\/api.w.org\/{rel}","templated":true}]}}