{"id":11546,"date":"2025-05-18T18:30:40","date_gmt":"2025-05-18T16:30:40","guid":{"rendered":"https:\/\/dima-glz.ch\/?page_id=11546"},"modified":"2025-05-18T18:33:17","modified_gmt":"2025-05-18T16:33:17","slug":"anfrage-workshop","status":"publish","type":"page","link":"https:\/\/dima-glz.ch\/ls\/anfrage-workshop\/","title":{"rendered":"Anfrage Workshop"},"content":{"rendered":"\t\t<div data-elementor-type=\"wp-page\" data-elementor-id=\"11546\" class=\"elementor elementor-11546\" data-elementor-post-type=\"page\">\n\t\t\t\t<div class=\"elementor-element elementor-element-1923e6a e-flex e-con-boxed e-con e-parent\" data-id=\"1923e6a\" data-element_type=\"container\" data-e-type=\"container\" data-settings=\"{&quot;jet_parallax_layout_list&quot;:[]}\">\n\t\t\t\t\t<div class=\"e-con-inner\">\n\t\t\t\t<div class=\"elementor-element elementor-element-cea9ff4 elementor-widget elementor-widget-spacer\" data-id=\"cea9ff4\" data-element_type=\"widget\" data-e-type=\"widget\" data-widget_type=\"spacer.default\">\n\t\t\t\t<div class=\"elementor-widget-container\">\n\t\t\t\t\t\t\t<div class=\"elementor-spacer\">\n\t\t\t<div class=\"elementor-spacer-inner\"><\/div>\n\t\t<\/div>\n\t\t\t\t\t\t<\/div>\n\t\t\t\t<\/div>\n\t\t\t\t<div class=\"elementor-element elementor-element-d217226 elementor-widget elementor-widget-heading\" data-id=\"d217226\" data-element_type=\"widget\" data-e-type=\"widget\" data-widget_type=\"heading.default\">\n\t\t\t\t<div class=\"elementor-widget-container\">\n\t\t\t\t\t<h2 class=\"elementor-heading-title elementor-size-default\">Anfrage Workshop | Sensibilisierungsanlass<\/h2>\t\t\t\t<\/div>\n\t\t\t\t<\/div>\n\t\t\t\t<div class=\"elementor-element elementor-element-962a374 elementor-widget elementor-widget-formidable\" data-id=\"962a374\" data-element_type=\"widget\" data-e-type=\"widget\" data-widget_type=\"formidable.default\">\n\t\t\t\t<div class=\"elementor-widget-container\">\n\t\t\t\t\t<div class=\"frm_forms  with_frm_style frm_style_formidable-style\" id=\"frm_form_7_container\" data-token=\"8d09d403cbbbf77bf2b6cc8c1beee011\">\n<form enctype=\"multipart\/form-data\" method=\"post\" class=\"frm-show-form  frm_pro_form \" id=\"form_interesse-workshop\" data-token=\"8d09d403cbbbf77bf2b6cc8c1beee011\">\n<div class=\"frm_form_fields \">\n<fieldset>\n<legend class=\"frm_screen_reader\">Interesse Workshop \/ Sensibilisierungsanlass<\/legend>\r\n\r\n<div class=\"frm_fields_container\">\n<input type=\"hidden\" name=\"frm_action\" value=\"create\" \/>\n<input type=\"hidden\" name=\"form_id\" value=\"7\" \/>\n<input type=\"hidden\" name=\"frm_hide_fields_7\" id=\"frm_hide_fields_7\" value=\"\" \/>\n<input type=\"hidden\" name=\"form_key\" value=\"interesse-workshop\" \/>\n<input type=\"hidden\" name=\"item_meta[0]\" value=\"\" \/>\n<input type=\"hidden\" id=\"frm_submit_entry_7\" name=\"frm_submit_entry_7\" value=\"8ede2cceae\" \/><input type=\"hidden\" name=\"_wp_http_referer\" value=\"\/ls\/wp-json\/wp\/v2\/pages\/11546\" \/><div id=\"frm_field_109_container\" class=\"frm_form_field form-field  frm_top_container frm12 frm_first vertical_radio\">\r\n\t<div  id=\"field_q15vw2_label\" class=\"frm_primary_label\">Welcher Workshop interessiert dich?\r\n\t\t<span class=\"frm_required\" aria-hidden=\"true\"><\/span>\r\n\t<\/div>\r\n\t<div class=\"frm_opt_container\" aria-labelledby=\"field_q15vw2_label\" role=\"group\">\t\t<div class=\"frm_checkbox\" id=\"frm_checkbox_109-0\">\t\t\t<label  for=\"field_q15vw2-0\">\n\t\t\t<input type=\"checkbox\" name=\"item_meta[109][]\" id=\"field_q15vw2-0\" value=\"F\u00fcr Teams und HR-Fachpersonen\"  data-invmsg=\"Welcher Workshop interessiert dich? ist ung\u00fcltig\"   \/> F\u00fcr Teams und HR-Fachpersonen<\/label><\/div>\n\t\t<div class=\"frm_checkbox\" id=\"frm_checkbox_109-2\">\t\t\t<label  for=\"field_q15vw2-2\">\n\t\t\t<input type=\"checkbox\" name=\"item_meta[109][]\" id=\"field_q15vw2-2\" value=\"F\u00fcr Gemeinden | Sozialamt | AFA\"  data-invmsg=\"Welcher Workshop interessiert dich? ist ung\u00fcltig\"   \/> F\u00fcr Gemeinden | Sozialamt | AFA<\/label><\/div>\n\t\t<div class=\"frm_checkbox\" id=\"frm_checkbox_109-3\">\t\t\t<label  for=\"field_q15vw2-3\">\n\t\t\t<input type=\"checkbox\" name=\"item_meta[109][]\" id=\"field_q15vw2-3\" value=\"F\u00fcr Unternehmen &amp; Organisationen\"  data-invmsg=\"Welcher Workshop interessiert dich? ist ung\u00fcltig\"   \/> F\u00fcr Unternehmen &amp; Organisationen<\/label><\/div>\n\t\t<div class=\"frm_checkbox\" id=\"frm_checkbox_109-1\">\t\t\t<label  for=\"field_q15vw2-1\">\n\t\t\t<input type=\"checkbox\" name=\"item_meta[109][]\" id=\"field_q15vw2-1\" value=\"F\u00fcr Interessierte\"  data-invmsg=\"Welcher Workshop interessiert dich? ist ung\u00fcltig\"   \/> F\u00fcr Interessierte<\/label><\/div>\n<\/div>\r\n\t\r\n\t\r\n<\/div>\n<div id=\"frm_field_113_container\" class=\"frm_form_field form-field  frm_required_field frm_top_container frm12 frm_first\">\r\n\t<label for=\"field_a1aip3\" id=\"field_a1aip3_label\" class=\"frm_primary_label\">Name Organisation | Unternehmen\r\n\t\t<span class=\"frm_required\" aria-hidden=\"true\">*<\/span>\r\n\t<\/label>\r\n\t<input  type=\"text\" id=\"field_a1aip3\" name=\"item_meta[113]\" value=\"\"  data-reqmsg=\"Name Organisation | Unternehmen kann nicht leer sein.\" aria-required=\"true\" data-invmsg=\"Name Organisation | Unternehmen ist ung\u00fcltig\" aria-invalid=\"false\"   \/>\r\n\t\r\n\t\r\n<\/div>\n<div id=\"frm_field_112_container\" class=\"frm_form_field form-field  frm_required_field frm_top_container frm12 frm_first\">\r\n\t<label for=\"field_zo4033\" id=\"field_zo4033_label\" class=\"frm_primary_label\">Anrede\r\n\t\t<span class=\"frm_required\" aria-hidden=\"true\">*<\/span>\r\n\t<\/label>\r\n\t\t\t<select name=\"item_meta[112]\" id=\"field_zo4033\"  data-frmval=\"Frau\" data-reqmsg=\"Anrede kann nicht leer sein.\" aria-required=\"true\" data-invmsg=\"Anrede ist ung\u00fcltig\" aria-invalid=\"false\"  >\n\t\t<option  value=\"Frau\" selected='selected'>Frau<\/option><option  value=\"Herr\">Herr<\/option>\t<\/select>\n\t\r\n\t\r\n\t\r\n<\/div>\n<div id=\"frm_field_126_container\" class=\"frm_form_field form-field  frm_required_field frm_top_container frm12 frm_first\">\r\n\t<label for=\"field_pl6bh\" id=\"field_pl6bh_label\" class=\"frm_primary_label\">Vorname\r\n\t\t<span class=\"frm_required\" aria-hidden=\"true\">*<\/span>\r\n\t<\/label>\r\n\t<input  type=\"text\" id=\"field_pl6bh\" name=\"item_meta[126]\" value=\"\"  data-reqmsg=\"Vorname kann nicht leer sein.\" aria-required=\"true\" data-invmsg=\"Vorname ist ung\u00fcltig\" aria-invalid=\"false\"   \/>\r\n\t\r\n\t\r\n<\/div>\n<div id=\"frm_field_114_container\" class=\"frm_form_field form-field  frm_required_field frm_top_container frm12 frm_first\">\r\n\t<label for=\"field_yf1ow3\" id=\"field_yf1ow3_label\" class=\"frm_primary_label\">Nachname\r\n\t\t<span class=\"frm_required\" aria-hidden=\"true\">*<\/span>\r\n\t<\/label>\r\n\t<input  type=\"text\" id=\"field_yf1ow3\" name=\"item_meta[114]\" value=\"\"  data-reqmsg=\"Nachname kann nicht leer sein.\" aria-required=\"true\" data-invmsg=\"Nachname ist ung\u00fcltig\" aria-invalid=\"false\"   \/>\r\n\t\r\n\t\r\n<\/div>\n<div id=\"frm_field_116_container\" class=\"frm_form_field form-field  frm_required_field frm_top_container frm12 frm_first\">\r\n\t<label for=\"field_dqmom3\" id=\"field_dqmom3_label\" class=\"frm_primary_label\">Strasse und Hausnummer\r\n\t\t<span class=\"frm_required\" aria-hidden=\"true\">*<\/span>\r\n\t<\/label>\r\n\t<input  type=\"text\" id=\"field_dqmom3\" name=\"item_meta[116]\" value=\"\"  data-reqmsg=\"Strasse und Hausnummer kann nicht leer sein.\" aria-required=\"true\" data-invmsg=\"Strasse und Hausnummer ist ung\u00fcltig\" aria-invalid=\"false\"   \/>\r\n\t\r\n\t\r\n<\/div>\n<div id=\"frm_field_115_container\" class=\"frm_form_field form-field  frm_required_field frm_top_container frm12 frm_first\">\r\n\t<label for=\"field_7vebx3\" id=\"field_7vebx3_label\" class=\"frm_primary_label\">PLZ\r\n\t\t<span class=\"frm_required\" aria-hidden=\"true\">*<\/span>\r\n\t<\/label>\r\n\t<input  type=\"text\" id=\"field_7vebx3\" name=\"item_meta[115]\" value=\"\"  data-reqmsg=\"PLZ kann nicht leer sein.\" aria-required=\"true\" data-invmsg=\"PLZ ist ung\u00fcltig\" aria-invalid=\"false\"   \/>\r\n\t\r\n\t\r\n<\/div>\n<div id=\"frm_field_118_container\" class=\"frm_form_field form-field  frm_required_field frm_top_container frm12 frm_first\">\r\n\t<label for=\"field_gqloj3\" id=\"field_gqloj3_label\" class=\"frm_primary_label\">Ort\r\n\t\t<span class=\"frm_required\" aria-hidden=\"true\">*<\/span>\r\n\t<\/label>\r\n\t<input  type=\"text\" id=\"field_gqloj3\" name=\"item_meta[118]\" value=\"\"  data-reqmsg=\"Ort kann nicht leer sein.\" aria-required=\"true\" data-invmsg=\"Ort ist ung\u00fcltig\" aria-invalid=\"false\"   \/>\r\n\t\r\n\t\r\n<\/div>\n<div id=\"frm_field_119_container\" class=\"frm_form_field form-field  frm_required_field frm_top_container frm12 frm_first\">\r\n\t<label for=\"field_y68sb3\" id=\"field_y68sb3_label\" class=\"frm_primary_label\">E-Mail\r\n\t\t<span class=\"frm_required\" aria-hidden=\"true\">*<\/span>\r\n\t<\/label>\r\n\t<input type=\"email\" id=\"field_y68sb3\" name=\"item_meta[119]\" value=\"\"  autocomplete=\"email\"  data-reqmsg=\"E-Mail kann nicht leer sein.\" aria-required=\"true\" data-invmsg=\"E-Mail ist ung\u00fcltig\" aria-invalid=\"false\"  \/>\r\n\t\r\n\t\r\n<\/div>\n<div id=\"frm_field_123_container\" class=\"frm_form_field form-field  frm_top_container frm12 frm_first\">\r\n\t<label for=\"field_2taws2\" id=\"field_2taws2_label\" class=\"frm_primary_label\">F\u00fcr welchen Anlass m\u00f6chtest du einen Workshop buchen?\r\n\t\t<span class=\"frm_required\" aria-hidden=\"true\"><\/span>\r\n\t<\/label>\r\n\t<textarea name=\"item_meta[123]\" id=\"field_2taws2\" rows=\"5\"  data-invmsg=\"F\u00fcr welchen Anlass m\u00f6chtest du einen Workshop buchen? ist ung\u00fcltig\" aria-invalid=\"false\"  ><\/textarea>\r\n\t\r\n\t\r\n<\/div>\n<div id=\"frm_field_127_container\" class=\"frm_form_field form-field  frm_required_field frm_top_container frm12 frm_first\">\r\n\t<label for=\"field_9nwzt\" id=\"field_9nwzt_label\" class=\"frm_primary_label\">Wieviele Personen nehmen am Workshop teil?\r\n\t\t<span class=\"frm_required\" aria-hidden=\"true\">*<\/span>\r\n\t<\/label>\r\n\t<input  type=\"text\" id=\"field_9nwzt\" name=\"item_meta[127]\" value=\"\"  data-reqmsg=\"Wieviele Personen nehmen am Workshop teil? kann nicht leer sein.\" aria-required=\"true\" data-invmsg=\"Wieviele Personen nehmen am Workshop teil? ist ung\u00fcltig\" aria-invalid=\"false\"   \/>\r\n\t\r\n\t\r\n<\/div>\n<div id=\"frm_field_124_container\" class=\"frm_form_field form-field  frm_required_field frm_top_container vertical_radio\">\r\n\t<div  id=\"field_7oin03_label\" class=\"frm_primary_label\">\r\n\t\t<span class=\"frm_required\" aria-hidden=\"true\">*<\/span>\r\n\t<\/div>\r\n\t<div class=\"frm_opt_container\" aria-labelledby=\"field_7oin03_label\" role=\"group\">\t\t<div class=\"frm_checkbox\" id=\"frm_checkbox_124-1\">\t\t\t<label  for=\"field_7oin03-1\">\n\t\t\t<input type=\"checkbox\" name=\"item_meta[124][]\" id=\"field_7oin03-1\" value=\"Ich habe die &lt;a href=&quot;https:\/\/dima-glz.ch\/wp-content\/uploads\/2025\/08\/AGB_DIIMA_2025.pdf&quot; target=&quot;_blank&quot;&gt;DIMA AGB&#039;s&lt;\/a&gt; gelesen und verstanden.&lt;\/p&gt;\"  data-reqmsg=\"This field kann nicht leer sein.\" data-invmsg=\"This field ist ung\u00fcltig\"   aria-required=\"true\"  \/> Ich habe die <a href=\"https:\/\/dima-glz.ch\/wp-content\/uploads\/2025\/08\/AGB_DIIMA_2025.pdf\" target=\"_blank\">DIMA AGB's<\/a> gelesen und verstanden.<\/p><\/label><\/div>\n<\/div>\r\n\t\r\n\t\r\n<\/div>\n<div id=\"frm_field_216_container\" class=\"frm_form_field form-field  frm_required_field frm_top_container vertical_radio\">\r\n\t<div  id=\"field_wllkg_label\" class=\"frm_primary_label\">\r\n\t\t<span class=\"frm_required\" aria-hidden=\"true\">*<\/span>\r\n\t<\/div>\r\n\t<div class=\"frm_opt_container\" aria-labelledby=\"field_wllkg_label\" role=\"group\">\t\t<div class=\"frm_checkbox\" id=\"frm_checkbox_216-1\">\t\t\t<label  for=\"field_wllkg-1\">\n\t\t\t<input type=\"checkbox\" name=\"item_meta[216][]\" id=\"field_wllkg-1\" value=\"Ich stimme zu, dass meine Angaben aus dem Kontaktformular zur Beantwortung meiner Anfrage gem\u00e4ss der &lt;a href=&quot;https:\/\/dima-glz.ch\/wp-admin\/admin.php?page=formidable&amp;frm_action=edit&amp;id=5&quot; target=&quot;_blank&quot;&gt;Datenschutzerkl\u00e4rung&lt;\/a&gt; erhoben und verarbeitet werden.&lt;\/p&gt;\"  data-reqmsg=\"This field kann nicht leer sein.\" data-invmsg=\"This field ist ung\u00fcltig\"   aria-required=\"true\"  \/> Ich stimme zu, dass meine Angaben aus dem Kontaktformular zur Beantwortung meiner Anfrage gem\u00e4ss der <a href=\"https:\/\/dima-glz.ch\/wp-admin\/admin.php?page=formidable&amp;frm_action=edit&amp;id=5\" target=\"_blank\">Datenschutzerkl\u00e4rung<\/a> erhoben und verarbeitet werden.<\/p><\/label><\/div>\n<\/div>\r\n\t\r\n\t\r\n<\/div>\n<div id=\"frm_field_125_container\" class=\"frm_form_field form-field  frm12 frm_first\">\r\n\t<div class=\"frm_submit frm_flex\">\r\n<button class=\"frm_button_submit frm_final_submit\" type=\"submit\"   formnovalidate=\"formnovalidate\">Senden<\/button>\r\n\r\n\r\n\r\n<\/div>\r\n<\/div>\n\t<input type=\"hidden\" name=\"item_key\" value=\"\" \/>\n\t\t\t<div id=\"frm_field_287_container\">\n\t\t\t<label for=\"field_yo74f\" >\n\t\t\t\tIf you are human, leave this field blank.\t\t\t<\/label>\n\t\t\t<input  id=\"field_yo74f\" type=\"text\" class=\"frm_form_field form-field frm_verify\" name=\"item_meta[287]\" value=\"\"  \/>\n\t\t<\/div>\n\t\t<input name=\"frm_state\" type=\"hidden\" value=\"O6I1oHOdb9tjHMefxWX6rA9KLwiyeZ0RlJ3Bm9+8ilcR02m1f1B7KeiCBWQKAgQl\" \/><\/div>\n<\/fieldset>\n<\/div>\n\n<\/form>\n<\/div>\n\t\t\t\t<\/div>\n\t\t\t\t<\/div>\n\t\t\t\t\t<\/div>\n\t\t\t\t<\/div>\n\t\t\t\t<\/div>\n\t\t","protected":false},"excerpt":{"rendered":"<p>Anfrage Workshop | Sensibilisierungsanlass Interesse Workshop \/ Sensibilisierungsanlass Welcher Workshop interessiert dich? F\u00fcr Teams und HR-Fachpersonen F\u00fcr Gemeinden | Sozialamt | AFA F\u00fcr Unternehmen &amp; Organisationen F\u00fcr Interessierte Name Organisation | Unternehmen * Anrede * FrauHerr Vorname * Nachname * PLZ * Strasse und Hausnummer * Ort * E-Mail * F\u00fcr welchen Anlass m\u00f6chtest du [&hellip;]<\/p>\n","protected":false},"author":3,"featured_media":0,"parent":0,"menu_order":0,"comment_status":"closed","ping_status":"closed","template":"","meta":{"footnotes":""},"class_list":["post-11546","page","type-page","status-publish","hentry"],"_links":{"self":[{"href":"https:\/\/dima-glz.ch\/ls\/wp-json\/wp\/v2\/pages\/11546","targetHints":{"allow":["GET"]}}],"collection":[{"href":"https:\/\/dima-glz.ch\/ls\/wp-json\/wp\/v2\/pages"}],"about":[{"href":"https:\/\/dima-glz.ch\/ls\/wp-json\/wp\/v2\/types\/page"}],"author":[{"embeddable":true,"href":"https:\/\/dima-glz.ch\/ls\/wp-json\/wp\/v2\/users\/3"}],"replies":[{"embeddable":true,"href":"https:\/\/dima-glz.ch\/ls\/wp-json\/wp\/v2\/comments?post=11546"}],"version-history":[{"count":0,"href":"https:\/\/dima-glz.ch\/ls\/wp-json\/wp\/v2\/pages\/11546\/revisions"}],"wp:attachment":[{"href":"https:\/\/dima-glz.ch\/ls\/wp-json\/wp\/v2\/media?parent=11546"}],"curies":[{"name":"wp","href":"https:\/\/api.w.org\/{rel}","templated":true}]}}