{"id":1165,"date":"2024-12-20T12:38:41","date_gmt":"2024-12-20T11:38:41","guid":{"rendered":"https:\/\/dima-glz.ch\/bildung-kurse\/"},"modified":"2025-11-11T15:14:49","modified_gmt":"2025-11-11T14:14:49","slug":"bildung-kurse","status":"publish","type":"page","link":"https:\/\/dima-glz.ch\/ls\/bildung-kurse\/","title":{"rendered":"Bildung &#038; Kurse"},"content":{"rendered":"\t\t<div data-elementor-type=\"wp-page\" data-elementor-id=\"1165\" class=\"elementor elementor-1165 elementor-68\" data-elementor-post-type=\"page\">\n\t\t\t\t<div class=\"elementor-element elementor-element-730e978f e-flex e-con-boxed e-con e-parent\" data-id=\"730e978f\" data-element_type=\"container\" data-e-type=\"container\" data-settings=\"{&quot;jet_parallax_layout_list&quot;:[]}\">\n\t\t\t\t\t<div class=\"e-con-inner\">\n\t\t<div class=\"elementor-element elementor-element-2596e201 e-con-full e-flex e-con e-child\" data-id=\"2596e201\" data-element_type=\"container\" data-e-type=\"container\" data-settings=\"{&quot;jet_parallax_layout_list&quot;:[]}\">\n\t\t<div class=\"elementor-element elementor-element-b490507 e-con-full e-flex e-con e-child\" data-id=\"b490507\" data-element_type=\"container\" data-e-type=\"container\" data-settings=\"{&quot;jet_parallax_layout_list&quot;:[]}\">\n\t\t\t\t<div class=\"elementor-element elementor-element-6bfd0cc elementor-widget elementor-widget-spacer\" data-id=\"6bfd0cc\" data-element_type=\"widget\" data-e-type=\"widget\" data-widget_type=\"spacer.default\">\n\t\t\t\t<div class=\"elementor-widget-container\">\n\t\t\t\t\t\t\t<div class=\"elementor-spacer\">\n\t\t\t<div class=\"elementor-spacer-inner\"><\/div>\n\t\t<\/div>\n\t\t\t\t\t\t<\/div>\n\t\t\t\t<\/div>\n\t\t<div class=\"elementor-element elementor-element-3d66e7c e-con-full e-flex e-con e-child\" data-id=\"3d66e7c\" data-element_type=\"container\" data-e-type=\"container\" data-settings=\"{&quot;background_background&quot;:&quot;classic&quot;,&quot;jet_parallax_layout_list&quot;:[]}\">\n\t\t<div class=\"elementor-element elementor-element-df67731 e-con-full e-flex e-con e-child\" data-id=\"df67731\" data-element_type=\"container\" data-e-type=\"container\" data-settings=\"{&quot;jet_parallax_layout_list&quot;:[]}\">\n\t\t\t\t<div class=\"elementor-element elementor-element-9029f7f elementor-widget elementor-widget-video\" data-id=\"9029f7f\" data-element_type=\"widget\" data-e-type=\"widget\" data-settings=\"{&quot;video_type&quot;:&quot;vimeo&quot;,&quot;show_image_overlay&quot;:&quot;yes&quot;,&quot;image_overlay&quot;:{&quot;url&quot;:&quot;https:\\\/\\\/dima-glz.ch\\\/wp-content\\\/smush-webp\\\/2025\\\/09\\\/Bildschirmfoto-2025-09-18-um-18.47.31-scaled.png.webp&quot;,&quot;id&quot;:15824,&quot;size&quot;:&quot;&quot;,&quot;alt&quot;:&quot;&quot;,&quot;source&quot;:&quot;library&quot;},&quot;loop&quot;:&quot;yes&quot;}\" data-widget_type=\"video.default\">\n\t\t\t\t<div class=\"elementor-widget-container\">\n\t\t\t\t\t\t\t<div class=\"elementor-wrapper elementor-open-inline\">\n\t\t\t<iframe class=\"elementor-video-iframe\" allowfullscreen allow=\"clipboard-write\" title=\"vimeo Video Player\" src=\"https:\/\/player.vimeo.com\/video\/1111974328?color&amp;autopause=0&amp;loop=1&amp;muted=0&amp;title=1&amp;portrait=1&amp;byline=1#t=\"><\/iframe>\t\t\t\t<div class=\"elementor-custom-embed-image-overlay\" style=\"background-image: url(https:\/\/dima-glz.ch\/wp-content\/smush-webp\/2025\/09\/Bildschirmfoto-2025-09-18-um-18.47.31-scaled.png.webp);\">\n\t\t\t\t\t\t\t\t\t\t\t\t\t\t\t\t<div class=\"elementor-custom-embed-play\" role=\"button\" aria-label=\"Play Video\" tabindex=\"0\">\n\t\t\t\t\t\t\t<i aria-hidden=\"true\" class=\"eicon-play\"><\/i>\t\t\t\t\t\t<\/div>\n\t\t\t\t\t\t\t\t\t<\/div>\n\t\t\t\t\t<\/div>\n\t\t\t\t\t\t<\/div>\n\t\t\t\t<\/div>\n\t\t\t\t<\/div>\n\t\t<div class=\"elementor-element elementor-element-fd8557b e-con-full e-flex e-con e-child\" data-id=\"fd8557b\" data-element_type=\"container\" data-e-type=\"container\" data-settings=\"{&quot;jet_parallax_layout_list&quot;:[]}\">\n\t\t\t\t<div class=\"elementor-element elementor-element-f9ae97f elementor-widget elementor-widget-heading\" data-id=\"f9ae97f\" data-element_type=\"widget\" data-e-type=\"widget\" data-widget_type=\"heading.default\">\n\t\t\t\t<div class=\"elementor-widget-container\">\n\t\t\t\t\t<h2 class=\"elementor-heading-title elementor-size-default\">Bildung &amp; Kurse<\/h2>\t\t\t\t<\/div>\n\t\t\t\t<\/div>\n\t\t\t\t<div class=\"elementor-element elementor-element-9ae120a elementor-widget elementor-widget-text-editor\" data-id=\"9ae120a\" data-element_type=\"widget\" data-e-type=\"widget\" data-widget_type=\"text-editor.default\">\n\t\t\t\t<div class=\"elementor-widget-container\">\n\t\t\t\t\t\t\t\t\t<p class=\"\" data-start=\"49\" data-end=\"219\">Du bist geh\u00f6rlos oder schwerh\u00f6rig? <br \/>Du m\u00f6chtest zum Beispiel Deutsch und die Deutschschweizer Geb\u00e4rdensprache lernen?<br \/>Du m\u00f6chtest mehr \u00fcber das Leben in der Schweiz erfahren?<\/p><p class=\"\" data-start=\"221\" data-end=\"326\">Wir haben Kurse f\u00fcr geh\u00f6rlose und schwerh\u00f6rige Migranten. Wir haben auch Kursangebote f\u00fcr Schweizerinnen.\u00a0<\/p><p class=\"\" data-start=\"221\" data-end=\"326\">Du m\u00f6chtest mehr wissen? Dann schau das Video an.\u00a0<\/p>\t\t\t\t\t\t\t\t<\/div>\n\t\t\t\t<\/div>\n\t\t\t\t<div class=\"elementor-element elementor-element-f67a909 elementor-widget elementor-widget-heading\" data-id=\"f67a909\" data-element_type=\"widget\" data-e-type=\"widget\" data-widget_type=\"heading.default\">\n\t\t\t\t<div class=\"elementor-widget-container\">\n\t\t\t\t\t<h2 class=\"elementor-heading-title elementor-size-default\"><b>Wir finden zusammen mit dir den Kurs, \nder zu deinen Bed\u00fcrfnissen passt. <\/b><\/h2>\t\t\t\t<\/div>\n\t\t\t\t<\/div>\n\t\t\t\t<\/div>\n\t\t\t\t<\/div>\n\t\t\t\t<div class=\"elementor-element elementor-element-9ba2045 elementor-widget-divider--view-line elementor-widget elementor-widget-divider\" data-id=\"9ba2045\" data-element_type=\"widget\" data-e-type=\"widget\" data-widget_type=\"divider.default\">\n\t\t\t\t<div class=\"elementor-widget-container\">\n\t\t\t\t\t\t\t<div class=\"elementor-divider\">\n\t\t\t<span class=\"elementor-divider-separator\">\n\t\t\t\t\t\t<\/span>\n\t\t<\/div>\n\t\t\t\t\t\t<\/div>\n\t\t\t\t<\/div>\n\t\t\t\t<\/div>\n\t\t\t\t<\/div>\n\t\t\t\t\t<\/div>\n\t\t\t\t<\/div>\n\t\t<div class=\"elementor-element elementor-element-794e9f06 e-flex e-con-boxed e-con e-parent\" data-id=\"794e9f06\" data-element_type=\"container\" data-e-type=\"container\" data-settings=\"{&quot;jet_parallax_layout_list&quot;:[]}\">\n\t\t\t\t\t<div class=\"e-con-inner\">\n\t\t<div class=\"elementor-element elementor-element-6e6189f6 e-con-full e-flex e-con e-child\" data-id=\"6e6189f6\" data-element_type=\"container\" data-e-type=\"container\" data-settings=\"{&quot;background_background&quot;:&quot;classic&quot;,&quot;jet_parallax_layout_list&quot;:[]}\">\n\t\t<div class=\"elementor-element elementor-element-532334e6 e-con-full e-flex e-con e-child\" data-id=\"532334e6\" data-element_type=\"container\" data-e-type=\"container\" data-settings=\"{&quot;jet_parallax_layout_list&quot;:[]}\">\n\t\t\t\t<div class=\"elementor-element elementor-element-5b0d90b8 elementor-widget elementor-widget-image\" data-id=\"5b0d90b8\" data-element_type=\"widget\" data-e-type=\"widget\" data-widget_type=\"image.default\">\n\t\t\t\t<div class=\"elementor-widget-container\">\n\t\t\t\t\t\t\t\t\t\t\t\t\t\t\t<img fetchpriority=\"high\" decoding=\"async\" width=\"610\" height=\"404\" src=\"https:\/\/dima-glz.ch\/wp-content\/smush-webp\/2025\/05\/Bildschirmfoto-2025-05-17-um-19.45.08.png.webp\" class=\"attachment-large size-large wp-image-10799\" alt=\"\" srcset=\"https:\/\/dima-glz.ch\/wp-content\/smush-webp\/2025\/05\/Bildschirmfoto-2025-05-17-um-19.45.08.png.webp 610w, https:\/\/dima-glz.ch\/wp-content\/smush-webp\/2025\/05\/Bildschirmfoto-2025-05-17-um-19.45.08-300x199.png.webp 300w\" sizes=\"(max-width: 610px) 100vw, 610px\" \/>\t\t\t\t\t\t\t\t\t\t\t\t\t\t\t<\/div>\n\t\t\t\t<\/div>\n\t\t\t\t<\/div>\n\t\t<div class=\"elementor-element elementor-element-45af69bf e-con-full e-flex e-con e-child\" data-id=\"45af69bf\" data-element_type=\"container\" data-e-type=\"container\" data-settings=\"{&quot;jet_parallax_layout_list&quot;:[]}\">\n\t\t\t\t<div class=\"elementor-element elementor-element-23c3efd8 elementor-widget elementor-widget-heading\" data-id=\"23c3efd8\" data-element_type=\"widget\" data-e-type=\"widget\" data-widget_type=\"heading.default\">\n\t\t\t\t<div class=\"elementor-widget-container\">\n\t\t\t\t\t<h2 class=\"elementor-heading-title elementor-size-default\">Geh\u00f6rlos &amp; neu in der Schweiz<\/h2>\t\t\t\t<\/div>\n\t\t\t\t<\/div>\n\t\t\t\t<div class=\"elementor-element elementor-element-1ab6e98 elementor-widget elementor-widget-text-editor\" data-id=\"1ab6e98\" data-element_type=\"widget\" data-e-type=\"widget\" data-widget_type=\"text-editor.default\">\n\t\t\t\t<div class=\"elementor-widget-container\">\n\t\t\t\t\t\t\t\t\t<p class=\"\" data-start=\"49\" data-end=\"218\">Du bist geh\u00f6rlos und neu in der Schweiz?<br>Du m\u00f6chtest die Deutsche Sprache und <br>die Deutschschweizer Geb\u00e4rdensprache lernen?<\/p>\n<p class=\"\" data-start=\"49\" data-end=\"218\">Dann findest du hier passende Kurse.<\/p>\t\t\t\t\t\t\t\t<\/div>\n\t\t\t\t<\/div>\n\t\t\t\t<div class=\"elementor-element elementor-element-fb6bffe elementor-widget elementor-widget-button\" data-id=\"fb6bffe\" data-element_type=\"widget\" data-e-type=\"widget\" data-widget_type=\"button.default\">\n\t\t\t\t<div class=\"elementor-widget-container\">\n\t\t\t\t\t\t\t\t\t<div class=\"elementor-button-wrapper\">\n\t\t\t\t\t<a class=\"elementor-button elementor-button-link elementor-size-sm\" href=\"https:\/\/dima-glz.ch\/ls\/bildung-kurse\/gehoerlos-neu-in-der-schweiz\/\">\n\t\t\t\t\t\t<span class=\"elementor-button-content-wrapper\">\n\t\t\t\t\t\t\t\t\t<span class=\"elementor-button-text\">mehr dazu<\/span>\n\t\t\t\t\t<\/span>\n\t\t\t\t\t<\/a>\n\t\t\t\t<\/div>\n\t\t\t\t\t\t\t\t<\/div>\n\t\t\t\t<\/div>\n\t\t\t\t<\/div>\n\t\t\t\t<\/div>\n\t\t\t\t\t<\/div>\n\t\t\t\t<\/div>\n\t\t<div class=\"elementor-element elementor-element-9374614 e-flex e-con-boxed e-con e-parent\" data-id=\"9374614\" data-element_type=\"container\" data-e-type=\"container\" data-settings=\"{&quot;jet_parallax_layout_list&quot;:[]}\">\n\t\t\t\t\t<div class=\"e-con-inner\">\n\t\t<div class=\"elementor-element elementor-element-7638927 e-con-full e-flex e-con e-child\" data-id=\"7638927\" data-element_type=\"container\" data-e-type=\"container\" data-settings=\"{&quot;background_background&quot;:&quot;classic&quot;,&quot;jet_parallax_layout_list&quot;:[]}\">\n\t\t<div class=\"elementor-element elementor-element-e691bc0 e-con-full e-flex e-con e-child\" data-id=\"e691bc0\" data-element_type=\"container\" data-e-type=\"container\" data-settings=\"{&quot;jet_parallax_layout_list&quot;:[]}\">\n\t\t\t\t<div class=\"elementor-element elementor-element-94e8020 elementor-widget elementor-widget-image\" data-id=\"94e8020\" data-element_type=\"widget\" data-e-type=\"widget\" data-widget_type=\"image.default\">\n\t\t\t\t<div class=\"elementor-widget-container\">\n\t\t\t\t\t\t\t\t\t\t\t\t\t\t\t<img decoding=\"async\" width=\"568\" height=\"380\" src=\"https:\/\/dima-glz.ch\/wp-content\/smush-webp\/2025\/05\/Bildschirmfoto-2025-05-17-um-19.47.07.png.webp\" class=\"attachment-large size-large wp-image-10802\" alt=\"\" srcset=\"https:\/\/dima-glz.ch\/wp-content\/smush-webp\/2025\/05\/Bildschirmfoto-2025-05-17-um-19.47.07.png.webp 568w, https:\/\/dima-glz.ch\/wp-content\/smush-webp\/2025\/05\/Bildschirmfoto-2025-05-17-um-19.47.07-300x201.png.webp 300w\" sizes=\"(max-width: 568px) 100vw, 568px\" \/>\t\t\t\t\t\t\t\t\t\t\t\t\t\t\t<\/div>\n\t\t\t\t<\/div>\n\t\t\t\t<\/div>\n\t\t<div class=\"elementor-element elementor-element-c9bc9b7 e-con-full e-flex e-con e-child\" data-id=\"c9bc9b7\" data-element_type=\"container\" data-e-type=\"container\" data-settings=\"{&quot;jet_parallax_layout_list&quot;:[]}\">\n\t\t\t\t<div class=\"elementor-element elementor-element-c5b1253 elementor-widget elementor-widget-heading\" data-id=\"c5b1253\" data-element_type=\"widget\" data-e-type=\"widget\" data-widget_type=\"heading.default\">\n\t\t\t\t<div class=\"elementor-widget-container\">\n\t\t\t\t\t<h2 class=\"elementor-heading-title elementor-size-default\">Alle geh\u00f6rlosen Menschen<\/h2>\t\t\t\t<\/div>\n\t\t\t\t<\/div>\n\t\t\t\t<div class=\"elementor-element elementor-element-021a0e1 elementor-widget elementor-widget-text-editor\" data-id=\"021a0e1\" data-element_type=\"widget\" data-e-type=\"widget\" data-widget_type=\"text-editor.default\">\n\t\t\t\t<div class=\"elementor-widget-container\">\n\t\t\t\t\t\t\t\t\t<p class=\"\" data-start=\"49\" data-end=\"218\">Diese Kurse sind f\u00fcr alle geh\u00f6rlosen Menschen.<br data-start=\"99\" data-end=\"102\" \/>Du m\u00f6chtest besser Deutsch verstehen?<br data-start=\"139\" data-end=\"142\" \/>Du m\u00f6chtest mit anderen \u00fcber wichtige Themen sprechen?<\/p><p class=\"\" data-start=\"220\" data-end=\"265\">Dann sind diese Kurse genau richtig f\u00fcr dich.<\/p>\t\t\t\t\t\t\t\t<\/div>\n\t\t\t\t<\/div>\n\t\t\t\t<div class=\"elementor-element elementor-element-1f4893b elementor-widget elementor-widget-button\" data-id=\"1f4893b\" data-element_type=\"widget\" data-e-type=\"widget\" data-widget_type=\"button.default\">\n\t\t\t\t<div class=\"elementor-widget-container\">\n\t\t\t\t\t\t\t\t\t<div class=\"elementor-button-wrapper\">\n\t\t\t\t\t<a class=\"elementor-button elementor-button-link elementor-size-sm\" href=\"https:\/\/dima-glz.ch\/ls\/bildung-kurse\/alle-gehoerlosen-menschen\/\">\n\t\t\t\t\t\t<span class=\"elementor-button-content-wrapper\">\n\t\t\t\t\t\t\t\t\t<span class=\"elementor-button-text\">mehr dazu<\/span>\n\t\t\t\t\t<\/span>\n\t\t\t\t\t<\/a>\n\t\t\t\t<\/div>\n\t\t\t\t\t\t\t\t<\/div>\n\t\t\t\t<\/div>\n\t\t\t\t<\/div>\n\t\t\t\t<\/div>\n\t\t\t\t\t<\/div>\n\t\t\t\t<\/div>\n\t\t<div class=\"elementor-element elementor-element-2dbb1bb e-flex e-con-boxed e-con e-parent\" data-id=\"2dbb1bb\" data-element_type=\"container\" data-e-type=\"container\" data-settings=\"{&quot;jet_parallax_layout_list&quot;:[]}\">\n\t\t\t\t\t<div class=\"e-con-inner\">\n\t\t<div class=\"elementor-element elementor-element-bfa77f9 e-con-full e-flex e-con e-child\" data-id=\"bfa77f9\" data-element_type=\"container\" data-e-type=\"container\" data-settings=\"{&quot;background_background&quot;:&quot;classic&quot;,&quot;jet_parallax_layout_list&quot;:[]}\">\n\t\t<div class=\"elementor-element elementor-element-f4dec8c e-con-full e-flex e-con e-child\" data-id=\"f4dec8c\" data-element_type=\"container\" data-e-type=\"container\" data-settings=\"{&quot;jet_parallax_layout_list&quot;:[]}\">\n\t\t\t\t<div class=\"elementor-element elementor-element-1016c0b elementor-widget elementor-widget-image\" data-id=\"1016c0b\" data-element_type=\"widget\" data-e-type=\"widget\" data-widget_type=\"image.default\">\n\t\t\t\t<div class=\"elementor-widget-container\">\n\t\t\t\t\t\t\t\t\t\t\t\t\t\t\t<img decoding=\"async\" width=\"730\" height=\"416\" src=\"https:\/\/dima-glz.ch\/wp-content\/smush-webp\/2025\/05\/Bildschirmfoto-2025-05-17-um-19.48.33.png.webp\" class=\"attachment-large size-large wp-image-10804\" alt=\"\" srcset=\"https:\/\/dima-glz.ch\/wp-content\/smush-webp\/2025\/05\/Bildschirmfoto-2025-05-17-um-19.48.33.png.webp 730w, https:\/\/dima-glz.ch\/wp-content\/smush-webp\/2025\/05\/Bildschirmfoto-2025-05-17-um-19.48.33-300x171.png.webp 300w\" sizes=\"(max-width: 730px) 100vw, 730px\" \/>\t\t\t\t\t\t\t\t\t\t\t\t\t\t\t<\/div>\n\t\t\t\t<\/div>\n\t\t\t\t<\/div>\n\t\t<div class=\"elementor-element elementor-element-5c33937 e-con-full e-flex e-con e-child\" data-id=\"5c33937\" data-element_type=\"container\" data-e-type=\"container\" data-settings=\"{&quot;jet_parallax_layout_list&quot;:[]}\">\n\t\t\t\t<div class=\"elementor-element elementor-element-4cb7cc0 elementor-widget elementor-widget-heading\" data-id=\"4cb7cc0\" data-element_type=\"widget\" data-e-type=\"widget\" data-widget_type=\"heading.default\">\n\t\t\t\t<div class=\"elementor-widget-container\">\n\t\t\t\t\t<h2 class=\"elementor-heading-title elementor-size-default\">Geh\u00f6rlose Stellensuchende<\/h2>\t\t\t\t<\/div>\n\t\t\t\t<\/div>\n\t\t\t\t<div class=\"elementor-element elementor-element-9470feb elementor-widget__width-initial elementor-widget elementor-widget-text-editor\" data-id=\"9470feb\" data-element_type=\"widget\" data-e-type=\"widget\" data-widget_type=\"text-editor.default\">\n\t\t\t\t<div class=\"elementor-widget-container\">\n\t\t\t\t\t\t\t\t\t<p class=\"\" data-start=\"49\" data-end=\"225\">Du suchst eine neue Arbeit und <br>brauchst Informationen und Unterst\u00fctzung?<br data-start=\"152\" data-end=\"155\">Du hast ein Vorstellungsgespr\u00e4ch und <br>m\u00f6chtest dich vorbereiten?<\/p>\n<p class=\"\" data-start=\"278\" data-end=\"333\">Dann findest du hier einen passenden Kurs.&nbsp;<\/p>\t\t\t\t\t\t\t\t<\/div>\n\t\t\t\t<\/div>\n\t\t\t\t<div class=\"elementor-element elementor-element-661db00 elementor-widget elementor-widget-button\" data-id=\"661db00\" data-element_type=\"widget\" data-e-type=\"widget\" data-widget_type=\"button.default\">\n\t\t\t\t<div class=\"elementor-widget-container\">\n\t\t\t\t\t\t\t\t\t<div class=\"elementor-button-wrapper\">\n\t\t\t\t\t<a class=\"elementor-button elementor-button-link elementor-size-sm\" href=\"https:\/\/dima-glz.ch\/ls\/bildung-kurse\/gehoerlose-stellensuchende\/\">\n\t\t\t\t\t\t<span class=\"elementor-button-content-wrapper\">\n\t\t\t\t\t\t\t\t\t<span class=\"elementor-button-text\">mehr dazu<\/span>\n\t\t\t\t\t<\/span>\n\t\t\t\t\t<\/a>\n\t\t\t\t<\/div>\n\t\t\t\t\t\t\t\t<\/div>\n\t\t\t\t<\/div>\n\t\t\t\t<\/div>\n\t\t\t\t<\/div>\n\t\t\t\t\t<\/div>\n\t\t\t\t<\/div>\n\t\t<div class=\"elementor-element elementor-element-cccab93 e-flex e-con-boxed e-con e-parent\" data-id=\"cccab93\" data-element_type=\"container\" data-e-type=\"container\" data-settings=\"{&quot;jet_parallax_layout_list&quot;:[]}\">\n\t\t\t\t\t<div class=\"e-con-inner\">\n\t\t<div class=\"elementor-element elementor-element-b3ed951 e-con-full e-flex e-con e-child\" data-id=\"b3ed951\" data-element_type=\"container\" data-e-type=\"container\" data-settings=\"{&quot;background_background&quot;:&quot;classic&quot;,&quot;jet_parallax_layout_list&quot;:[]}\">\n\t\t<div class=\"elementor-element elementor-element-bf27598 e-con-full e-flex e-con e-child\" data-id=\"bf27598\" data-element_type=\"container\" data-e-type=\"container\" data-settings=\"{&quot;jet_parallax_layout_list&quot;:[]}\">\n\t\t\t\t<div class=\"elementor-element elementor-element-f4adf3f elementor-widget elementor-widget-image\" data-id=\"f4adf3f\" data-element_type=\"widget\" data-e-type=\"widget\" data-widget_type=\"image.default\">\n\t\t\t\t<div class=\"elementor-widget-container\">\n\t\t\t\t\t\t\t\t\t\t\t\t\t\t\t<img loading=\"lazy\" decoding=\"async\" width=\"704\" height=\"402\" src=\"https:\/\/dima-glz.ch\/wp-content\/smush-webp\/2025\/05\/Bildschirmfoto-2025-05-17-um-18.03.05.png.webp\" class=\"attachment-large size-large wp-image-10720\" alt=\"\" srcset=\"https:\/\/dima-glz.ch\/wp-content\/smush-webp\/2025\/05\/Bildschirmfoto-2025-05-17-um-18.03.05.png.webp 704w, https:\/\/dima-glz.ch\/wp-content\/smush-webp\/2025\/05\/Bildschirmfoto-2025-05-17-um-18.03.05-300x171.png.webp 300w\" sizes=\"(max-width: 704px) 100vw, 704px\" \/>\t\t\t\t\t\t\t\t\t\t\t\t\t\t\t<\/div>\n\t\t\t\t<\/div>\n\t\t\t\t<\/div>\n\t\t<div class=\"elementor-element elementor-element-3964a0e e-con-full e-flex e-con e-child\" data-id=\"3964a0e\" data-element_type=\"container\" data-e-type=\"container\" data-settings=\"{&quot;jet_parallax_layout_list&quot;:[]}\">\n\t\t\t\t<div class=\"elementor-element elementor-element-e66ac85 elementor-widget elementor-widget-heading\" data-id=\"e66ac85\" data-element_type=\"widget\" data-e-type=\"widget\" data-widget_type=\"heading.default\">\n\t\t\t\t<div class=\"elementor-widget-container\">\n\t\t\t\t\t<h2 class=\"elementor-heading-title elementor-size-default\">fide-Deutschtest &amp; Geb\u00e4rdensprachzertifikat<\/h2>\t\t\t\t<\/div>\n\t\t\t\t<\/div>\n\t\t\t\t<div class=\"elementor-element elementor-element-c8427d2 elementor-widget__width-initial elementor-widget elementor-widget-text-editor\" data-id=\"c8427d2\" data-element_type=\"widget\" data-e-type=\"widget\" data-widget_type=\"text-editor.default\">\n\t\t\t\t<div class=\"elementor-widget-container\">\n\t\t\t\t\t\t\t\t\t<p class=\"\" data-start=\"49\" data-end=\"91\">DIMA bietet zwei Sprachtests an:<\/p><ul data-start=\"147\" data-end=\"225\"><li class=\"\" data-start=\"147\" data-end=\"176\"><p class=\"\" data-start=\"149\" data-end=\"176\">fide-Deutsch-Test<\/p><\/li><li class=\"\" data-start=\"177\" data-end=\"225\"><p class=\"\" data-start=\"179\" data-end=\"225\">Test f\u00fcr das Geb\u00e4rdensprach-Zertifikat<\/p><\/li><\/ul><p class=\"\" data-start=\"227\" data-end=\"477\">Nach diesen Tests weisst du, <br \/>wie gut du Deutsch oder Geb\u00e4rdensprache kennst.<br data-start=\"310\" data-end=\"313\" \/>Es gibt die Niveaus A1, A2 und B1.\u00a0<\/p>\t\t\t\t\t\t\t\t<\/div>\n\t\t\t\t<\/div>\n\t\t\t\t<div class=\"elementor-element elementor-element-673c0f7 elementor-widget elementor-widget-button\" data-id=\"673c0f7\" data-element_type=\"widget\" data-e-type=\"widget\" data-widget_type=\"button.default\">\n\t\t\t\t<div class=\"elementor-widget-container\">\n\t\t\t\t\t\t\t\t\t<div class=\"elementor-button-wrapper\">\n\t\t\t\t\t<a class=\"elementor-button elementor-button-link elementor-size-sm\" href=\"https:\/\/dima-glz.ch\/ls\/bildung-kurse\/tests-und-zertifikate\/\">\n\t\t\t\t\t\t<span class=\"elementor-button-content-wrapper\">\n\t\t\t\t\t\t\t\t\t<span class=\"elementor-button-text\">mehr dazu<\/span>\n\t\t\t\t\t<\/span>\n\t\t\t\t\t<\/a>\n\t\t\t\t<\/div>\n\t\t\t\t\t\t\t\t<\/div>\n\t\t\t\t<\/div>\n\t\t\t\t<\/div>\n\t\t\t\t<\/div>\n\t\t\t\t\t<\/div>\n\t\t\t\t<\/div>\n\t\t<div class=\"elementor-element elementor-element-01f214b e-flex e-con-boxed e-con e-parent\" data-id=\"01f214b\" data-element_type=\"container\" data-e-type=\"container\" data-settings=\"{&quot;jet_parallax_layout_list&quot;:[]}\">\n\t\t\t\t\t<div class=\"e-con-inner\">\n\t\t\t\t\t<\/div>\n\t\t\t\t<\/div>\n\t\t\t\t<\/div>\n\t\t","protected":false},"excerpt":{"rendered":"<p>Bildung &amp; Kurse Du bist geh\u00f6rlos oder schwerh\u00f6rig? Du m\u00f6chtest zum Beispiel Deutsch und die Deutschschweizer Geb\u00e4rdensprache lernen?Du m\u00f6chtest mehr \u00fcber das Leben in der Schweiz erfahren? Wir haben Kurse f\u00fcr geh\u00f6rlose und schwerh\u00f6rige Migranten. Wir haben auch Kursangebote f\u00fcr Schweizerinnen.\u00a0 Du m\u00f6chtest mehr wissen? Dann schau das Video an.\u00a0 Wir finden zusammen mit dir [&hellip;]<\/p>\n","protected":false},"author":1,"featured_media":0,"parent":0,"menu_order":0,"comment_status":"closed","ping_status":"closed","template":"","meta":{"footnotes":""},"class_list":["post-1165","page","type-page","status-publish","hentry"],"_links":{"self":[{"href":"https:\/\/dima-glz.ch\/ls\/wp-json\/wp\/v2\/pages\/1165","targetHints":{"allow":["GET"]}}],"collection":[{"href":"https:\/\/dima-glz.ch\/ls\/wp-json\/wp\/v2\/pages"}],"about":[{"href":"https:\/\/dima-glz.ch\/ls\/wp-json\/wp\/v2\/types\/page"}],"author":[{"embeddable":true,"href":"https:\/\/dima-glz.ch\/ls\/wp-json\/wp\/v2\/users\/1"}],"replies":[{"embeddable":true,"href":"https:\/\/dima-glz.ch\/ls\/wp-json\/wp\/v2\/comments?post=1165"}],"version-history":[{"count":3,"href":"https:\/\/dima-glz.ch\/ls\/wp-json\/wp\/v2\/pages\/1165\/revisions"}],"predecessor-version":[{"id":16755,"href":"https:\/\/dima-glz.ch\/ls\/wp-json\/wp\/v2\/pages\/1165\/revisions\/16755"}],"wp:attachment":[{"href":"https:\/\/dima-glz.ch\/ls\/wp-json\/wp\/v2\/media?parent=1165"}],"curies":[{"name":"wp","href":"https:\/\/api.w.org\/{rel}","templated":true}]}}