{"id":14502,"date":"2025-08-26T09:36:10","date_gmt":"2025-08-26T07:36:10","guid":{"rendered":"https:\/\/dima-glz.ch\/anfrage-job-coaching\/"},"modified":"2025-08-26T09:41:27","modified_gmt":"2025-08-26T07:41:27","slug":"anfrage-job-coaching","status":"publish","type":"page","link":"https:\/\/dima-glz.ch\/ls\/anfrage-job-coaching\/","title":{"rendered":"Anfrage Job-Coaching"},"content":{"rendered":"\t\t<div data-elementor-type=\"wp-page\" data-elementor-id=\"14502\" class=\"elementor elementor-14502 elementor-14497\" data-elementor-post-type=\"page\">\n\t\t\t\t<div class=\"elementor-element elementor-element-64b1e64 e-flex e-con-boxed e-con e-parent\" data-id=\"64b1e64\" data-element_type=\"container\" data-e-type=\"container\" data-settings=\"{&quot;jet_parallax_layout_list&quot;:[]}\">\n\t\t\t\t\t<div class=\"e-con-inner\">\n\t\t\t\t<div class=\"elementor-element elementor-element-b63e0a8 elementor-widget elementor-widget-spacer\" data-id=\"b63e0a8\" data-element_type=\"widget\" data-e-type=\"widget\" data-widget_type=\"spacer.default\">\n\t\t\t\t<div class=\"elementor-widget-container\">\n\t\t\t\t\t\t\t<div class=\"elementor-spacer\">\n\t\t\t<div class=\"elementor-spacer-inner\"><\/div>\n\t\t<\/div>\n\t\t\t\t\t\t<\/div>\n\t\t\t\t<\/div>\n\t\t\t\t<div class=\"elementor-element elementor-element-e40a3bc elementor-widget elementor-widget-heading\" data-id=\"e40a3bc\" data-element_type=\"widget\" data-e-type=\"widget\" data-widget_type=\"heading.default\">\n\t\t\t\t<div class=\"elementor-widget-container\">\n\t\t\t\t\t<h2 class=\"elementor-heading-title elementor-size-default\">Anfrage Job-Coaching<\/h2>\t\t\t\t<\/div>\n\t\t\t\t<\/div>\n\t\t<div class=\"elementor-element elementor-element-bee484f e-con-full e-flex e-con e-child\" data-id=\"bee484f\" data-element_type=\"container\" data-e-type=\"container\" data-settings=\"{&quot;jet_parallax_layout_list&quot;:[]}\">\n\t\t\t\t<div class=\"elementor-element elementor-element-132cd44 elementor-widget elementor-widget-formidable\" data-id=\"132cd44\" data-element_type=\"widget\" data-e-type=\"widget\" data-widget_type=\"formidable.default\">\n\t\t\t\t<div class=\"elementor-widget-container\">\n\t\t\t\t\t<div class=\"frm_forms  with_frm_style frm_style_formidable-style\" id=\"frm_form_11_container\" data-token=\"61e778e691c052167ecea1ccc7f54643\">\n<form enctype=\"multipart\/form-data\" method=\"post\" class=\"frm-show-form  frm_js_validate  frm_pro_form \" id=\"form_jobcoaching\" data-token=\"61e778e691c052167ecea1ccc7f54643\">\n<div class=\"frm_form_fields \">\n<fieldset>\n<legend class=\"frm_screen_reader\">Anfrage Job Coaching<\/legend>\r\n\r\n<div class=\"frm_fields_container\">\n<input type=\"hidden\" name=\"frm_action\" value=\"create\" \/>\n<input type=\"hidden\" name=\"form_id\" value=\"11\" \/>\n<input type=\"hidden\" name=\"frm_hide_fields_11\" id=\"frm_hide_fields_11\" value=\"\" \/>\n<input type=\"hidden\" name=\"form_key\" value=\"jobcoaching\" \/>\n<input type=\"hidden\" name=\"item_meta[0]\" value=\"\" \/>\n<input type=\"hidden\" id=\"frm_submit_entry_11\" name=\"frm_submit_entry_11\" value=\"2848c537d0\" \/><input type=\"hidden\" name=\"_wp_http_referer\" value=\"\/ls\/wp-json\/wp\/v2\/pages\/14502\" \/><div id=\"frm_field_195_container\" class=\"frm_form_field form-field  frm_required_field frm_top_container vertical_radio\">\r\n\t<div  id=\"field_cgru54_label\" class=\"frm_primary_label\">Bitte ankreuzen\r\n\t\t<span class=\"frm_required\" aria-hidden=\"true\">*<\/span>\r\n\t<\/div>\r\n\t<div class=\"frm_opt_container\" aria-labelledby=\"field_cgru54_label\" role=\"group\">\t\t<div class=\"frm_checkbox\" id=\"frm_checkbox_195-0\">\t\t\t<label  for=\"field_cgru54-0\">\n\t\t\t<input type=\"checkbox\" name=\"item_meta[195][]\" id=\"field_cgru54-0\" value=\"Allgemeine Frage zum Job Coaching\"  data-frmmin=\"1\"  data-reqmsg=\"Bitte ankreuzen kann nicht leer sein.\" data-invmsg=\"Bitte ankreuzen ist ung\u00fcltig\"   aria-required=\"true\"  \/> Allgemeine Frage zum Job Coaching<\/label><\/div>\n\t\t<div class=\"frm_checkbox\" id=\"frm_checkbox_195-1\">\t\t\t<label  for=\"field_cgru54-1\">\n\t\t\t<input type=\"checkbox\" name=\"item_meta[195][]\" id=\"field_cgru54-1\" value=\"Anmeldung zum Job Coaching\"  data-frmmin=\"1\"  data-reqmsg=\"Bitte ankreuzen kann nicht leer sein.\" data-invmsg=\"Bitte ankreuzen ist ung\u00fcltig\"   \/> Anmeldung zum Job Coaching<\/label><\/div>\n<\/div>\r\n\t\r\n\t\r\n<\/div>\n<div id=\"frm_field_196_container\" class=\"frm_form_field form-field  frm_required_field frm_top_container\">\r\n\t<label for=\"field_53bho4\" id=\"field_53bho4_label\" class=\"frm_primary_label\">Anrede\r\n\t\t<span class=\"frm_required\" aria-hidden=\"true\">*<\/span>\r\n\t<\/label>\r\n\t\t\t<select name=\"item_meta[196]\" id=\"field_53bho4\"  data-frmval=\"Frau\" data-reqmsg=\"Anrede kann nicht leer sein.\" aria-required=\"true\" data-invmsg=\"Anrede ist ung\u00fcltig\" aria-invalid=\"false\"  >\n\t\t<option  value=\"Frau\" selected='selected'>Frau<\/option><option  value=\"Herr\">Herr<\/option><option  value=\"Keine Angabe\">Keine Angabe<\/option>\t<\/select>\n\t\r\n\t\r\n\t\r\n<\/div>\n<div id=\"frm_field_197_container\" class=\"frm_form_field form-field  frm_required_field frm_top_container frm6 frm_first\">\r\n\t<label for=\"field_7flsg4\" id=\"field_7flsg4_label\" class=\"frm_primary_label\">Vorname\r\n\t\t<span class=\"frm_required\" aria-hidden=\"true\">*<\/span>\r\n\t<\/label>\r\n\t<input  type=\"text\" id=\"field_7flsg4\" name=\"item_meta[197]\" value=\"\"  data-reqmsg=\"Vorname kann nicht leer sein.\" aria-required=\"true\" data-invmsg=\"Vorname ist ung\u00fcltig\" aria-invalid=\"false\"   \/>\r\n\t\r\n\t\r\n<\/div>\n<div id=\"frm_field_198_container\" class=\"frm_form_field form-field  frm_required_field frm_top_container frm6\">\r\n\t<label for=\"field_rlnk04\" id=\"field_rlnk04_label\" class=\"frm_primary_label\">Nachname\r\n\t\t<span class=\"frm_required\" aria-hidden=\"true\">*<\/span>\r\n\t<\/label>\r\n\t<input  type=\"text\" id=\"field_rlnk04\" name=\"item_meta[198]\" value=\"\"  data-reqmsg=\"Nachname kann nicht leer sein.\" aria-required=\"true\" data-invmsg=\"Nachname ist ung\u00fcltig\" aria-invalid=\"false\"   \/>\r\n\t\r\n\t\r\n<\/div>\n<div id=\"frm_field_199_container\" class=\"frm_form_field form-field  frm_required_field frm_top_container\">\r\n\t<label for=\"field_u6ya64\" id=\"field_u6ya64_label\" class=\"frm_primary_label\">E-Mail\r\n\t\t<span class=\"frm_required\" aria-hidden=\"true\">*<\/span>\r\n\t<\/label>\r\n\t<input type=\"email\" id=\"field_u6ya64\" name=\"item_meta[199]\" value=\"\"  autocomplete=\"email\"  data-reqmsg=\"E-Mail kann nicht leer sein.\" aria-required=\"true\" data-invmsg=\"E-Mail ist ung\u00fcltig\" aria-invalid=\"false\"  \/>\r\n\t\r\n\t\r\n<\/div>\n<div id=\"frm_field_200_container\" class=\"frm_form_field form-field  frm_required_field frm_top_container\">\r\n\t<label for=\"field_5bxd74\" id=\"field_5bxd74_label\" class=\"frm_primary_label\">Handynummer\r\n\t\t<span class=\"frm_required\" aria-hidden=\"true\">*<\/span>\r\n\t<\/label>\r\n\t<input  type=\"text\" id=\"field_5bxd74\" name=\"item_meta[200]\" value=\"\"  data-reqmsg=\"Handynummer kann nicht leer sein.\" aria-required=\"true\" data-invmsg=\"Handynummer ist ung\u00fcltig\" aria-invalid=\"false\"   \/>\r\n\t\r\n\t\r\n<\/div>\n<div id=\"frm_field_201_container\" class=\"frm_form_field form-field  frm_required_field frm_top_container\">\r\n\t<label for=\"field_1vuvw4\" id=\"field_1vuvw4_label\" class=\"frm_primary_label\">Bitte anw\u00e4hlen\r\n\t\t<span class=\"frm_required\" aria-hidden=\"true\">*<\/span>\r\n\t<\/label>\r\n\t\t\t<select name=\"item_meta[201]\" id=\"field_1vuvw4\"  data-frmval=\"Geh\u00f6rlos\" data-reqmsg=\"Bitte anw\u00e4hlen kann nicht leer sein.\" aria-required=\"true\" data-invmsg=\"Bitte anw\u00e4hlen ist ung\u00fcltig\" aria-invalid=\"false\"  >\n\t\t<option  value=\"Geh\u00f6rlos\" selected='selected'>Geh\u00f6rlos<\/option><option  value=\"Schwerh\u00f6rig\">Schwerh\u00f6rig<\/option><option  value=\"H\u00f6rend\">H\u00f6rend<\/option>\t<\/select>\n\t\r\n\t\r\n\t\r\n<\/div>\n<div id=\"frm_field_205_container\" class=\"frm_form_field form-field  frm_required_field frm_top_container frm6 frm_first vertical_radio\">\r\n\t<div  id=\"field_ziz4u_label\" class=\"frm_primary_label\">Ich besuche einen Sprachkurs bei DIMA\r\n\t\t<span class=\"frm_required\" aria-hidden=\"true\">*<\/span>\r\n\t<\/div>\r\n\t<div class=\"frm_opt_container\" aria-labelledby=\"field_ziz4u_label\" role=\"group\">\t\t<div class=\"frm_checkbox\" id=\"frm_checkbox_205-0\">\t\t\t<label  for=\"field_ziz4u-0\">\n\t\t\t<input type=\"checkbox\" name=\"item_meta[205][]\" id=\"field_ziz4u-0\" value=\"JA\"  data-frmmin=\"1\"  data-reqmsg=\"Ich besuche einen Sprachkurs bei DIMA kann nicht leer sein.\" data-invmsg=\"Ich besuche einen Sprachkurs bei DIMA ist ung\u00fcltig\"   aria-required=\"true\"  \/> JA<\/label><\/div>\n\t\t<div class=\"frm_checkbox\" id=\"frm_checkbox_205-1\">\t\t\t<label  for=\"field_ziz4u-1\">\n\t\t\t<input type=\"checkbox\" name=\"item_meta[205][]\" id=\"field_ziz4u-1\" value=\"NEIN\"  data-frmmin=\"1\"  data-reqmsg=\"Ich besuche einen Sprachkurs bei DIMA kann nicht leer sein.\" data-invmsg=\"Ich besuche einen Sprachkurs bei DIMA ist ung\u00fcltig\"   \/> NEIN<\/label><\/div>\n<\/div>\r\n\t\r\n\t\r\n<\/div>\n<div id=\"frm_field_206_container\" class=\"frm_form_field form-field  frm_required_field frm_top_container frm6 vertical_radio\">\r\n\t<div  id=\"field_v1dyc_label\" class=\"frm_primary_label\">Ich erhalte bereits Unterst\u00fctzung von\r\n\t\t<span class=\"frm_required\" aria-hidden=\"true\">*<\/span>\r\n\t<\/div>\r\n\t<div class=\"frm_opt_container\" aria-labelledby=\"field_v1dyc_label\" role=\"group\">\t\t<div class=\"frm_checkbox\" id=\"frm_checkbox_206-0\">\t\t\t<label  for=\"field_v1dyc-0\">\n\t\t\t<input type=\"checkbox\" name=\"item_meta[206][]\" id=\"field_v1dyc-0\" value=\"Gemeinde\"  data-frmmin=\"1\"  data-reqmsg=\"Ich erhalte bereits Unterst\u00fctzung von kann nicht leer sein.\" data-invmsg=\"Ich erhalte bereits Unterst\u00fctzung von ist ung\u00fcltig\"   aria-required=\"true\"  \/> Gemeinde<\/label><\/div>\n\t\t<div class=\"frm_checkbox\" id=\"frm_checkbox_206-1\">\t\t\t<label  for=\"field_v1dyc-1\">\n\t\t\t<input type=\"checkbox\" name=\"item_meta[206][]\" id=\"field_v1dyc-1\" value=\"BFSUG\"  data-frmmin=\"1\"  data-reqmsg=\"Ich erhalte bereits Unterst\u00fctzung von kann nicht leer sein.\" data-invmsg=\"Ich erhalte bereits Unterst\u00fctzung von ist ung\u00fcltig\"   \/> BFSUG<\/label><\/div>\n\t\t<div class=\"frm_checkbox\" id=\"frm_checkbox_206-2\">\t\t\t<label  for=\"field_v1dyc-2\">\n\t\t\t<input type=\"checkbox\" name=\"item_meta[206][]\" id=\"field_v1dyc-2\" value=\"mitschaffe.ch\"  data-frmmin=\"1\"  data-reqmsg=\"Ich erhalte bereits Unterst\u00fctzung von kann nicht leer sein.\" data-invmsg=\"Ich erhalte bereits Unterst\u00fctzung von ist ung\u00fcltig\"   \/> mitschaffe.ch<\/label><\/div>\n\t\t<div class=\"frm_checkbox\" id=\"frm_checkbox_206-3\">\t\t\t<label  for=\"field_v1dyc-3\">\n\t\t\t<input type=\"checkbox\" name=\"item_meta[206][]\" id=\"field_v1dyc-3\" value=\"AOZ\"  data-frmmin=\"1\"  data-reqmsg=\"Ich erhalte bereits Unterst\u00fctzung von kann nicht leer sein.\" data-invmsg=\"Ich erhalte bereits Unterst\u00fctzung von ist ung\u00fcltig\"   \/> AOZ<\/label><\/div>\n\t\t<div class=\"frm_checkbox\" id=\"frm_checkbox_206-4\">\t\t\t<label  for=\"field_v1dyc-4\">\n\t\t\t<input type=\"checkbox\" name=\"item_meta[206][]\" id=\"field_v1dyc-4\" value=\"Keine Unterst\u00fctzung\"  data-frmmin=\"1\"  data-reqmsg=\"Ich erhalte bereits Unterst\u00fctzung von kann nicht leer sein.\" data-invmsg=\"Ich erhalte bereits Unterst\u00fctzung von ist ung\u00fcltig\"   \/> Keine Unterst\u00fctzung<\/label><\/div>\n<\/div>\r\n\t\r\n\t\r\n<\/div>\n<div id=\"frm_field_202_container\" class=\"frm_form_field form-field  frm_required_field frm_top_container frm12 frm_first\">\r\n\t<label for=\"field_mlwiq4\" id=\"field_mlwiq4_label\" class=\"frm_primary_label\">M\u00f6chtest du noch etwas mitteilen?\r\n\t\t<span class=\"frm_required\" aria-hidden=\"true\">*<\/span>\r\n\t<\/label>\r\n\t<textarea name=\"item_meta[202]\" id=\"field_mlwiq4\" rows=\"5\"  data-reqmsg=\"M\u00f6chtest du noch etwas mitteilen? kann nicht leer sein.\" aria-required=\"true\" data-invmsg=\"M\u00f6chtest du noch etwas mitteilen? ist ung\u00fcltig\" aria-invalid=\"false\"  ><\/textarea>\r\n\t\r\n\t\r\n<\/div>\n<div id=\"frm_field_203_container\" class=\"frm_form_field form-field  frm_required_field frm_top_container frm12 frm_first vertical_radio\">\r\n\t<div  id=\"field_r13d34_label\" class=\"frm_primary_label\">\r\n\t\t<span class=\"frm_required\" aria-hidden=\"true\">*<\/span>\r\n\t<\/div>\r\n\t<div class=\"frm_opt_container\" aria-labelledby=\"field_r13d34_label\" role=\"group\">\t\t<div class=\"frm_checkbox\" id=\"frm_checkbox_203-0\">\t\t\t<label  for=\"field_r13d34-0\">\n\t\t\t<input type=\"checkbox\" name=\"item_meta[203][]\" id=\"field_r13d34-0\" value=\"Ich habe die &lt;a href=&quot;https:\/\/dima-glz.ch\/wp-content\/uploads\/2025\/08\/AGB_DIIMA_2025.pdf&quot; target=&quot;_blank&quot;&gt;DIMA AGB&#039;s&lt;\/a&gt; gelesen und verstanden.&lt;\/p&gt;\"  data-reqmsg=\"This field kann nicht leer sein.\" data-invmsg=\"This field ist ung\u00fcltig\"   aria-required=\"true\"  \/> Ich habe die <a href=\"https:\/\/dima-glz.ch\/wp-content\/uploads\/2025\/08\/AGB_DIIMA_2025.pdf\" target=\"_blank\">DIMA AGB's<\/a> gelesen und verstanden.<\/p><\/label><\/div>\n<\/div>\r\n\t\r\n\t\r\n<\/div>\n<div id=\"frm_field_212_container\" class=\"frm_form_field form-field  frm_required_field frm_top_container frm12 frm_first vertical_radio\">\r\n\t<div  id=\"field_8vbto_label\" class=\"frm_primary_label\">\r\n\t\t<span class=\"frm_required\" aria-hidden=\"true\">*<\/span>\r\n\t<\/div>\r\n\t<div class=\"frm_opt_container\" aria-labelledby=\"field_8vbto_label\" role=\"group\">\t\t<div class=\"frm_checkbox\" id=\"frm_checkbox_212-0\">\t\t\t<label  for=\"field_8vbto-0\">\n\t\t\t<input type=\"checkbox\" name=\"item_meta[212][]\" id=\"field_8vbto-0\" value=\"Ich stimme zu, dass meine Angaben aus dem Kontaktformular zur Beantwortung meiner Anfrage gem\u00e4ss der &lt;a href=&quot;https:\/\/dima-glz.ch\/wp-content\/uploads\/2025\/08\/Datenschutz-DIMA_2025.pdf&quot; target=&quot;_blank&quot;&gt;Datenschutzerkl\u00e4rung&lt;\/a&gt; erhoben und verarbeitet werden.&lt;\/p&gt;\"  data-reqmsg=\"This field kann nicht leer sein.\" data-invmsg=\"This field ist ung\u00fcltig\"   aria-required=\"true\"  \/> Ich stimme zu, dass meine Angaben aus dem Kontaktformular zur Beantwortung meiner Anfrage gem\u00e4ss der <a href=\"https:\/\/dima-glz.ch\/wp-content\/uploads\/2025\/08\/Datenschutz-DIMA_2025.pdf\" target=\"_blank\">Datenschutzerkl\u00e4rung<\/a> erhoben und verarbeitet werden.<\/p><\/label><\/div>\n<\/div>\r\n\t\r\n\t\r\n<\/div>\n<div id=\"frm_field_204_container\" class=\"frm_form_field form-field \">\r\n\t<div class=\"frm_submit frm_flex\">\r\n<button class=\"frm_button_submit frm_final_submit\" type=\"submit\"   formnovalidate=\"formnovalidate\">Senden<\/button>\r\n\r\n\r\n\r\n<\/div>\r\n<\/div>\n\t<input type=\"hidden\" name=\"item_key\" value=\"\" \/>\n\t\t\t<div id=\"frm_field_287_container\">\n\t\t\t<label for=\"field_1i170\" >\n\t\t\t\tIf you are human, leave this field blank.\t\t\t<\/label>\n\t\t\t<input  id=\"field_1i170\" type=\"text\" class=\"frm_form_field form-field frm_verify\" name=\"item_meta[287]\" value=\"\"  \/>\n\t\t<\/div>\n\t\t<input name=\"frm_state\" type=\"hidden\" value=\"O6I1oHOdb9tjHMefxWX6rPHbYycsd3YRz0B91OP4MEMR02m1f1B7KeiCBWQKAgQl\" \/><\/div>\n<\/fieldset>\n<\/div>\n\n<\/form>\n<\/div>\n\t\t\t\t<\/div>\n\t\t\t\t<\/div>\n\t\t\t\t<\/div>\n\t\t\t\t\t<\/div>\n\t\t\t\t<\/div>\n\t\t\t\t<\/div>\n\t\t","protected":false},"excerpt":{"rendered":"<p>Anfrage Job-Coaching Anfrage Job Coaching Bitte ankreuzen * Allgemeine Frage zum Job Coaching Anmeldung zum Job Coaching Anrede * FrauHerrKeine Angabe Vorname * Nachname * E-Mail * Handynummer * Bitte anw\u00e4hlen * Geh\u00f6rlosSchwerh\u00f6rigH\u00f6rend Ich besuche einen Sprachkurs bei DIMA * JA NEIN Ich erhalte bereits Unterst\u00fctzung von * Gemeinde BFSUG mitschaffe.ch AOZ Keine Unterst\u00fctzung M\u00f6chtest [&hellip;]<\/p>\n","protected":false},"author":3,"featured_media":0,"parent":0,"menu_order":0,"comment_status":"closed","ping_status":"closed","template":"","meta":{"footnotes":""},"class_list":["post-14502","page","type-page","status-publish","hentry"],"_links":{"self":[{"href":"https:\/\/dima-glz.ch\/ls\/wp-json\/wp\/v2\/pages\/14502","targetHints":{"allow":["GET"]}}],"collection":[{"href":"https:\/\/dima-glz.ch\/ls\/wp-json\/wp\/v2\/pages"}],"about":[{"href":"https:\/\/dima-glz.ch\/ls\/wp-json\/wp\/v2\/types\/page"}],"author":[{"embeddable":true,"href":"https:\/\/dima-glz.ch\/ls\/wp-json\/wp\/v2\/users\/3"}],"replies":[{"embeddable":true,"href":"https:\/\/dima-glz.ch\/ls\/wp-json\/wp\/v2\/comments?post=14502"}],"version-history":[{"count":0,"href":"https:\/\/dima-glz.ch\/ls\/wp-json\/wp\/v2\/pages\/14502\/revisions"}],"wp:attachment":[{"href":"https:\/\/dima-glz.ch\/ls\/wp-json\/wp\/v2\/media?parent=14502"}],"curies":[{"name":"wp","href":"https:\/\/api.w.org\/{rel}","templated":true}]}}