{"id":14565,"date":"2025-08-26T10:25:30","date_gmt":"2025-08-26T08:25:30","guid":{"rendered":"https:\/\/dima-glz.ch\/?page_id=14565"},"modified":"2025-08-26T10:33:09","modified_gmt":"2025-08-26T08:33:09","slug":"anmeldung-dima-gebardensprachzertifikat","status":"publish","type":"page","link":"https:\/\/dima-glz.ch\/ls\/bildung-kurse\/anmeldung-dima-gebardensprachzertifikat\/","title":{"rendered":"Anmeldung DIMA-Geb\u00e4rdensprachzertifikat"},"content":{"rendered":"\t\t<div data-elementor-type=\"wp-page\" data-elementor-id=\"14565\" class=\"elementor elementor-14565 elementor-14564\" data-elementor-post-type=\"page\">\n\t\t\t\t<div class=\"elementor-element elementor-element-f72f23f e-flex e-con-boxed e-con e-parent\" data-id=\"f72f23f\" data-element_type=\"container\" data-e-type=\"container\" data-settings=\"{&quot;jet_parallax_layout_list&quot;:[]}\">\n\t\t\t\t\t<div class=\"e-con-inner\">\n\t\t\t\t<div class=\"elementor-element elementor-element-83b0aa5 elementor-widget elementor-widget-spacer\" data-id=\"83b0aa5\" data-element_type=\"widget\" data-e-type=\"widget\" data-widget_type=\"spacer.default\">\n\t\t\t\t<div class=\"elementor-widget-container\">\n\t\t\t\t\t\t\t<div class=\"elementor-spacer\">\n\t\t\t<div class=\"elementor-spacer-inner\"><\/div>\n\t\t<\/div>\n\t\t\t\t\t\t<\/div>\n\t\t\t\t<\/div>\n\t\t\t\t<div class=\"elementor-element elementor-element-5dc8937 elementor-widget elementor-widget-heading\" data-id=\"5dc8937\" data-element_type=\"widget\" data-e-type=\"widget\" data-widget_type=\"heading.default\">\n\t\t\t\t<div class=\"elementor-widget-container\">\n\t\t\t\t\t<h2 class=\"elementor-heading-title elementor-size-default\">Deine Anmeldung f\u00fcr das DIMA-Geb\u00e4rdensprachzertifikat<\/h2>\t\t\t\t<\/div>\n\t\t\t\t<\/div>\n\t\t<div class=\"elementor-element elementor-element-d638745 e-con-full e-flex e-con e-child\" data-id=\"d638745\" data-element_type=\"container\" data-e-type=\"container\" data-settings=\"{&quot;jet_parallax_layout_list&quot;:[]}\">\n\t\t\t\t<div class=\"elementor-element elementor-element-fb809d6 elementor-widget elementor-widget-formidable\" data-id=\"fb809d6\" data-element_type=\"widget\" data-e-type=\"widget\" data-widget_type=\"formidable.default\">\n\t\t\t\t<div class=\"elementor-widget-container\">\n\t\t\t\t\t<div class=\"frm_forms  with_frm_style frm_style_formidable-style\" id=\"frm_form_9_container\" data-token=\"8d09d403cbbbf77bf2b6cc8c1beee011\">\n<form enctype=\"multipart\/form-data\" method=\"post\" class=\"frm-show-form  frm_pro_form \" id=\"form_anmeldung-gs-zertifikat\" data-token=\"8d09d403cbbbf77bf2b6cc8c1beee011\">\n<div class=\"frm_form_fields \">\n<fieldset>\n<legend class=\"frm_screen_reader\">Anmeldung Geb\u00e4rdensprachzertifikat<\/legend>\r\n\r\n<div class=\"frm_fields_container\">\n<input type=\"hidden\" name=\"frm_action\" value=\"create\" \/>\n<input type=\"hidden\" name=\"form_id\" value=\"9\" \/>\n<input type=\"hidden\" name=\"frm_hide_fields_9\" id=\"frm_hide_fields_9\" value=\"\" \/>\n<input type=\"hidden\" name=\"form_key\" value=\"anmeldung-gs-zertifikat\" \/>\n<input type=\"hidden\" name=\"item_meta[0]\" value=\"\" \/>\n<input type=\"hidden\" id=\"frm_submit_entry_9\" name=\"frm_submit_entry_9\" value=\"8ede2cceae\" \/><input type=\"hidden\" name=\"_wp_http_referer\" value=\"\/ls\/wp-json\/wp\/v2\/pages\/14565\" \/><div id=\"frm_field_150_container\" class=\"frm_form_field form-field  frm_required_field frm_top_container frm12 frm_first\">\r\n\t<label for=\"field_zo4034\" id=\"field_zo4034_label\" class=\"frm_primary_label\">Anrede\r\n\t\t<span class=\"frm_required\" aria-hidden=\"true\">*<\/span>\r\n\t<\/label>\r\n\t\t\t<select name=\"item_meta[150]\" id=\"field_zo4034\"  data-frmval=\"Frau\" data-reqmsg=\"Anrede kann nicht leer sein.\" aria-required=\"true\" data-invmsg=\"Anrede ist ung\u00fcltig\" aria-invalid=\"false\"  >\n\t\t<option  value=\"Frau\" selected='selected'>Frau<\/option><option  value=\"Herr\">Herr<\/option>\t<\/select>\n\t\r\n\t\r\n\t\r\n<\/div>\n<div id=\"frm_field_151_container\" class=\"frm_form_field form-field  frm_required_field frm_top_container frm12 frm_first\">\r\n\t<label for=\"field_a1aip\" id=\"field_a1aip_label\" class=\"frm_primary_label\">Vorname\r\n\t\t<span class=\"frm_required\" aria-hidden=\"true\">*<\/span>\r\n\t<\/label>\r\n\t<input  type=\"text\" id=\"field_a1aip\" name=\"item_meta[151]\" value=\"\"  data-reqmsg=\"Vorname kann nicht leer sein.\" aria-required=\"true\" data-invmsg=\"Vorname ist ung\u00fcltig\" aria-invalid=\"false\"   \/>\r\n\t\r\n\t\r\n<\/div>\n<div id=\"frm_field_152_container\" class=\"frm_form_field form-field  frm_required_field frm_top_container frm12 frm_first\">\r\n\t<label for=\"field_yf1ow\" id=\"field_yf1ow_label\" class=\"frm_primary_label\">Nachname\r\n\t\t<span class=\"frm_required\" aria-hidden=\"true\">*<\/span>\r\n\t<\/label>\r\n\t<input  type=\"text\" id=\"field_yf1ow\" name=\"item_meta[152]\" value=\"\"  data-reqmsg=\"Nachname kann nicht leer sein.\" aria-required=\"true\" data-invmsg=\"Nachname ist ung\u00fcltig\" aria-invalid=\"false\"   \/>\r\n\t\r\n\t\r\n<\/div>\n<div id=\"frm_field_153_container\" class=\"frm_form_field form-field  frm_required_field frm_top_container frm12 frm_first\">\r\n\t<label for=\"field_dqmom4\" id=\"field_dqmom4_label\" class=\"frm_primary_label\">Strasse und Hausnummer\r\n\t\t<span class=\"frm_required\" aria-hidden=\"true\">*<\/span>\r\n\t<\/label>\r\n\t<input  type=\"text\" id=\"field_dqmom4\" name=\"item_meta[153]\" value=\"\"  data-reqmsg=\"Strasse und Hausnummer kann nicht leer sein.\" aria-required=\"true\" data-invmsg=\"Strasse und Hausnummer ist ung\u00fcltig\" aria-invalid=\"false\"   \/>\r\n\t\r\n\t\r\n<\/div>\n<div id=\"frm_field_154_container\" class=\"frm_form_field form-field  frm_required_field frm_top_container frm12 frm_first\">\r\n\t<label for=\"field_7vebx4\" id=\"field_7vebx4_label\" class=\"frm_primary_label\">PLZ\r\n\t\t<span class=\"frm_required\" aria-hidden=\"true\">*<\/span>\r\n\t<\/label>\r\n\t<input  type=\"text\" id=\"field_7vebx4\" name=\"item_meta[154]\" value=\"\"  data-reqmsg=\"PLZ kann nicht leer sein.\" aria-required=\"true\" data-invmsg=\"PLZ ist ung\u00fcltig\" aria-invalid=\"false\"   \/>\r\n\t\r\n\t\r\n<\/div>\n<div id=\"frm_field_155_container\" class=\"frm_form_field form-field  frm_required_field frm_top_container frm12 frm_first\">\r\n\t<label for=\"field_gqloj4\" id=\"field_gqloj4_label\" class=\"frm_primary_label\">Ort\r\n\t\t<span class=\"frm_required\" aria-hidden=\"true\">*<\/span>\r\n\t<\/label>\r\n\t<input  type=\"text\" id=\"field_gqloj4\" name=\"item_meta[155]\" value=\"\"  data-reqmsg=\"Ort kann nicht leer sein.\" aria-required=\"true\" data-invmsg=\"Ort ist ung\u00fcltig\" aria-invalid=\"false\"   \/>\r\n\t\r\n\t\r\n<\/div>\n<div id=\"frm_field_156_container\" class=\"frm_form_field form-field  frm_required_field frm_top_container frm12 frm_first\">\r\n\t<label for=\"field_y68sb4\" id=\"field_y68sb4_label\" class=\"frm_primary_label\">E-Mail\r\n\t\t<span class=\"frm_required\" aria-hidden=\"true\">*<\/span>\r\n\t<\/label>\r\n\t<input type=\"email\" id=\"field_y68sb4\" name=\"item_meta[156]\" value=\"\"  autocomplete=\"email\"  data-reqmsg=\"E-Mail kann nicht leer sein.\" aria-required=\"true\" data-invmsg=\"E-Mail ist ung\u00fcltig\" aria-invalid=\"false\"  \/>\r\n\t\r\n\t\r\n<\/div>\n<div id=\"frm_field_157_container\" class=\"frm_form_field form-field  frm_top_container frm12 frm_first\">\r\n\t<label for=\"field_tb5om3\" id=\"field_tb5om3_label\" class=\"frm_primary_label\">Handynummer\r\n\t\t<span class=\"frm_required\" aria-hidden=\"true\"><\/span>\r\n\t<\/label>\r\n\t<input  type=\"text\" id=\"field_tb5om3\" name=\"item_meta[157]\" value=\"\"  data-invmsg=\"Handynummer ist ung\u00fcltig\" aria-invalid=\"false\"   \/>\r\n\t\r\n\t\r\n<\/div>\n<div id=\"frm_field_158_container\" class=\"frm_form_field form-field  frm_required_field frm_top_container\">\r\n\t<label for=\"field_ht77d3\" id=\"field_ht77d3_label\" class=\"frm_primary_label\">Geburtsdatum\r\n\t\t<span class=\"frm_required\" aria-hidden=\"true\">*<\/span>\r\n\t<\/label>\r\n\t<input  type=\"text\" id=\"field_ht77d3\" name=\"item_meta[158]\" value=\"\"  data-reqmsg=\"Geburtsdatum kann nicht leer sein.\" aria-required=\"true\" data-invmsg=\"Geburtsdatum ist ung\u00fcltig\" aria-invalid=\"false\"   \/>\r\n\t\r\n\t\r\n<\/div>\n<div id=\"frm_field_162_container\" class=\"frm_form_field form-field  frm_required_field frm_top_container frm6 frm_first\">\r\n\t<label for=\"field_662g63\" id=\"field_662g63_label\" class=\"frm_primary_label\">H\u00f6rstatus\r\n\t\t<span class=\"frm_required\" aria-hidden=\"true\">*<\/span>\r\n\t<\/label>\r\n\t\t\t<select name=\"item_meta[162]\" id=\"field_662g63\"  data-frmval=\"Geh\u00f6rlos\" data-reqmsg=\"H\u00f6rstatus kann nicht leer sein.\" aria-required=\"true\" data-invmsg=\"H\u00f6rstatus ist ung\u00fcltig\" aria-invalid=\"false\"  >\n\t\t<option  value=\"Geh\u00f6rlos\" selected='selected'>Geh\u00f6rlos<\/option><option  value=\"Schwerh\u00f6rig\">Schwerh\u00f6rig<\/option><option  value=\"H\u00f6rend\">H\u00f6rend<\/option>\t<\/select>\n\t\r\n\t\r\n\t\r\n<\/div>\n<div id=\"frm_field_160_container\" class=\"frm_form_field form-field  frm_top_container frm6\">\r\n\t<label for=\"field_fmo4h3\" id=\"field_fmo4h3_label\" class=\"frm_primary_label\">Woher kommst du?\r\n\t\t<span class=\"frm_required\" aria-hidden=\"true\"><\/span>\r\n\t<\/label>\r\n\t<input  type=\"text\" id=\"field_fmo4h3\" name=\"item_meta[160]\" value=\"\"  data-invmsg=\"Woher kommst du? ist ung\u00fcltig\" aria-invalid=\"false\"   \/>\r\n\t\r\n\t\r\n<\/div>\n<div id=\"frm_field_167_container\" class=\"frm_form_field form-field  frm_required_field frm_top_container vertical_radio\">\r\n\t<div  id=\"field_kp9hs2_label\" class=\"frm_primary_label\">\r\n\t\t<span class=\"frm_required\" aria-hidden=\"true\">*<\/span>\r\n\t<\/div>\r\n\t<div class=\"frm_opt_container\" aria-labelledby=\"field_kp9hs2_label\" role=\"group\">\t\t<div class=\"frm_checkbox\" id=\"frm_checkbox_167-1\">\t\t\t<label  for=\"field_kp9hs2-1\">\n\t\t\t<input type=\"checkbox\" name=\"item_meta[167][]\" id=\"field_kp9hs2-1\" value=\"Ich habe die &lt;a href=&quot;https:\/\/dima-glz.ch\/wp-content\/uploads\/2025\/08\/GS-Zertifikat-PDF-Infos.pdf&quot; target=&quot;_blank&quot;&gt;Ablauf &amp; Anforderungen&lt;\/a&gt; der Pr\u00fcfungsinstitution DIMA gelesen &amp; verstanden.\"  data-reqmsg=\"This field kann nicht leer sein.\" data-invmsg=\"This field ist ung\u00fcltig\"   aria-required=\"true\"  \/> Ich habe die <a href=\"https:\/\/dima-glz.ch\/wp-content\/uploads\/2025\/08\/GS-Zertifikat-PDF-Infos.pdf\" target=\"_blank\">Ablauf &amp; Anforderungen<\/a> der Pr\u00fcfungsinstitution DIMA gelesen &amp; verstanden.<\/label><\/div>\n<\/div>\r\n\t\r\n\t\r\n<\/div>\n<div id=\"frm_field_168_container\" class=\"frm_form_field form-field  frm_required_field frm_top_container vertical_radio\">\r\n\t<div  id=\"field_7oin04_label\" class=\"frm_primary_label\">\r\n\t\t<span class=\"frm_required\" aria-hidden=\"true\">*<\/span>\r\n\t<\/div>\r\n\t<div class=\"frm_opt_container\" aria-labelledby=\"field_7oin04_label\" role=\"group\">\t\t<div class=\"frm_checkbox\" id=\"frm_checkbox_168-1\">\t\t\t<label  for=\"field_7oin04-1\">\n\t\t\t<input type=\"checkbox\" name=\"item_meta[168][]\" id=\"field_7oin04-1\" value=\"Ich stimme zu, dass meine Angaben aus dem Kontaktformular zur Beantwortung meiner Anfrage gem\u00e4ss der &lt;a href=&quot;https:\/\/dima-glz.ch\/wp-admin\/admin.php?page=formidable&amp;frm_action=edit&amp;id=5&quot; target=&quot;_blank&quot;&gt;Datenschutzerkl\u00e4rung&lt;\/a&gt; erhoben und verarbeitet werden.&lt;\/p&gt;\"  data-reqmsg=\"This field kann nicht leer sein.\" data-invmsg=\"This field ist ung\u00fcltig\"   aria-required=\"true\"  \/> Ich stimme zu, dass meine Angaben aus dem Kontaktformular zur Beantwortung meiner Anfrage gem\u00e4ss der <a href=\"https:\/\/dima-glz.ch\/wp-admin\/admin.php?page=formidable&amp;frm_action=edit&amp;id=5\" target=\"_blank\">Datenschutzerkl\u00e4rung<\/a> erhoben und verarbeitet werden.<\/p><\/label><\/div>\n<\/div>\r\n\t\r\n\t\r\n<\/div>\n<div id=\"frm_field_169_container\" class=\"frm_form_field form-field  frm12 frm_first\">\r\n\t<div class=\"frm_submit frm_flex\">\r\n<button class=\"frm_button_submit frm_final_submit\" type=\"submit\"   formnovalidate=\"formnovalidate\">Senden<\/button>\r\n\r\n\r\n\r\n<\/div>\r\n<\/div>\n\t<input type=\"hidden\" name=\"item_key\" value=\"\" \/>\n\t\t\t<div id=\"frm_field_287_container\">\n\t\t\t<label for=\"field_bixlr\" >\n\t\t\t\tIf you are human, leave this field blank.\t\t\t<\/label>\n\t\t\t<input  id=\"field_bixlr\" type=\"text\" class=\"frm_form_field form-field frm_verify\" name=\"item_meta[287]\" value=\"\"  \/>\n\t\t<\/div>\n\t\t<input name=\"frm_state\" type=\"hidden\" value=\"O6I1oHOdb9tjHMefxWX6rD9nDITkTaZSfgkvTIQZwfwR02m1f1B7KeiCBWQKAgQl\" \/><\/div>\n<\/fieldset>\n<\/div>\n\n<\/form>\n<\/div>\n\t\t\t\t<\/div>\n\t\t\t\t<\/div>\n\t\t\t\t<\/div>\n\t\t\t\t\t<\/div>\n\t\t\t\t<\/div>\n\t\t<div class=\"elementor-element elementor-element-ec964ca e-flex e-con-boxed e-con e-parent\" data-id=\"ec964ca\" data-element_type=\"container\" data-e-type=\"container\" data-settings=\"{&quot;jet_parallax_layout_list&quot;:[]}\">\n\t\t\t\t\t<div class=\"e-con-inner\">\n\t\t\t\t\t<\/div>\n\t\t\t\t<\/div>\n\t\t\t\t<\/div>\n\t\t","protected":false},"excerpt":{"rendered":"<p>Deine Anmeldung f\u00fcr das DIMA-Geb\u00e4rdensprachzertifikat Anmeldung Geb\u00e4rdensprachzertifikat Anrede * FrauHerr Vorname * Nachname * Strasse und Hausnummer * PLZ * Ort * E-Mail * Handynummer Geburtsdatum * Aufenthaltsstatus CH B C Ci F G Muttersprache * Anzahl besuchte Schuljahre * H\u00f6rstatus * Geh\u00f6rlosSchwerh\u00f6rigH\u00f6rend Hast du in den letzten 3 Jahren einen Sprachkurs besucht? JA NEIN [&hellip;]<\/p>\n","protected":false},"author":3,"featured_media":0,"parent":1165,"menu_order":0,"comment_status":"closed","ping_status":"closed","template":"","meta":{"footnotes":""},"class_list":["post-14565","page","type-page","status-publish","hentry"],"_links":{"self":[{"href":"https:\/\/dima-glz.ch\/ls\/wp-json\/wp\/v2\/pages\/14565","targetHints":{"allow":["GET"]}}],"collection":[{"href":"https:\/\/dima-glz.ch\/ls\/wp-json\/wp\/v2\/pages"}],"about":[{"href":"https:\/\/dima-glz.ch\/ls\/wp-json\/wp\/v2\/types\/page"}],"author":[{"embeddable":true,"href":"https:\/\/dima-glz.ch\/ls\/wp-json\/wp\/v2\/users\/3"}],"replies":[{"embeddable":true,"href":"https:\/\/dima-glz.ch\/ls\/wp-json\/wp\/v2\/comments?post=14565"}],"version-history":[{"count":0,"href":"https:\/\/dima-glz.ch\/ls\/wp-json\/wp\/v2\/pages\/14565\/revisions"}],"up":[{"embeddable":true,"href":"https:\/\/dima-glz.ch\/ls\/wp-json\/wp\/v2\/pages\/1165"}],"wp:attachment":[{"href":"https:\/\/dima-glz.ch\/ls\/wp-json\/wp\/v2\/media?parent=14565"}],"curies":[{"name":"wp","href":"https:\/\/api.w.org\/{rel}","templated":true}]}}