{"id":14895,"date":"2025-02-24T17:12:38","date_gmt":"2025-02-24T16:12:38","guid":{"rendered":"https:\/\/dima-glz.ch\/impressum-2\/"},"modified":"2025-08-27T10:43:55","modified_gmt":"2025-08-27T08:43:55","slug":"impressum-2","status":"publish","type":"page","link":"https:\/\/dima-glz.ch\/ls\/impressum-2\/","title":{"rendered":"Impressum"},"content":{"rendered":"\t\t<div data-elementor-type=\"wp-page\" data-elementor-id=\"14895\" class=\"elementor elementor-14895 elementor-2087\" data-elementor-post-type=\"page\">\n\t\t\t\t<div class=\"elementor-element elementor-element-944b32a e-flex e-con-boxed e-con e-parent\" data-id=\"944b32a\" data-element_type=\"container\" data-e-type=\"container\" data-settings=\"{&quot;jet_parallax_layout_list&quot;:[]}\">\n\t\t\t\t\t<div class=\"e-con-inner\">\n\t\t\t\t<div class=\"elementor-element elementor-element-c4fad7d elementor-widget elementor-widget-spacer\" data-id=\"c4fad7d\" data-element_type=\"widget\" data-e-type=\"widget\" data-widget_type=\"spacer.default\">\n\t\t\t\t<div class=\"elementor-widget-container\">\n\t\t\t\t\t\t\t<div class=\"elementor-spacer\">\n\t\t\t<div class=\"elementor-spacer-inner\"><\/div>\n\t\t<\/div>\n\t\t\t\t\t\t<\/div>\n\t\t\t\t<\/div>\n\t\t\t\t<div class=\"elementor-element elementor-element-ffed938 elementor-widget elementor-widget-heading\" data-id=\"ffed938\" data-element_type=\"widget\" data-e-type=\"widget\" data-widget_type=\"heading.default\">\n\t\t\t\t<div class=\"elementor-widget-container\">\n\t\t\t\t\t<h2 class=\"elementor-heading-title elementor-size-default\">Impressum<\/h2>\t\t\t\t<\/div>\n\t\t\t\t<\/div>\n\t\t\t\t<div class=\"elementor-element elementor-element-7d7c484 elementor-widget elementor-widget-text-editor\" data-id=\"7d7c484\" data-element_type=\"widget\" data-e-type=\"widget\" data-widget_type=\"text-editor.default\">\n\t\t\t\t<div class=\"elementor-widget-container\">\n\t\t\t\t\t\t\t\t\t<p><strong>Betreiber der Webseite &amp; Inhalte<\/strong><br>DIMA &#8211; Verein f\u00fcr Sprache &amp; Integration<br>Oerlikonerstrasse 98<br>8057 Z\u00fcrich<\/p>\n<p>E-Mail: info@dima-glz.ch<\/p>\n<p><br><\/p>\n<p><strong>Bilder<br><\/strong>Neben eigenen Aufnahmen verwenden wir lizenzfreie und lizenzierte Bilder von verf\u00fcgbaren Datenbanken wie zum Beispiel Canva.<br><span style=\"color: var( --e-global-color-text ); font-family: var( --e-global-typography-text-font-family ), Sans-serif; font-size: var( --e-global-typography-text-font-size ); text-align: var(--text-align);\"><br><b>Hosting<br><\/b>PR24 GmbH<\/span><\/p>\t\t\t\t\t\t\t\t<\/div>\n\t\t\t\t<\/div>\n\t\t\t\t\t<\/div>\n\t\t\t\t<\/div>\n\t\t\t\t<\/div>\n\t\t","protected":false},"excerpt":{"rendered":"<p>Impressum Betreiber der Webseite &amp; InhalteDIMA &#8211; Verein f\u00fcr Sprache &amp; IntegrationOerlikonerstrasse 988057 Z\u00fcrich E-Mail: info@dima-glz.ch BilderNeben eigenen Aufnahmen verwenden wir lizenzfreie und lizenzierte Bilder von verf\u00fcgbaren Datenbanken wie zum Beispiel Canva. HostingPR24 GmbH<\/p>\n","protected":false},"author":1,"featured_media":0,"parent":0,"menu_order":0,"comment_status":"closed","ping_status":"closed","template":"","meta":{"footnotes":""},"class_list":["post-14895","page","type-page","status-publish","hentry"],"_links":{"self":[{"href":"https:\/\/dima-glz.ch\/ls\/wp-json\/wp\/v2\/pages\/14895","targetHints":{"allow":["GET"]}}],"collection":[{"href":"https:\/\/dima-glz.ch\/ls\/wp-json\/wp\/v2\/pages"}],"about":[{"href":"https:\/\/dima-glz.ch\/ls\/wp-json\/wp\/v2\/types\/page"}],"author":[{"embeddable":true,"href":"https:\/\/dima-glz.ch\/ls\/wp-json\/wp\/v2\/users\/1"}],"replies":[{"embeddable":true,"href":"https:\/\/dima-glz.ch\/ls\/wp-json\/wp\/v2\/comments?post=14895"}],"version-history":[{"count":0,"href":"https:\/\/dima-glz.ch\/ls\/wp-json\/wp\/v2\/pages\/14895\/revisions"}],"wp:attachment":[{"href":"https:\/\/dima-glz.ch\/ls\/wp-json\/wp\/v2\/media?parent=14895"}],"curies":[{"name":"wp","href":"https:\/\/api.w.org\/{rel}","templated":true}]}}