{"id":15480,"date":"2025-08-29T09:43:59","date_gmt":"2025-08-29T07:43:59","guid":{"rendered":"https:\/\/dima-glz.ch\/downloads\/"},"modified":"2025-09-19T09:45:45","modified_gmt":"2025-09-19T07:45:45","slug":"downloads","status":"publish","type":"page","link":"https:\/\/dima-glz.ch\/ls\/downloads\/","title":{"rendered":"Downloads"},"content":{"rendered":"\t\t<div data-elementor-type=\"wp-page\" data-elementor-id=\"15480\" class=\"elementor elementor-15480 elementor-15413\" data-elementor-post-type=\"page\">\n\t\t\t\t<div class=\"elementor-element elementor-element-b453998 e-flex e-con-boxed e-con e-parent\" data-id=\"b453998\" data-element_type=\"container\" data-e-type=\"container\" data-settings=\"{&quot;jet_parallax_layout_list&quot;:[]}\">\n\t\t\t\t\t<div class=\"e-con-inner\">\n\t\t\t\t<div class=\"elementor-element elementor-element-0847910 elementor-widget elementor-widget-spacer\" data-id=\"0847910\" data-element_type=\"widget\" data-e-type=\"widget\" data-widget_type=\"spacer.default\">\n\t\t\t\t<div class=\"elementor-widget-container\">\n\t\t\t\t\t\t\t<div class=\"elementor-spacer\">\n\t\t\t<div class=\"elementor-spacer-inner\"><\/div>\n\t\t<\/div>\n\t\t\t\t\t\t<\/div>\n\t\t\t\t<\/div>\n\t\t\t\t<div class=\"elementor-element elementor-element-eda10d4 elementor-widget elementor-widget-heading\" data-id=\"eda10d4\" data-element_type=\"widget\" data-e-type=\"widget\" data-widget_type=\"heading.default\">\n\t\t\t\t<div class=\"elementor-widget-container\">\n\t\t\t\t\t<h2 class=\"elementor-heading-title elementor-size-default\">Downloads<\/h2>\t\t\t\t<\/div>\n\t\t\t\t<\/div>\n\t\t\t\t<div class=\"elementor-element elementor-element-1b30ad6 elementor-widget-divider--view-line elementor-widget elementor-widget-divider\" data-id=\"1b30ad6\" data-element_type=\"widget\" data-e-type=\"widget\" data-widget_type=\"divider.default\">\n\t\t\t\t<div class=\"elementor-widget-container\">\n\t\t\t\t\t\t\t<div class=\"elementor-divider\">\n\t\t\t<span class=\"elementor-divider-separator\">\n\t\t\t\t\t\t<\/span>\n\t\t<\/div>\n\t\t\t\t\t\t<\/div>\n\t\t\t\t<\/div>\n\t\t\t\t\t<\/div>\n\t\t\t\t<\/div>\n\t\t<div class=\"elementor-element elementor-element-42b2b7e e-flex e-con-boxed e-con e-parent\" data-id=\"42b2b7e\" data-element_type=\"container\" data-e-type=\"container\" data-settings=\"{&quot;jet_parallax_layout_list&quot;:[]}\">\n\t\t\t\t\t<div class=\"e-con-inner\">\n\t\t\t\t<div class=\"elementor-element elementor-element-6b05b8f elementor-widget elementor-widget-heading\" data-id=\"6b05b8f\" data-element_type=\"widget\" data-e-type=\"widget\" data-widget_type=\"heading.default\">\n\t\t\t\t<div class=\"elementor-widget-container\">\n\t\t\t\t\t<h2 class=\"elementor-heading-title elementor-size-default\">Bildung | Kurse | Tests<\/h2>\t\t\t\t<\/div>\n\t\t\t\t<\/div>\n\t\t<div class=\"elementor-element elementor-element-0c1c5d7 e-con-full e-flex e-con e-child\" data-id=\"0c1c5d7\" data-element_type=\"container\" data-e-type=\"container\" data-settings=\"{&quot;jet_parallax_layout_list&quot;:[]}\">\n\t\t<div class=\"elementor-element elementor-element-e070ebf e-grid e-con-full e-con e-child\" data-id=\"e070ebf\" data-element_type=\"container\" data-e-type=\"container\" data-settings=\"{&quot;jet_parallax_layout_list&quot;:[]}\">\n\t\t\t\t<div class=\"elementor-element elementor-element-597d0f5 elementor-widget elementor-widget-image\" data-id=\"597d0f5\" data-element_type=\"widget\" data-e-type=\"widget\" data-widget_type=\"image.default\">\n\t\t\t\t<div class=\"elementor-widget-container\">\n\t\t\t\t\t\t\t\t\t\t\t\t\t\t\t<img fetchpriority=\"high\" decoding=\"async\" width=\"720\" height=\"1024\" src=\"https:\/\/dima-glz.ch\/wp-content\/smush-webp\/2025\/08\/fide_A1_A2-720x1024.jpeg.webp\" class=\"attachment-large size-large wp-image-15435\" alt=\"\" srcset=\"https:\/\/dima-glz.ch\/wp-content\/smush-webp\/2025\/08\/fide_A1_A2-720x1024.jpeg.webp 720w, https:\/\/dima-glz.ch\/wp-content\/smush-webp\/2025\/08\/fide_A1_A2-211x300.jpeg.webp 211w, https:\/\/dima-glz.ch\/wp-content\/smush-webp\/2025\/08\/fide_A1_A2-768x1093.jpeg.webp 768w, https:\/\/dima-glz.ch\/wp-content\/smush-webp\/2025\/08\/fide_A1_A2-1080x1536.jpeg.webp 1080w, https:\/\/dima-glz.ch\/wp-content\/smush-webp\/2025\/08\/fide_A1_A2.jpeg.webp 1178w\" sizes=\"(max-width: 720px) 100vw, 720px\" \/>\t\t\t\t\t\t\t\t\t\t\t\t\t\t\t<\/div>\n\t\t\t\t<\/div>\n\t\t\t\t<div class=\"elementor-element elementor-element-0b0ef36 elementor-widget elementor-widget-image\" data-id=\"0b0ef36\" data-element_type=\"widget\" data-e-type=\"widget\" data-widget_type=\"image.default\">\n\t\t\t\t<div class=\"elementor-widget-container\">\n\t\t\t\t\t\t\t\t\t\t\t\t\t\t\t<img decoding=\"async\" width=\"716\" height=\"1024\" src=\"https:\/\/dima-glz.ch\/wp-content\/smush-webp\/2025\/08\/fide_A2_B1-716x1024.jpeg.webp\" class=\"attachment-large size-large wp-image-15433\" alt=\"\" srcset=\"https:\/\/dima-glz.ch\/wp-content\/smush-webp\/2025\/08\/fide_A2_B1-716x1024.jpeg.webp 716w, https:\/\/dima-glz.ch\/wp-content\/smush-webp\/2025\/08\/fide_A2_B1-210x300.jpeg.webp 210w, https:\/\/dima-glz.ch\/wp-content\/smush-webp\/2025\/08\/fide_A2_B1-768x1098.jpeg.webp 768w, https:\/\/dima-glz.ch\/wp-content\/smush-webp\/2025\/08\/fide_A2_B1-1074x1536.jpeg.webp 1074w, https:\/\/dima-glz.ch\/wp-content\/smush-webp\/2025\/08\/fide_A2_B1.jpeg.webp 1176w\" sizes=\"(max-width: 716px) 100vw, 716px\" \/>\t\t\t\t\t\t\t\t\t\t\t\t\t\t\t<\/div>\n\t\t\t\t<\/div>\n\t\t\t\t<\/div>\n\t\t\t\t<\/div>\n\t\t<div class=\"elementor-element elementor-element-b466679 e-con-full e-flex e-con e-child\" data-id=\"b466679\" data-element_type=\"container\" data-e-type=\"container\" data-settings=\"{&quot;jet_parallax_layout_list&quot;:[]}\">\n\t\t<div class=\"elementor-element elementor-element-4179f81 e-grid e-con-full e-con e-child\" data-id=\"4179f81\" data-element_type=\"container\" data-e-type=\"container\" data-settings=\"{&quot;jet_parallax_layout_list&quot;:[]}\">\n\t\t\t\t<div class=\"elementor-element elementor-element-add780b elementor-widget elementor-widget-heading\" data-id=\"add780b\" data-element_type=\"widget\" data-e-type=\"widget\" data-widget_type=\"heading.default\">\n\t\t\t\t<div class=\"elementor-widget-container\">\n\t\t\t\t\t<h2 class=\"elementor-heading-title elementor-size-default\"><a href=\"https:\/\/dima-glz.ch\/wp-content\/uploads\/2025\/08\/fideDE_MV_LesenSchreiben_A1_A2.pdf\" target=\"_blank\">fide-\u00dcbungstest A1- A2<\/a><\/h2>\t\t\t\t<\/div>\n\t\t\t\t<\/div>\n\t\t\t\t<div class=\"elementor-element elementor-element-ff98e06 elementor-widget elementor-widget-heading\" data-id=\"ff98e06\" data-element_type=\"widget\" data-e-type=\"widget\" data-widget_type=\"heading.default\">\n\t\t\t\t<div class=\"elementor-widget-container\">\n\t\t\t\t\t<h2 class=\"elementor-heading-title elementor-size-default\"><a href=\"https:\/\/dima-glz.ch\/wp-content\/uploads\/2025\/08\/fideDE_MV_LesenSchreiben_A2_B1.pdf\" target=\"_blank\">fide-\u00dcbungstest A2 - B1<\/a><\/h2>\t\t\t\t<\/div>\n\t\t\t\t<\/div>\n\t\t\t\t<\/div>\n\t\t\t\t<\/div>\n\t\t\t\t\t<\/div>\n\t\t\t\t<\/div>\n\t\t<div class=\"elementor-element elementor-element-35ff107 e-flex e-con-boxed e-con e-parent\" data-id=\"35ff107\" data-element_type=\"container\" data-e-type=\"container\" data-settings=\"{&quot;jet_parallax_layout_list&quot;:[]}\">\n\t\t\t\t\t<div class=\"e-con-inner\">\n\t\t\t\t<div class=\"elementor-element elementor-element-34dd307 elementor-widget elementor-widget-heading\" data-id=\"34dd307\" data-element_type=\"widget\" data-e-type=\"widget\" data-widget_type=\"heading.default\">\n\t\t\t\t<div class=\"elementor-widget-container\">\n\t\t\t\t\t<h2 class=\"elementor-heading-title elementor-size-default\">Arbeit &amp; Job-Coaching<\/h2>\t\t\t\t<\/div>\n\t\t\t\t<\/div>\n\t\t<div class=\"elementor-element elementor-element-5b6318b e-con-full e-flex e-con e-child\" data-id=\"5b6318b\" data-element_type=\"container\" data-e-type=\"container\" data-settings=\"{&quot;jet_parallax_layout_list&quot;:[]}\">\n\t\t<div class=\"elementor-element elementor-element-5916566 e-grid e-con-full e-con e-child\" data-id=\"5916566\" data-element_type=\"container\" data-e-type=\"container\" data-settings=\"{&quot;jet_parallax_layout_list&quot;:[]}\">\n\t\t\t\t<div class=\"elementor-element elementor-element-bdd3482 elementor-widget elementor-widget-image\" data-id=\"bdd3482\" data-element_type=\"widget\" data-e-type=\"widget\" data-widget_type=\"image.default\">\n\t\t\t\t<div class=\"elementor-widget-container\">\n\t\t\t\t\t\t\t\t\t\t\t\t\t\t\t<img decoding=\"async\" width=\"800\" height=\"987\" src=\"https:\/\/dima-glz.ch\/wp-content\/smush-webp\/2025\/08\/Arbeit_Chance_Erfolg-1-830x1024.jpeg.webp\" class=\"attachment-large size-large wp-image-15440\" alt=\"\" srcset=\"https:\/\/dima-glz.ch\/wp-content\/smush-webp\/2025\/08\/Arbeit_Chance_Erfolg-1-830x1024.jpeg.webp 830w, https:\/\/dima-glz.ch\/wp-content\/smush-webp\/2025\/08\/Arbeit_Chance_Erfolg-1-243x300.jpeg.webp 243w, https:\/\/dima-glz.ch\/wp-content\/smush-webp\/2025\/08\/Arbeit_Chance_Erfolg-1-768x947.jpeg.webp 768w, https:\/\/dima-glz.ch\/wp-content\/smush-webp\/2025\/08\/Arbeit_Chance_Erfolg-1.jpeg.webp 916w\" sizes=\"(max-width: 800px) 100vw, 800px\" \/>\t\t\t\t\t\t\t\t\t\t\t\t\t\t\t<\/div>\n\t\t\t\t<\/div>\n\t\t\t\t<div class=\"elementor-element elementor-element-ec62921 elementor-widget elementor-widget-image\" data-id=\"ec62921\" data-element_type=\"widget\" data-e-type=\"widget\" data-widget_type=\"image.default\">\n\t\t\t\t<div class=\"elementor-widget-container\">\n\t\t\t\t\t\t\t\t\t\t\t\t\t\t\t<img loading=\"lazy\" decoding=\"async\" width=\"800\" height=\"998\" src=\"https:\/\/dima-glz.ch\/wp-content\/smush-webp\/2025\/08\/Flyer_Job_Coaching-821x1024.jpeg.webp\" class=\"attachment-large size-large wp-image-15431\" alt=\"\" srcset=\"https:\/\/dima-glz.ch\/wp-content\/smush-webp\/2025\/08\/Flyer_Job_Coaching-821x1024.jpeg.webp 821w, https:\/\/dima-glz.ch\/wp-content\/smush-webp\/2025\/08\/Flyer_Job_Coaching-240x300.jpeg.webp 240w, https:\/\/dima-glz.ch\/wp-content\/smush-webp\/2025\/08\/Flyer_Job_Coaching-768x958.jpeg.webp 768w, https:\/\/dima-glz.ch\/wp-content\/smush-webp\/2025\/08\/Flyer_Job_Coaching-1231x1536.jpeg.webp 1231w, https:\/\/dima-glz.ch\/wp-content\/smush-webp\/2025\/08\/Flyer_Job_Coaching.jpeg.webp 1252w\" sizes=\"(max-width: 800px) 100vw, 800px\" \/>\t\t\t\t\t\t\t\t\t\t\t\t\t\t\t<\/div>\n\t\t\t\t<\/div>\n\t\t\t\t<div class=\"elementor-element elementor-element-9c13e59 elementor-widget elementor-widget-image\" data-id=\"9c13e59\" data-element_type=\"widget\" data-e-type=\"widget\" data-widget_type=\"image.default\">\n\t\t\t\t<div class=\"elementor-widget-container\">\n\t\t\t\t\t\t\t\t\t\t\t\t\t\t\t<img decoding=\"async\" src=\"https:\/\/dima-glz.ch\/wp-content\/smush-webp\/2025\/08\/Bildschirmfoto-2025-08-29-um-09.58.39.png.webp\" title=\"Bildschirmfoto 2025-08-29 um 09.58.39\" alt=\"Bildschirmfoto 2025-08-29 um 09.58.39\" loading=\"lazy\" \/>\t\t\t\t\t\t\t\t\t\t\t\t\t\t\t<\/div>\n\t\t\t\t<\/div>\n\t\t\t\t<\/div>\n\t\t\t\t<\/div>\n\t\t\t\t\t<\/div>\n\t\t\t\t<\/div>\n\t\t<div class=\"elementor-element elementor-element-5a9495e e-flex e-con-boxed e-con e-parent\" data-id=\"5a9495e\" data-element_type=\"container\" data-e-type=\"container\" data-settings=\"{&quot;jet_parallax_layout_list&quot;:[]}\">\n\t\t\t\t\t<div class=\"e-con-inner\">\n\t\t<div class=\"elementor-element elementor-element-e9733ae e-grid e-con-full e-con e-child\" data-id=\"e9733ae\" data-element_type=\"container\" data-e-type=\"container\" data-settings=\"{&quot;jet_parallax_layout_list&quot;:[]}\">\n\t\t\t\t<div class=\"elementor-element elementor-element-efcc1a0 elementor-widget elementor-widget-heading\" data-id=\"efcc1a0\" data-element_type=\"widget\" data-e-type=\"widget\" data-widget_type=\"heading.default\">\n\t\t\t\t<div class=\"elementor-widget-container\">\n\t\t\t\t\t<h2 class=\"elementor-heading-title elementor-size-default\"><a href=\"https:\/\/dima-glz.ch\/wp-content\/smush-webp\/2025\/08\/Arbeit_Chance_Erfolg-1.jpeg.webp\" target=\"_blank\">Flyer Arbeit Chance Erfolg<\/a><\/h2>\t\t\t\t<\/div>\n\t\t\t\t<\/div>\n\t\t\t\t<div class=\"elementor-element elementor-element-1b128fe elementor-widget elementor-widget-heading\" data-id=\"1b128fe\" data-element_type=\"widget\" data-e-type=\"widget\" data-widget_type=\"heading.default\">\n\t\t\t\t<div class=\"elementor-widget-container\">\n\t\t\t\t\t<h2 class=\"elementor-heading-title elementor-size-default\"><a href=\"https:\/\/dima-glz.ch\/wp-content\/uploads\/2025\/08\/Flyer_Arbei_Chance_Erfolg.pdf\" target=\"_blank\">Flyer Job-Coaching<\/a><\/h2>\t\t\t\t<\/div>\n\t\t\t\t<\/div>\n\t\t\t\t<div class=\"elementor-element elementor-element-531f2b4 elementor-widget elementor-widget-heading\" data-id=\"531f2b4\" data-element_type=\"widget\" data-e-type=\"widget\" data-widget_type=\"heading.default\">\n\t\t\t\t<div class=\"elementor-widget-container\">\n\t\t\t\t\t<h2 class=\"elementor-heading-title elementor-size-default\"><a href=\"https:\/\/dima-glz.ch\/wp-content\/uploads\/2025\/08\/Leporello_Arbeit_Chance_Erfolg-1.pdf\" target=\"_blank\">Leporello Geh\u00f6rlosigkeit am Arbeitsplatz<\/a><\/h2>\t\t\t\t<\/div>\n\t\t\t\t<\/div>\n\t\t\t\t<\/div>\n\t\t\t\t\t<\/div>\n\t\t\t\t<\/div>\n\t\t<div class=\"elementor-element elementor-element-a6594ef e-flex e-con-boxed e-con e-parent\" data-id=\"a6594ef\" data-element_type=\"container\" data-e-type=\"container\" data-settings=\"{&quot;jet_parallax_layout_list&quot;:[]}\">\n\t\t\t\t\t<div class=\"e-con-inner\">\n\t\t\t\t<div class=\"elementor-element elementor-element-dfade64 elementor-widget elementor-widget-heading\" data-id=\"dfade64\" data-element_type=\"widget\" data-e-type=\"widget\" data-widget_type=\"heading.default\">\n\t\t\t\t<div class=\"elementor-widget-container\">\n\t\t\t\t\t<h2 class=\"elementor-heading-title elementor-size-default\">\u00dcber DIMA<\/h2>\t\t\t\t<\/div>\n\t\t\t\t<\/div>\n\t\t<div class=\"elementor-element elementor-element-d7d9c7c e-con-full e-flex e-con e-child\" data-id=\"d7d9c7c\" data-element_type=\"container\" data-e-type=\"container\" data-settings=\"{&quot;jet_parallax_layout_list&quot;:[]}\">\n\t\t<div class=\"elementor-element elementor-element-a45530b e-grid e-con-full e-con e-child\" data-id=\"a45530b\" data-element_type=\"container\" data-e-type=\"container\" data-settings=\"{&quot;jet_parallax_layout_list&quot;:[]}\">\n\t\t\t\t<div class=\"elementor-element elementor-element-bde0a65 elementor-widget elementor-widget-image\" data-id=\"bde0a65\" data-element_type=\"widget\" data-e-type=\"widget\" data-widget_type=\"image.default\">\n\t\t\t\t<div class=\"elementor-widget-container\">\n\t\t\t\t\t\t\t\t\t\t\t\t\t\t\t<img loading=\"lazy\" decoding=\"async\" width=\"767\" height=\"1024\" src=\"https:\/\/dima-glz.ch\/wp-content\/smush-webp\/2025\/08\/Bildung_Schafft_chancen-767x1024.jpeg.webp\" class=\"attachment-large size-large wp-image-15437\" alt=\"\" srcset=\"https:\/\/dima-glz.ch\/wp-content\/smush-webp\/2025\/08\/Bildung_Schafft_chancen-767x1024.jpeg.webp 767w, https:\/\/dima-glz.ch\/wp-content\/smush-webp\/2025\/08\/Bildung_Schafft_chancen-225x300.jpeg.webp 225w, https:\/\/dima-glz.ch\/wp-content\/smush-webp\/2025\/08\/Bildung_Schafft_chancen-768x1025.jpeg.webp 768w, https:\/\/dima-glz.ch\/wp-content\/smush-webp\/2025\/08\/Bildung_Schafft_chancen-1151x1536.jpeg.webp 1151w, https:\/\/dima-glz.ch\/wp-content\/smush-webp\/2025\/08\/Bildung_Schafft_chancen.jpeg.webp 1160w\" sizes=\"(max-width: 767px) 100vw, 767px\" \/>\t\t\t\t\t\t\t\t\t\t\t\t\t\t\t<\/div>\n\t\t\t\t<\/div>\n\t\t\t\t<\/div>\n\t\t\t\t<\/div>\n\t\t\t\t\t<\/div>\n\t\t\t\t<\/div>\n\t\t<div class=\"elementor-element elementor-element-5c84e97 e-flex e-con-boxed e-con e-parent\" data-id=\"5c84e97\" data-element_type=\"container\" data-e-type=\"container\" data-settings=\"{&quot;jet_parallax_layout_list&quot;:[]}\">\n\t\t\t\t\t<div class=\"e-con-inner\">\n\t\t<div class=\"elementor-element elementor-element-44704d1 e-grid e-con-full e-con e-child\" data-id=\"44704d1\" data-element_type=\"container\" data-e-type=\"container\" data-settings=\"{&quot;jet_parallax_layout_list&quot;:[]}\">\n\t\t\t\t<div class=\"elementor-element elementor-element-f13400b elementor-widget elementor-widget-heading\" data-id=\"f13400b\" data-element_type=\"widget\" data-e-type=\"widget\" data-widget_type=\"heading.default\">\n\t\t\t\t<div class=\"elementor-widget-container\">\n\t\t\t\t\t<h2 class=\"elementor-heading-title elementor-size-default\"><a href=\"https:\/\/dima-glz.ch\/wp-content\/smush-webp\/2025\/08\/Bildung_Schafft_chancen.jpeg.webp\" target=\"_blank\">Flyer Bildung schafft Chancen<\/a><\/h2>\t\t\t\t<\/div>\n\t\t\t\t<\/div>\n\t\t\t\t<\/div>\n\t\t\t\t\t<\/div>\n\t\t\t\t<\/div>\n\t\t\t\t<\/div>\n\t\t","protected":false},"excerpt":{"rendered":"<p>Downloads Bildung | Kurse | Tests fide-\u00dcbungstest A1- A2 fide-\u00dcbungstest A2 &#8211; B1 Arbeit &amp; Job-Coaching Flyer Arbeit Chance Erfolg Flyer Job-Coaching Leporello Geh\u00f6rlosigkeit am Arbeitsplatz \u00dcber DIMA Flyer Bildung schafft Chancen<\/p>\n","protected":false},"author":3,"featured_media":0,"parent":0,"menu_order":0,"comment_status":"closed","ping_status":"closed","template":"","meta":{"footnotes":""},"class_list":["post-15480","page","type-page","status-publish","hentry"],"_links":{"self":[{"href":"https:\/\/dima-glz.ch\/ls\/wp-json\/wp\/v2\/pages\/15480","targetHints":{"allow":["GET"]}}],"collection":[{"href":"https:\/\/dima-glz.ch\/ls\/wp-json\/wp\/v2\/pages"}],"about":[{"href":"https:\/\/dima-glz.ch\/ls\/wp-json\/wp\/v2\/types\/page"}],"author":[{"embeddable":true,"href":"https:\/\/dima-glz.ch\/ls\/wp-json\/wp\/v2\/users\/3"}],"replies":[{"embeddable":true,"href":"https:\/\/dima-glz.ch\/ls\/wp-json\/wp\/v2\/comments?post=15480"}],"version-history":[{"count":0,"href":"https:\/\/dima-glz.ch\/ls\/wp-json\/wp\/v2\/pages\/15480\/revisions"}],"wp:attachment":[{"href":"https:\/\/dima-glz.ch\/ls\/wp-json\/wp\/v2\/media?parent=15480"}],"curies":[{"name":"wp","href":"https:\/\/api.w.org\/{rel}","templated":true}]}}