{"id":16628,"date":"2025-10-28T11:09:32","date_gmt":"2025-10-28T10:09:32","guid":{"rendered":"https:\/\/dima-glz.ch\/?page_id=16628"},"modified":"2025-10-28T11:51:31","modified_gmt":"2025-10-28T10:51:31","slug":"filme-und-unterrichtsmaterial","status":"publish","type":"page","link":"https:\/\/dima-glz.ch\/ls\/arbeitsintegration\/filme-und-unterrichtsmaterial\/","title":{"rendered":"Filme &amp; Unterrichtsmaterial"},"content":{"rendered":"\t\t<div data-elementor-type=\"wp-page\" data-elementor-id=\"16628\" class=\"elementor elementor-16628\" data-elementor-post-type=\"page\">\n\t\t\t\t<div class=\"elementor-element elementor-element-c50af1b e-flex e-con-boxed e-con e-parent\" data-id=\"c50af1b\" data-element_type=\"container\" data-e-type=\"container\" data-settings=\"{&quot;jet_parallax_layout_list&quot;:[]}\">\n\t\t\t\t\t<div class=\"e-con-inner\">\n\t\t<div class=\"elementor-element elementor-element-4e42468 e-con-full e-flex e-con e-child\" data-id=\"4e42468\" data-element_type=\"container\" data-e-type=\"container\" data-settings=\"{&quot;jet_parallax_layout_list&quot;:[]}\">\n\t\t<div class=\"elementor-element elementor-element-7c7a347 e-con-full e-flex e-con e-child\" data-id=\"7c7a347\" data-element_type=\"container\" data-e-type=\"container\" data-settings=\"{&quot;jet_parallax_layout_list&quot;:[]}\">\n\t\t<div class=\"elementor-element elementor-element-c39143e e-con-full e-flex e-con e-child\" data-id=\"c39143e\" data-element_type=\"container\" data-e-type=\"container\" data-settings=\"{&quot;background_background&quot;:&quot;classic&quot;,&quot;jet_parallax_layout_list&quot;:[]}\">\n\t\t<div class=\"elementor-element elementor-element-d7634cd e-con-full e-flex e-con e-child\" data-id=\"d7634cd\" data-element_type=\"container\" data-e-type=\"container\" data-settings=\"{&quot;jet_parallax_layout_list&quot;:[]}\">\n\t\t\t\t<div class=\"elementor-element elementor-element-fc12ffd elementor-widget elementor-widget-heading\" data-id=\"fc12ffd\" data-element_type=\"widget\" data-e-type=\"widget\" data-widget_type=\"heading.default\">\n\t\t\t\t<div class=\"elementor-widget-container\">\n\t\t\t\t\t<h2 class=\"elementor-heading-title elementor-size-default\">DIMA Filme &amp; Unterrichtsmaterial<\/h2>\t\t\t\t<\/div>\n\t\t\t\t<\/div>\n\t\t\t\t<div class=\"elementor-element elementor-element-64c6069 elementor-widget elementor-widget-text-editor\" data-id=\"64c6069\" data-element_type=\"widget\" data-e-type=\"widget\" data-widget_type=\"text-editor.default\">\n\t\t\t\t<div class=\"elementor-widget-container\">\n\t\t\t\t\t\t\t\t\t<p>\u00abunerh\u00f6rt motiviert\u00bb stellen wir euch 4 Erfolgsgeschichten von geh\u00f6rlosen Menschen am Arbeitsplatz vor. Sie alle sind Beispiel daf\u00fcr, dass die Integration von geh\u00f6rlosen Menschen in h\u00f6renden Teams gelingen kann. Unsere Filmreihe soll Arbeitgebende, HR-Verantwortliche und Teams sensibilisieren, mehr \u00fcber die Zusammen-arbeit mit Geh\u00f6rlosen zu erfahren. Authentisch und alltagsnah berichten F\u00fchrungspersonen aus ihrem Alltag in einem inklusiven Team und wie Diversit\u00e4t f\u00fcr jedes Unternehmen ein Erfolgsfaktor sein kann.&nbsp;<\/p>\t\t\t\t\t\t\t\t<\/div>\n\t\t\t\t<\/div>\n\t\t\t\t<div class=\"elementor-element elementor-element-8ceda02 elementor-widget-divider--view-line elementor-widget elementor-widget-divider\" data-id=\"8ceda02\" data-element_type=\"widget\" data-e-type=\"widget\" data-widget_type=\"divider.default\">\n\t\t\t\t<div class=\"elementor-widget-container\">\n\t\t\t\t\t\t\t<div class=\"elementor-divider\">\n\t\t\t<span class=\"elementor-divider-separator\">\n\t\t\t\t\t\t<\/span>\n\t\t<\/div>\n\t\t\t\t\t\t<\/div>\n\t\t\t\t<\/div>\n\t\t\t\t<\/div>\n\t\t\t\t<\/div>\n\t\t<div class=\"elementor-element elementor-element-154c33f e-grid e-con-full e-con e-child\" data-id=\"154c33f\" data-element_type=\"container\" data-e-type=\"container\" data-settings=\"{&quot;jet_parallax_layout_list&quot;:[]}\">\n\t\t\t\t<div class=\"elementor-element elementor-element-f2faecd elementor-widget elementor-widget-image\" data-id=\"f2faecd\" data-element_type=\"widget\" data-e-type=\"widget\" data-widget_type=\"image.default\">\n\t\t\t\t<div class=\"elementor-widget-container\">\n\t\t\t\t\t\t\t\t\t\t\t\t\t\t\t\t<a href=\"https:\/\/dima-glz.ch\/arbeitintegration\/unterrichtsmaterial-unerhoert-motiviert\/\">\n\t\t\t\t\t\t\t<img fetchpriority=\"high\" decoding=\"async\" width=\"675\" height=\"579\" src=\"https:\/\/dima-glz.ch\/wp-content\/smush-webp\/2025\/10\/Bildschirmfoto-2025-10-28-um-11.27.37.png.webp\" class=\"attachment-large size-large wp-image-16645\" alt=\"\" srcset=\"https:\/\/dima-glz.ch\/wp-content\/smush-webp\/2025\/10\/Bildschirmfoto-2025-10-28-um-11.27.37.png.webp 675w, https:\/\/dima-glz.ch\/wp-content\/smush-webp\/2025\/10\/Bildschirmfoto-2025-10-28-um-11.27.37-300x257.png.webp 300w\" sizes=\"(max-width: 675px) 100vw, 675px\" \/>\t\t\t\t\t\t\t\t<\/a>\n\t\t\t\t\t\t\t\t\t\t\t\t\t\t\t<\/div>\n\t\t\t\t<\/div>\n\t\t\t\t<div class=\"elementor-element elementor-element-6861d11 elementor-widget elementor-widget-image\" data-id=\"6861d11\" data-element_type=\"widget\" data-e-type=\"widget\" data-widget_type=\"image.default\">\n\t\t\t\t<div class=\"elementor-widget-container\">\n\t\t\t\t\t\t\t\t\t\t\t\t\t\t\t\t<a href=\"https:\/\/dima-glz.ch\/arbeitintegration\/kurzfilme-unerhoert-motiviert\/\">\n\t\t\t\t\t\t\t<img decoding=\"async\" width=\"620\" height=\"575\" src=\"https:\/\/dima-glz.ch\/wp-content\/smush-webp\/2025\/10\/Bildschirmfoto-2025-10-28-um-11.29.36.png.webp\" class=\"attachment-large size-large wp-image-16648\" alt=\"\" srcset=\"https:\/\/dima-glz.ch\/wp-content\/smush-webp\/2025\/10\/Bildschirmfoto-2025-10-28-um-11.29.36.png.webp 620w, https:\/\/dima-glz.ch\/wp-content\/smush-webp\/2025\/10\/Bildschirmfoto-2025-10-28-um-11.29.36-300x278.png.webp 300w\" sizes=\"(max-width: 620px) 100vw, 620px\" \/>\t\t\t\t\t\t\t\t<\/a>\n\t\t\t\t\t\t\t\t\t\t\t\t\t\t\t<\/div>\n\t\t\t\t<\/div>\n\t\t\t\t<div class=\"elementor-element elementor-element-11ed631 elementor-widget elementor-widget-text-editor\" data-id=\"11ed631\" data-element_type=\"widget\" data-e-type=\"widget\" data-widget_type=\"text-editor.default\">\n\t\t\t\t<div class=\"elementor-widget-container\">\n\t\t\t\t\t\t\t\t\t<p><span style=\"color: rgba(2, 1, 1, 0.52); font-size: 22px;\">Wir stellen euch 4 Erfolgsgeschichten von geh\u00f6rlosen Menschen am Arbeitsplatz vor. Sie alle sind Beispiel daf\u00fcr, dass die Integration von geh\u00f6rlosen Menschen in h\u00f6renden Teams gelingen kann. Diese Filmreihe soll Arbeitgebende, HR-Verantwortliche und Teams sensibilisieren, mehr \u00fcber die Zusammenarbeit mit Geh\u00f6rlosen zu erfahren. Authentisch und alltagsnah berichten F\u00fchrungspersonen &amp; Mitarbeitende aus ihrem Alltag in einem inklusiven Team.<\/span><\/p>\t\t\t\t\t\t\t\t<\/div>\n\t\t\t\t<\/div>\n\t\t\t\t<div class=\"elementor-element elementor-element-6cb4be2 elementor-widget elementor-widget-text-editor\" data-id=\"6cb4be2\" data-element_type=\"widget\" data-e-type=\"widget\" data-widget_type=\"text-editor.default\">\n\t\t\t\t<div class=\"elementor-widget-container\">\n\t\t\t\t\t\t\t\t\t<p><span style=\"color: rgba(2, 1, 1, 0.52); font-size: 22px;\" data-contrast=\"auto\">Hier findest du visuelles Unterrichtsmaterial f\u00fcr Junge Erwachsene, die sich auf dem Weg in die Arbeitswelt befinden. Die Kurzfilme vermitteln welche Regeln und Verhaltensweisen bei der Vorbereitung auf ein Vorstellungsgespr\u00e4ch gelten und geben Tips zum Verhalten und Auftreten am Arbeitsplatz. Dieses Wissen kann wegweisend f\u00fcr einen erfolgreichen (Wieder-)Einstieg in den Arbeitsmarkt sein und st\u00e4rkt die Chancen der Jugendlichen.<\/span><\/p>\t\t\t\t\t\t\t\t<\/div>\n\t\t\t\t<\/div>\n\t\t\t\t<\/div>\n\t\t<div class=\"elementor-element elementor-element-86e635f e-grid e-con-full e-con e-child\" data-id=\"86e635f\" data-element_type=\"container\" data-e-type=\"container\" data-settings=\"{&quot;jet_parallax_layout_list&quot;:[]}\">\n\t\t\t\t<div class=\"elementor-element elementor-element-287c2b8 elementor-widget elementor-widget-button\" data-id=\"287c2b8\" data-element_type=\"widget\" data-e-type=\"widget\" data-widget_type=\"button.default\">\n\t\t\t\t<div class=\"elementor-widget-container\">\n\t\t\t\t\t\t\t\t\t<div class=\"elementor-button-wrapper\">\n\t\t\t\t\t<a class=\"elementor-button elementor-button-link elementor-size-sm\" href=\"https:\/\/dima-glz.ch\/arbeitintegration\/unterrichtsmaterial-unerhoert-motiviert\/\">\n\t\t\t\t\t\t<span class=\"elementor-button-content-wrapper\">\n\t\t\t\t\t\t\t\t\t<span class=\"elementor-button-text\">Weiter zu den Erfolgsgeschichten<\/span>\n\t\t\t\t\t<\/span>\n\t\t\t\t\t<\/a>\n\t\t\t\t<\/div>\n\t\t\t\t\t\t\t\t<\/div>\n\t\t\t\t<\/div>\n\t\t\t\t<div class=\"elementor-element elementor-element-9934426 elementor-widget elementor-widget-button\" data-id=\"9934426\" data-element_type=\"widget\" data-e-type=\"widget\" data-widget_type=\"button.default\">\n\t\t\t\t<div class=\"elementor-widget-container\">\n\t\t\t\t\t\t\t\t\t<div class=\"elementor-button-wrapper\">\n\t\t\t\t\t<a class=\"elementor-button elementor-button-link elementor-size-sm\" href=\"https:\/\/dima-glz.ch\/arbeitintegration\/kurzfilme-unerhoert-motiviert\/\">\n\t\t\t\t\t\t<span class=\"elementor-button-content-wrapper\">\n\t\t\t\t\t\t\t\t\t<span class=\"elementor-button-text\">Weiter zum Unterrichtsmaterial<\/span>\n\t\t\t\t\t<\/span>\n\t\t\t\t\t<\/a>\n\t\t\t\t<\/div>\n\t\t\t\t\t\t\t\t<\/div>\n\t\t\t\t<\/div>\n\t\t\t\t<\/div>\n\t\t\t\t<div class=\"elementor-element elementor-element-0cfc7d7 elementor-widget-divider--view-line elementor-widget elementor-widget-divider\" data-id=\"0cfc7d7\" data-element_type=\"widget\" data-e-type=\"widget\" data-widget_type=\"divider.default\">\n\t\t\t\t<div class=\"elementor-widget-container\">\n\t\t\t\t\t\t\t<div class=\"elementor-divider\">\n\t\t\t<span class=\"elementor-divider-separator\">\n\t\t\t\t\t\t<\/span>\n\t\t<\/div>\n\t\t\t\t\t\t<\/div>\n\t\t\t\t<\/div>\n\t\t<div class=\"elementor-element elementor-element-7977c1d e-grid e-con-full e-con e-child\" data-id=\"7977c1d\" data-element_type=\"container\" data-e-type=\"container\" data-settings=\"{&quot;jet_parallax_layout_list&quot;:[]}\">\n\t\t\t\t<div class=\"elementor-element elementor-element-79c6181 elementor-widget elementor-widget-image\" data-id=\"79c6181\" data-element_type=\"widget\" data-e-type=\"widget\" data-widget_type=\"image.default\">\n\t\t\t\t<div class=\"elementor-widget-container\">\n\t\t\t\t\t\t\t\t\t\t\t\t\t\t\t<img decoding=\"async\" width=\"630\" height=\"390\" src=\"https:\/\/dima-glz.ch\/wp-content\/smush-webp\/2025\/05\/Bildschirmfoto-2025-05-18-um-11.00.59.png.webp\" class=\"attachment-large size-large wp-image-10962\" alt=\"\" srcset=\"https:\/\/dima-glz.ch\/wp-content\/smush-webp\/2025\/05\/Bildschirmfoto-2025-05-18-um-11.00.59.png.webp 630w, https:\/\/dima-glz.ch\/wp-content\/smush-webp\/2025\/05\/Bildschirmfoto-2025-05-18-um-11.00.59-300x186.png.webp 300w\" sizes=\"(max-width: 630px) 100vw, 630px\" \/>\t\t\t\t\t\t\t\t\t\t\t\t\t\t\t<\/div>\n\t\t\t\t<\/div>\n\t\t\t\t<div class=\"elementor-element elementor-element-8808d11 elementor-widget elementor-widget-text-editor\" data-id=\"8808d11\" data-element_type=\"widget\" data-e-type=\"widget\" data-widget_type=\"text-editor.default\">\n\t\t\t\t<div class=\"elementor-widget-container\">\n\t\t\t\t\t\t\t\t\t<p>.<\/p>\t\t\t\t\t\t\t\t<\/div>\n\t\t\t\t<\/div>\n\t\t\t\t<div class=\"elementor-element elementor-element-eb730e3 elementor-widget elementor-widget-text-editor\" data-id=\"eb730e3\" data-element_type=\"widget\" data-e-type=\"widget\" data-widget_type=\"text-editor.default\">\n\t\t\t\t<div class=\"elementor-widget-container\">\n\t\t\t\t\t\t\t\t\t<p><span style=\"color: rgba(2, 1, 1, 0.52); font-size: 22px;\" data-contrast=\"auto\">Text folgt.<\/span><\/p>\t\t\t\t\t\t\t\t<\/div>\n\t\t\t\t<\/div>\n\t\t\t\t<\/div>\n\t\t\t\t<div class=\"elementor-element elementor-element-020350c elementor-widget-divider--view-line elementor-widget elementor-widget-divider\" data-id=\"020350c\" data-element_type=\"widget\" data-e-type=\"widget\" data-widget_type=\"divider.default\">\n\t\t\t\t<div class=\"elementor-widget-container\">\n\t\t\t\t\t\t\t<div class=\"elementor-divider\">\n\t\t\t<span class=\"elementor-divider-separator\">\n\t\t\t\t\t\t<\/span>\n\t\t<\/div>\n\t\t\t\t\t\t<\/div>\n\t\t\t\t<\/div>\n\t\t<div class=\"elementor-element elementor-element-ed23520 e-grid e-con-full e-con e-child\" data-id=\"ed23520\" data-element_type=\"container\" data-e-type=\"container\" data-settings=\"{&quot;jet_parallax_layout_list&quot;:[]}\">\n\t\t\t\t<div class=\"elementor-element elementor-element-48b0814 elementor-widget elementor-widget-button\" data-id=\"48b0814\" data-element_type=\"widget\" data-e-type=\"widget\" data-widget_type=\"button.default\">\n\t\t\t\t<div class=\"elementor-widget-container\">\n\t\t\t\t\t\t\t\t\t<div class=\"elementor-button-wrapper\">\n\t\t\t\t\t<a class=\"elementor-button elementor-button-link elementor-size-sm\" href=\"https:\/\/dima-glz.ch\/arbeitintegration\/unterrichtsmaterial-unerhoert-motiviert\/\">\n\t\t\t\t\t\t<span class=\"elementor-button-content-wrapper\">\n\t\t\t\t\t\t\t\t\t<span class=\"elementor-button-text\">Link folgt<\/span>\n\t\t\t\t\t<\/span>\n\t\t\t\t\t<\/a>\n\t\t\t\t<\/div>\n\t\t\t\t\t\t\t\t<\/div>\n\t\t\t\t<\/div>\n\t\t\t\t<\/div>\n\t\t\t\t<\/div>\n\t\t\t\t<\/div>\n\t\t\t\t\t<\/div>\n\t\t\t\t<\/div>\n\t\t\t\t<\/div>\n\t\t","protected":false},"excerpt":{"rendered":"<p>DIMA Filme &amp; Unterrichtsmaterial \u00abunerh\u00f6rt motiviert\u00bb stellen wir euch 4 Erfolgsgeschichten von geh\u00f6rlosen Menschen am Arbeitsplatz vor. Sie alle sind Beispiel daf\u00fcr, dass die Integration von geh\u00f6rlosen Menschen in h\u00f6renden Teams gelingen kann. Unsere Filmreihe soll Arbeitgebende, HR-Verantwortliche und Teams sensibilisieren, mehr \u00fcber die Zusammen-arbeit mit Geh\u00f6rlosen zu erfahren. Authentisch und alltagsnah berichten F\u00fchrungspersonen aus [&hellip;]<\/p>\n","protected":false},"author":3,"featured_media":0,"parent":1169,"menu_order":0,"comment_status":"closed","ping_status":"closed","template":"","meta":{"footnotes":""},"class_list":["post-16628","page","type-page","status-publish","hentry"],"_links":{"self":[{"href":"https:\/\/dima-glz.ch\/ls\/wp-json\/wp\/v2\/pages\/16628","targetHints":{"allow":["GET"]}}],"collection":[{"href":"https:\/\/dima-glz.ch\/ls\/wp-json\/wp\/v2\/pages"}],"about":[{"href":"https:\/\/dima-glz.ch\/ls\/wp-json\/wp\/v2\/types\/page"}],"author":[{"embeddable":true,"href":"https:\/\/dima-glz.ch\/ls\/wp-json\/wp\/v2\/users\/3"}],"replies":[{"embeddable":true,"href":"https:\/\/dima-glz.ch\/ls\/wp-json\/wp\/v2\/comments?post=16628"}],"version-history":[{"count":6,"href":"https:\/\/dima-glz.ch\/ls\/wp-json\/wp\/v2\/pages\/16628\/revisions"}],"predecessor-version":[{"id":17075,"href":"https:\/\/dima-glz.ch\/ls\/wp-json\/wp\/v2\/pages\/16628\/revisions\/17075"}],"up":[{"embeddable":true,"href":"https:\/\/dima-glz.ch\/ls\/wp-json\/wp\/v2\/pages\/1169"}],"wp:attachment":[{"href":"https:\/\/dima-glz.ch\/ls\/wp-json\/wp\/v2\/media?parent=16628"}],"curies":[{"name":"wp","href":"https:\/\/api.w.org\/{rel}","templated":true}]}}