{"id":3103,"date":"2025-01-24T09:43:02","date_gmt":"2025-01-24T08:43:02","guid":{"rendered":"https:\/\/dima-glz.ch\/ueber-dima\/mitglied-werden\/"},"modified":"2025-08-26T15:25:33","modified_gmt":"2025-08-26T13:25:33","slug":"mitglied-werden","status":"publish","type":"page","link":"https:\/\/dima-glz.ch\/ls\/spenden\/mitglied-werden\/","title":{"rendered":"Mitglied werden"},"content":{"rendered":"\t\t<div data-elementor-type=\"wp-page\" data-elementor-id=\"3103\" class=\"elementor elementor-3103 elementor-1517\" data-elementor-post-type=\"page\">\n\t\t\t\t<div class=\"elementor-element elementor-element-407d128e e-flex e-con-boxed e-con e-parent\" data-id=\"407d128e\" data-element_type=\"container\" data-e-type=\"container\" data-settings=\"{&quot;jet_parallax_layout_list&quot;:[]}\">\n\t\t\t\t\t<div class=\"e-con-inner\">\n\t\t<div class=\"elementor-element elementor-element-0dbd0c8 e-con-full e-flex e-con e-child\" data-id=\"0dbd0c8\" data-element_type=\"container\" data-e-type=\"container\" data-settings=\"{&quot;jet_parallax_layout_list&quot;:[]}\">\n\t\t<div class=\"elementor-element elementor-element-c01c077 e-con-full e-flex e-con e-child\" data-id=\"c01c077\" data-element_type=\"container\" data-e-type=\"container\" data-settings=\"{&quot;jet_parallax_layout_list&quot;:[]}\">\n\t\t<div class=\"elementor-element elementor-element-f7f0c87 e-con-full e-flex e-con e-child\" data-id=\"f7f0c87\" data-element_type=\"container\" data-e-type=\"container\" data-settings=\"{&quot;jet_parallax_layout_list&quot;:[],&quot;background_background&quot;:&quot;classic&quot;}\">\n\t\t\t\t<div class=\"elementor-element elementor-element-d11415c elementor-widget elementor-widget-spacer\" data-id=\"d11415c\" data-element_type=\"widget\" data-e-type=\"widget\" data-widget_type=\"spacer.default\">\n\t\t\t\t<div class=\"elementor-widget-container\">\n\t\t\t\t\t\t\t<div class=\"elementor-spacer\">\n\t\t\t<div class=\"elementor-spacer-inner\"><\/div>\n\t\t<\/div>\n\t\t\t\t\t\t<\/div>\n\t\t\t\t<\/div>\n\t\t\t\t<div class=\"elementor-element elementor-element-da0957f elementor-widget elementor-widget-heading\" data-id=\"da0957f\" data-element_type=\"widget\" data-e-type=\"widget\" data-widget_type=\"heading.default\">\n\t\t\t\t<div class=\"elementor-widget-container\">\n\t\t\t\t\t<h2 class=\"elementor-heading-title elementor-size-default\">Werde Mitglied - unterst\u00fctze unsere Arbeit<\/h2>\t\t\t\t<\/div>\n\t\t\t\t<\/div>\n\t\t\t\t<div class=\"elementor-element elementor-element-3447167 elementor-widget elementor-widget-text-editor\" data-id=\"3447167\" data-element_type=\"widget\" data-e-type=\"widget\" data-widget_type=\"text-editor.default\">\n\t\t\t\t<div class=\"elementor-widget-container\">\n\t\t\t\t\t\t\t\t\t<h2>Gemeinsam sind wir st\u00e4rker<\/h2>\t\t\t\t\t\t\t\t<\/div>\n\t\t\t\t<\/div>\n\t\t\t\t<div class=\"elementor-element elementor-element-a25cd8a elementor-widget elementor-widget-image\" data-id=\"a25cd8a\" data-element_type=\"widget\" data-e-type=\"widget\" data-widget_type=\"image.default\">\n\t\t\t\t<div class=\"elementor-widget-container\">\n\t\t\t\t\t\t\t\t\t\t\t\t\t\t\t<img fetchpriority=\"high\" decoding=\"async\" width=\"300\" height=\"186\" src=\"https:\/\/dima-glz.ch\/wp-content\/smush-webp\/2025\/05\/Bildschirmfoto-2025-05-18-um-11.00.59-300x186.png.webp\" class=\"attachment-medium size-medium wp-image-10962\" alt=\"\" srcset=\"https:\/\/dima-glz.ch\/wp-content\/smush-webp\/2025\/05\/Bildschirmfoto-2025-05-18-um-11.00.59-300x186.png.webp 300w, https:\/\/dima-glz.ch\/wp-content\/smush-webp\/2025\/05\/Bildschirmfoto-2025-05-18-um-11.00.59.png.webp 630w\" sizes=\"(max-width: 300px) 100vw, 300px\" \/>\t\t\t\t\t\t\t\t\t\t\t\t\t\t\t<\/div>\n\t\t\t\t<\/div>\n\t\t\t\t<div class=\"elementor-element elementor-element-8b9b5c9 elementor-widget elementor-widget-text-editor\" data-id=\"8b9b5c9\" data-element_type=\"widget\" data-e-type=\"widget\" data-widget_type=\"text-editor.default\">\n\t\t\t\t<div class=\"elementor-widget-container\">\n\t\t\t\t\t\t\t\t\t<h2><span style=\"color: var( --e-global-color-3aeb90e ); font-family: var( --e-global-typography-text-font-family ), Sans-serif; font-size: var( --e-global-typography-bbee407-font-size ); font-weight: var( --e-global-typography-bbee407-font-weight ); background-color: var( --e-global-color-ba8bcf7 );\">Mit deiner Mitgliedschaft hilfst du uns, unsere Angebote f\u00fcr geh\u00f6rlose Menschen, mit und ohne Migrationshintergrund, langfristig zu sichern und auszubauen.<\/span><\/h2>\t\t\t\t\t\t\t\t<\/div>\n\t\t\t\t<\/div>\n\t\t\t\t<div class=\"elementor-element elementor-element-09bdb7c elementor-widget-divider--view-line elementor-widget elementor-widget-divider\" data-id=\"09bdb7c\" data-element_type=\"widget\" data-e-type=\"widget\" data-widget_type=\"divider.default\">\n\t\t\t\t<div class=\"elementor-widget-container\">\n\t\t\t\t\t\t\t<div class=\"elementor-divider\">\n\t\t\t<span class=\"elementor-divider-separator\">\n\t\t\t\t\t\t<\/span>\n\t\t<\/div>\n\t\t\t\t\t\t<\/div>\n\t\t\t\t<\/div>\n\t\t<div class=\"elementor-element elementor-element-6246cab e-grid e-con-full e-con e-child\" data-id=\"6246cab\" data-element_type=\"container\" data-e-type=\"container\" data-settings=\"{&quot;jet_parallax_layout_list&quot;:[]}\">\n\t\t<div class=\"elementor-element elementor-element-7657003 e-con-full e-flex e-con e-child\" data-id=\"7657003\" data-element_type=\"container\" data-e-type=\"container\" data-settings=\"{&quot;background_background&quot;:&quot;classic&quot;,&quot;jet_parallax_layout_list&quot;:[]}\">\n\t\t\t\t<div class=\"elementor-element elementor-element-da44799 elementor-widget elementor-widget-spacer\" data-id=\"da44799\" data-element_type=\"widget\" data-e-type=\"widget\" data-widget_type=\"spacer.default\">\n\t\t\t\t<div class=\"elementor-widget-container\">\n\t\t\t\t\t\t\t<div class=\"elementor-spacer\">\n\t\t\t<div class=\"elementor-spacer-inner\"><\/div>\n\t\t<\/div>\n\t\t\t\t\t\t<\/div>\n\t\t\t\t<\/div>\n\t\t\t\t<div class=\"elementor-element elementor-element-3683373 elementor-widget elementor-widget-heading\" data-id=\"3683373\" data-element_type=\"widget\" data-e-type=\"widget\" data-widget_type=\"heading.default\">\n\t\t\t\t<div class=\"elementor-widget-container\">\n\t\t\t\t\t<h2 class=\"elementor-heading-title elementor-size-default\">Einzelmitgliedschaft<\/h2>\t\t\t\t<\/div>\n\t\t\t\t<\/div>\n\t\t\t\t<div class=\"elementor-element elementor-element-daa68e6 elementor-widget elementor-widget-heading\" data-id=\"daa68e6\" data-element_type=\"widget\" data-e-type=\"widget\" data-widget_type=\"heading.default\">\n\t\t\t\t<div class=\"elementor-widget-container\">\n\t\t\t\t\t<h2 class=\"elementor-heading-title elementor-size-default\">CHF 80<\/h2>\t\t\t\t<\/div>\n\t\t\t\t<\/div>\n\t\t\t\t<div class=\"elementor-element elementor-element-02c7afd elementor-widget-divider--view-line elementor-widget elementor-widget-divider\" data-id=\"02c7afd\" data-element_type=\"widget\" data-e-type=\"widget\" data-widget_type=\"divider.default\">\n\t\t\t\t<div class=\"elementor-widget-container\">\n\t\t\t\t\t\t\t<div class=\"elementor-divider\">\n\t\t\t<span class=\"elementor-divider-separator\">\n\t\t\t\t\t\t<\/span>\n\t\t<\/div>\n\t\t\t\t\t\t<\/div>\n\t\t\t\t<\/div>\n\t\t\t\t<div class=\"elementor-element elementor-element-c2ab0e3 elementor-widget elementor-widget-text-editor\" data-id=\"c2ab0e3\" data-element_type=\"widget\" data-e-type=\"widget\" data-widget_type=\"text-editor.default\">\n\t\t\t\t<div class=\"elementor-widget-container\">\n\t\t\t\t\t\t\t\t\t<p><b>Deine Vorteile<\/b><\/p>\t\t\t\t\t\t\t\t<\/div>\n\t\t\t\t<\/div>\n\t\t\t\t<div class=\"elementor-element elementor-element-8d40389 elementor-widget elementor-widget-text-editor\" data-id=\"8d40389\" data-element_type=\"widget\" data-e-type=\"widget\" data-widget_type=\"text-editor.default\">\n\t\t\t\t<div class=\"elementor-widget-container\">\n\t\t\t\t\t\t\t\t\t<ul data-start=\"262\" data-end=\"579\"><li data-start=\"262\" data-end=\"323\"><p data-start=\"264\" data-end=\"323\">Du unterst\u00fctzt unsere Arbeit mit einem j\u00e4hrlichen Beitrag<\/p><\/li><li data-start=\"324\" data-end=\"391\"><p data-start=\"326\" data-end=\"391\">Du erh\u00e4ltst unseren Newsletter mit aktuellen Infos &amp; Einblicken<\/p><\/li><li data-start=\"392\" data-end=\"459\"><p data-start=\"394\" data-end=\"459\">Du wirst zu Mitgliedsanl\u00e4ssen &amp; Events eingeladen<\/p><\/li><li data-start=\"460\" data-end=\"512\"><p data-start=\"462\" data-end=\"512\">Du hast ein Stimmrecht an der Mitgliederversammlung<\/p><\/li><\/ul>\t\t\t\t\t\t\t\t<\/div>\n\t\t\t\t<\/div>\n\t\t\t\t<div class=\"elementor-element elementor-element-385f72e elementor-align-center elementor-widget elementor-widget-button\" data-id=\"385f72e\" data-element_type=\"widget\" data-e-type=\"widget\" data-widget_type=\"button.default\">\n\t\t\t\t<div class=\"elementor-widget-container\">\n\t\t\t\t\t\t\t\t\t<div class=\"elementor-button-wrapper\">\n\t\t\t\t\t<a class=\"elementor-button elementor-button-link elementor-size-sm\" href=\"https:\/\/dima-glz.ch\/ls\/anmeldung-mitgliedschaft\/\" target=\"_blank\">\n\t\t\t\t\t\t<span class=\"elementor-button-content-wrapper\">\n\t\t\t\t\t\t\t\t\t<span class=\"elementor-button-text\">Zur Einzelmitgliedschaft<\/span>\n\t\t\t\t\t<\/span>\n\t\t\t\t\t<\/a>\n\t\t\t\t<\/div>\n\t\t\t\t\t\t\t\t<\/div>\n\t\t\t\t<\/div>\n\t\t\t\t<\/div>\n\t\t<div class=\"elementor-element elementor-element-0533d96 e-con-full e-flex e-con e-child\" data-id=\"0533d96\" data-element_type=\"container\" data-e-type=\"container\" data-settings=\"{&quot;background_background&quot;:&quot;classic&quot;,&quot;jet_parallax_layout_list&quot;:[]}\">\n\t\t\t\t<div class=\"elementor-element elementor-element-32d86a1 elementor-widget elementor-widget-spacer\" data-id=\"32d86a1\" data-element_type=\"widget\" data-e-type=\"widget\" data-widget_type=\"spacer.default\">\n\t\t\t\t<div class=\"elementor-widget-container\">\n\t\t\t\t\t\t\t<div class=\"elementor-spacer\">\n\t\t\t<div class=\"elementor-spacer-inner\"><\/div>\n\t\t<\/div>\n\t\t\t\t\t\t<\/div>\n\t\t\t\t<\/div>\n\t\t\t\t<div class=\"elementor-element elementor-element-46a652e elementor-widget elementor-widget-heading\" data-id=\"46a652e\" data-element_type=\"widget\" data-e-type=\"widget\" data-widget_type=\"heading.default\">\n\t\t\t\t<div class=\"elementor-widget-container\">\n\t\t\t\t\t<h2 class=\"elementor-heading-title elementor-size-default\">Kollektivmitgliedschaft<\/h2>\t\t\t\t<\/div>\n\t\t\t\t<\/div>\n\t\t\t\t<div class=\"elementor-element elementor-element-f96f991 elementor-widget elementor-widget-heading\" data-id=\"f96f991\" data-element_type=\"widget\" data-e-type=\"widget\" data-widget_type=\"heading.default\">\n\t\t\t\t<div class=\"elementor-widget-container\">\n\t\t\t\t\t<h2 class=\"elementor-heading-title elementor-size-default\">CHF 120<\/h2>\t\t\t\t<\/div>\n\t\t\t\t<\/div>\n\t\t\t\t<div class=\"elementor-element elementor-element-ac818e2 elementor-widget-divider--view-line elementor-widget elementor-widget-divider\" data-id=\"ac818e2\" data-element_type=\"widget\" data-e-type=\"widget\" data-widget_type=\"divider.default\">\n\t\t\t\t<div class=\"elementor-widget-container\">\n\t\t\t\t\t\t\t<div class=\"elementor-divider\">\n\t\t\t<span class=\"elementor-divider-separator\">\n\t\t\t\t\t\t<\/span>\n\t\t<\/div>\n\t\t\t\t\t\t<\/div>\n\t\t\t\t<\/div>\n\t\t\t\t<div class=\"elementor-element elementor-element-b093b5c elementor-widget elementor-widget-text-editor\" data-id=\"b093b5c\" data-element_type=\"widget\" data-e-type=\"widget\" data-widget_type=\"text-editor.default\">\n\t\t\t\t<div class=\"elementor-widget-container\">\n\t\t\t\t\t\t\t\t\t<p><b>Vorteile f\u00fcr Unternehmen &amp; Organisationen<\/b><\/p>\t\t\t\t\t\t\t\t<\/div>\n\t\t\t\t<\/div>\n\t\t\t\t<div class=\"elementor-element elementor-element-99d5630 elementor-widget elementor-widget-text-editor\" data-id=\"99d5630\" data-element_type=\"widget\" data-e-type=\"widget\" data-widget_type=\"text-editor.default\">\n\t\t\t\t<div class=\"elementor-widget-container\">\n\t\t\t\t\t\t\t\t\t<ul>\n<li data-start=\"694\" data-end=\"759\">\n<p data-start=\"696\" data-end=\"759\">\u00d6ffentlich sichtbare Unterst\u00fctzung eines sozialen Engagements<\/p>\n<\/li>\n<li data-start=\"760\" data-end=\"830\">\n<p data-start=\"762\" data-end=\"830\">Nennung im Jahresbericht<\/p>\n<\/li>\n<li data-start=\"831\" data-end=\"892\">\n<p data-start=\"833\" data-end=\"892\">Einladung zu Netzwerkveranstaltungen und Partneranl\u00e4ssen<\/p>\n<\/li>\n<li data-start=\"831\" data-end=\"892\">\n<p data-start=\"833\" data-end=\"892\">Firmenmitgliedschaft als Teil der CSR-Strategie positionieren<\/p>\n<\/li><li data-start=\"831\" data-end=\"892\"><p data-start=\"833\" data-end=\"892\">Dein Unternehmen hat ein Stimmrecht an der Mitgliederversammlung<\/p><\/li>\n<\/ul>\t\t\t\t\t\t\t\t<\/div>\n\t\t\t\t<\/div>\n\t\t\t\t<div class=\"elementor-element elementor-element-c3a0a1d elementor-widget elementor-widget-spacer\" data-id=\"c3a0a1d\" data-element_type=\"widget\" data-e-type=\"widget\" data-widget_type=\"spacer.default\">\n\t\t\t\t<div class=\"elementor-widget-container\">\n\t\t\t\t\t\t\t<div class=\"elementor-spacer\">\n\t\t\t<div class=\"elementor-spacer-inner\"><\/div>\n\t\t<\/div>\n\t\t\t\t\t\t<\/div>\n\t\t\t\t<\/div>\n\t\t\t\t<div class=\"elementor-element elementor-element-8f09bba elementor-align-center elementor-widget elementor-widget-button\" data-id=\"8f09bba\" data-element_type=\"widget\" data-e-type=\"widget\" data-widget_type=\"button.default\">\n\t\t\t\t<div class=\"elementor-widget-container\">\n\t\t\t\t\t\t\t\t\t<div class=\"elementor-button-wrapper\">\n\t\t\t\t\t<a class=\"elementor-button elementor-button-link elementor-size-sm\" href=\"https:\/\/dima-glz.ch\/ls\/anmeldung-mitgliedschaft\/\" target=\"_blank\">\n\t\t\t\t\t\t<span class=\"elementor-button-content-wrapper\">\n\t\t\t\t\t\t\t\t\t<span class=\"elementor-button-text\">Zur Kollektivmitgliedschaft<\/span>\n\t\t\t\t\t<\/span>\n\t\t\t\t\t<\/a>\n\t\t\t\t<\/div>\n\t\t\t\t\t\t\t\t<\/div>\n\t\t\t\t<\/div>\n\t\t\t\t<div class=\"elementor-element elementor-element-08b63e8 elementor-widget elementor-widget-spacer\" data-id=\"08b63e8\" data-element_type=\"widget\" data-e-type=\"widget\" data-widget_type=\"spacer.default\">\n\t\t\t\t<div class=\"elementor-widget-container\">\n\t\t\t\t\t\t\t<div class=\"elementor-spacer\">\n\t\t\t<div class=\"elementor-spacer-inner\"><\/div>\n\t\t<\/div>\n\t\t\t\t\t\t<\/div>\n\t\t\t\t<\/div>\n\t\t\t\t<\/div>\n\t\t<div class=\"elementor-element elementor-element-8eca281 e-con-full e-flex e-con e-child\" data-id=\"8eca281\" data-element_type=\"container\" data-e-type=\"container\" data-settings=\"{&quot;background_background&quot;:&quot;classic&quot;,&quot;jet_parallax_layout_list&quot;:[]}\">\n\t\t\t\t<div class=\"elementor-element elementor-element-a65cf4b elementor-widget elementor-widget-spacer\" data-id=\"a65cf4b\" data-element_type=\"widget\" data-e-type=\"widget\" data-widget_type=\"spacer.default\">\n\t\t\t\t<div class=\"elementor-widget-container\">\n\t\t\t\t\t\t\t<div class=\"elementor-spacer\">\n\t\t\t<div class=\"elementor-spacer-inner\"><\/div>\n\t\t<\/div>\n\t\t\t\t\t\t<\/div>\n\t\t\t\t<\/div>\n\t\t\t\t<div class=\"elementor-element elementor-element-917c608 elementor-widget elementor-widget-heading\" data-id=\"917c608\" data-element_type=\"widget\" data-e-type=\"widget\" data-widget_type=\"heading.default\">\n\t\t\t\t<div class=\"elementor-widget-container\">\n\t\t\t\t\t<h2 class=\"elementor-heading-title elementor-size-default\">Dauermitgliedschaft<\/h2>\t\t\t\t<\/div>\n\t\t\t\t<\/div>\n\t\t\t\t<div class=\"elementor-element elementor-element-f2fe938 elementor-widget elementor-widget-heading\" data-id=\"f2fe938\" data-element_type=\"widget\" data-e-type=\"widget\" data-widget_type=\"heading.default\">\n\t\t\t\t<div class=\"elementor-widget-container\">\n\t\t\t\t\t<h2 class=\"elementor-heading-title elementor-size-default\">CHF 1200<\/h2>\t\t\t\t<\/div>\n\t\t\t\t<\/div>\n\t\t\t\t<div class=\"elementor-element elementor-element-59c0667 elementor-widget-divider--view-line elementor-widget elementor-widget-divider\" data-id=\"59c0667\" data-element_type=\"widget\" data-e-type=\"widget\" data-widget_type=\"divider.default\">\n\t\t\t\t<div class=\"elementor-widget-container\">\n\t\t\t\t\t\t\t<div class=\"elementor-divider\">\n\t\t\t<span class=\"elementor-divider-separator\">\n\t\t\t\t\t\t<\/span>\n\t\t<\/div>\n\t\t\t\t\t\t<\/div>\n\t\t\t\t<\/div>\n\t\t\t\t<div class=\"elementor-element elementor-element-754089b elementor-widget elementor-widget-text-editor\" data-id=\"754089b\" data-element_type=\"widget\" data-e-type=\"widget\" data-widget_type=\"text-editor.default\">\n\t\t\t\t<div class=\"elementor-widget-container\">\n\t\t\t\t\t\t\t\t\t<p><b>Ein Zeichen f\u00fcr eine nachhaltige Unterst\u00fctzung<br><\/b><b style=\"color: var( --e-global-color-ba8bcf7 ); font-family: var( --e-global-typography-text-font-family ), Sans-serif; font-size: var( --e-global-typography-text-font-size ); background-color: var( --e-global-color-3aeb90e );\">Ein Leben lang<\/b><\/p>\t\t\t\t\t\t\t\t<\/div>\n\t\t\t\t<\/div>\n\t\t\t\t<div class=\"elementor-element elementor-element-717a80b elementor-widget elementor-widget-text-editor\" data-id=\"717a80b\" data-element_type=\"widget\" data-e-type=\"widget\" data-widget_type=\"text-editor.default\">\n\t\t\t\t<div class=\"elementor-widget-container\">\n\t\t\t\t\t\t\t\t\t<ul>\n<li data-start=\"1147\" data-end=\"1214\">\n<p data-start=\"1149\" data-end=\"1214\">Alle Vorteile der Einzelmitgliedschaft \u2013 einmalige Zahlung<\/p>\n<\/li>\n<li data-start=\"1215\" data-end=\"1280\">\n<p data-start=\"1217\" data-end=\"1280\">Ehrennennung als Dauermitglied auf unserer Website (freiwillig)<\/p>\n<\/li><li data-start=\"1215\" data-end=\"1280\"><p data-start=\"1217\" data-end=\"1280\">\u00d6ffentlich sichtbare Unterst\u00fctzung eines sozialen Engagements<\/p><\/li>\n<li data-start=\"1281\" data-end=\"1350\">\n<p data-start=\"1283\" data-end=\"1350\">Pers\u00f6nliche Einladung zu DIMA-Anl\u00e4ssen <span style=\"background-color: transparent; color: var( --e-global-color-accent ); font-family: var( --e-global-typography-text-font-family ), Sans-serif; font-weight: var( --e-global-typography-text-font-weight );\">&nbsp;<\/span><\/p>\n<\/li>\n<li data-start=\"1405\" data-end=\"1496\">\n<p data-start=\"1407\" data-end=\"1496\">1 x j\u00e4hrlich M\u00f6glichkeit einer Teilnahme an einer Integrationsveranstaltung<\/p>\n<\/li><li data-start=\"1405\" data-end=\"1496\"><p data-start=\"1407\" data-end=\"1496\">Du hast ein Stimmrecht an der Mitgliederversammlung<\/p><\/li>\n<\/ul>\t\t\t\t\t\t\t\t<\/div>\n\t\t\t\t<\/div>\n\t\t\t\t<div class=\"elementor-element elementor-element-34feca6 elementor-align-center elementor-widget elementor-widget-button\" data-id=\"34feca6\" data-element_type=\"widget\" data-e-type=\"widget\" data-widget_type=\"button.default\">\n\t\t\t\t<div class=\"elementor-widget-container\">\n\t\t\t\t\t\t\t\t\t<div class=\"elementor-button-wrapper\">\n\t\t\t\t\t<a class=\"elementor-button elementor-button-link elementor-size-sm\" href=\"https:\/\/dima-glz.ch\/ls\/anmeldung-mitgliedschaft\/\" target=\"_blank\">\n\t\t\t\t\t\t<span class=\"elementor-button-content-wrapper\">\n\t\t\t\t\t\t\t\t\t<span class=\"elementor-button-text\">Zur Dauermitgliedschaft<\/span>\n\t\t\t\t\t<\/span>\n\t\t\t\t\t<\/a>\n\t\t\t\t<\/div>\n\t\t\t\t\t\t\t\t<\/div>\n\t\t\t\t<\/div>\n\t\t\t\t<\/div>\n\t\t\t\t<\/div>\n\t\t\t\t<\/div>\n\t\t\t\t<\/div>\n\t\t\t\t<\/div>\n\t\t\t\t\t<\/div>\n\t\t\t\t<\/div>\n\t\t\t\t<\/div>\n\t\t","protected":false},"excerpt":{"rendered":"<p>Werde Mitglied &#8211; unterst\u00fctze unsere Arbeit Gemeinsam sind wir st\u00e4rker Mit deiner Mitgliedschaft hilfst du uns, unsere Angebote f\u00fcr geh\u00f6rlose Menschen, mit und ohne Migrationshintergrund, langfristig zu sichern und auszubauen. Einzelmitgliedschaft CHF 80 Deine Vorteile Du unterst\u00fctzt unsere Arbeit mit einem j\u00e4hrlichen Beitrag Du erh\u00e4ltst unseren Newsletter mit aktuellen Infos &amp; Einblicken Du wirst zu [&hellip;]<\/p>\n","protected":false},"author":1,"featured_media":0,"parent":10622,"menu_order":0,"comment_status":"closed","ping_status":"closed","template":"","meta":{"footnotes":""},"class_list":["post-3103","page","type-page","status-publish","hentry"],"_links":{"self":[{"href":"https:\/\/dima-glz.ch\/ls\/wp-json\/wp\/v2\/pages\/3103","targetHints":{"allow":["GET"]}}],"collection":[{"href":"https:\/\/dima-glz.ch\/ls\/wp-json\/wp\/v2\/pages"}],"about":[{"href":"https:\/\/dima-glz.ch\/ls\/wp-json\/wp\/v2\/types\/page"}],"author":[{"embeddable":true,"href":"https:\/\/dima-glz.ch\/ls\/wp-json\/wp\/v2\/users\/1"}],"replies":[{"embeddable":true,"href":"https:\/\/dima-glz.ch\/ls\/wp-json\/wp\/v2\/comments?post=3103"}],"version-history":[{"count":0,"href":"https:\/\/dima-glz.ch\/ls\/wp-json\/wp\/v2\/pages\/3103\/revisions"}],"up":[{"embeddable":true,"href":"https:\/\/dima-glz.ch\/ls\/wp-json\/wp\/v2\/pages\/10622"}],"wp:attachment":[{"href":"https:\/\/dima-glz.ch\/ls\/wp-json\/wp\/v2\/media?parent=3103"}],"curies":[{"name":"wp","href":"https:\/\/api.w.org\/{rel}","templated":true}]}}