{"id":3118,"date":"2025-01-08T11:05:36","date_gmt":"2025-01-08T10:05:36","guid":{"rendered":"https:\/\/dima-glz.ch\/ueber-dima\/vorstand-patronat\/"},"modified":"2025-08-27T14:21:38","modified_gmt":"2025-08-27T12:21:38","slug":"vorstand-patronat","status":"publish","type":"page","link":"https:\/\/dima-glz.ch\/ls\/ueber-dima\/vorstand-patronat\/","title":{"rendered":"Vorstand &#038;\u00a0Patronat"},"content":{"rendered":"\t\t<div data-elementor-type=\"wp-page\" data-elementor-id=\"3118\" class=\"elementor elementor-3118 elementor-647\" data-elementor-post-type=\"page\">\n\t\t\t\t<div class=\"elementor-element elementor-element-c747586 e-flex e-con-boxed e-con e-parent\" data-id=\"c747586\" data-element_type=\"container\" data-e-type=\"container\" data-settings=\"{&quot;jet_parallax_layout_list&quot;:[]}\">\n\t\t\t\t\t<div class=\"e-con-inner\">\n\t\t\t\t<div class=\"elementor-element elementor-element-501e46d elementor-widget elementor-widget-spacer\" data-id=\"501e46d\" data-element_type=\"widget\" data-e-type=\"widget\" data-widget_type=\"spacer.default\">\n\t\t\t\t<div class=\"elementor-widget-container\">\n\t\t\t\t\t\t\t<div class=\"elementor-spacer\">\n\t\t\t<div class=\"elementor-spacer-inner\"><\/div>\n\t\t<\/div>\n\t\t\t\t\t\t<\/div>\n\t\t\t\t<\/div>\n\t\t<div class=\"elementor-element elementor-element-e7e115c e-con-full e-flex e-con e-child\" data-id=\"e7e115c\" data-element_type=\"container\" data-e-type=\"container\" data-settings=\"{&quot;jet_parallax_layout_list&quot;:[]}\">\n\t\t<div class=\"elementor-element elementor-element-3d6c761 e-con-full e-flex e-con e-child\" data-id=\"3d6c761\" data-element_type=\"container\" data-e-type=\"container\" data-settings=\"{&quot;background_background&quot;:&quot;classic&quot;,&quot;jet_parallax_layout_list&quot;:[]}\">\n\t\t<div class=\"elementor-element elementor-element-0058c64 e-con-full e-flex e-con e-child\" data-id=\"0058c64\" data-element_type=\"container\" data-e-type=\"container\" data-settings=\"{&quot;jet_parallax_layout_list&quot;:[]}\">\n\t\t\t\t<div class=\"elementor-element elementor-element-f442e79 elementor-widget elementor-widget-image\" data-id=\"f442e79\" data-element_type=\"widget\" data-e-type=\"widget\" data-widget_type=\"image.default\">\n\t\t\t\t<div class=\"elementor-widget-container\">\n\t\t\t\t\t\t\t\t\t\t\t\t\t\t\t<img fetchpriority=\"high\" decoding=\"async\" width=\"630\" height=\"390\" src=\"https:\/\/dima-glz.ch\/wp-content\/smush-webp\/2025\/05\/Bildschirmfoto-2025-05-18-um-11.00.59-1.png.webp\" class=\"attachment-large size-large wp-image-11250\" alt=\"\" srcset=\"https:\/\/dima-glz.ch\/wp-content\/smush-webp\/2025\/05\/Bildschirmfoto-2025-05-18-um-11.00.59-1.png.webp 630w, https:\/\/dima-glz.ch\/wp-content\/smush-webp\/2025\/05\/Bildschirmfoto-2025-05-18-um-11.00.59-1-300x186.png.webp 300w\" sizes=\"(max-width: 630px) 100vw, 630px\" \/>\t\t\t\t\t\t\t\t\t\t\t\t\t\t\t<\/div>\n\t\t\t\t<\/div>\n\t\t\t\t<\/div>\n\t\t<div class=\"elementor-element elementor-element-62cd932 e-con-full e-flex e-con e-child\" data-id=\"62cd932\" data-element_type=\"container\" data-e-type=\"container\" data-settings=\"{&quot;jet_parallax_layout_list&quot;:[]}\">\n\t\t\t\t<div class=\"elementor-element elementor-element-9315740 elementor-widget elementor-widget-heading\" data-id=\"9315740\" data-element_type=\"widget\" data-e-type=\"widget\" data-widget_type=\"heading.default\">\n\t\t\t\t<div class=\"elementor-widget-container\">\n\t\t\t\t\t<h2 class=\"elementor-heading-title elementor-size-default\">VORSTAND &amp; PATRONAT<\/h2>\t\t\t\t<\/div>\n\t\t\t\t<\/div>\n\t\t\t\t<div class=\"elementor-element elementor-element-14c549c elementor-widget elementor-widget-heading\" data-id=\"14c549c\" data-element_type=\"widget\" data-e-type=\"widget\" data-widget_type=\"heading.default\">\n\t\t\t\t<div class=\"elementor-widget-container\">\n\t\t\t\t\t<h2 class=\"elementor-heading-title elementor-size-default\">Wir stellen dir unseren Vorstand und unsere Patronatsmitglieder vor. <\/h2>\t\t\t\t<\/div>\n\t\t\t\t<\/div>\n\t\t\t\t<\/div>\n\t\t\t\t<\/div>\n\t\t<div class=\"elementor-element elementor-element-2bb5efd e-con-full e-flex e-con e-child\" data-id=\"2bb5efd\" data-element_type=\"container\" data-e-type=\"container\" data-settings=\"{&quot;jet_parallax_layout_list&quot;:[]}\">\n\t\t\t\t<div class=\"elementor-element elementor-element-6ae401d elementor-widget-divider--view-line elementor-widget elementor-widget-divider\" data-id=\"6ae401d\" data-element_type=\"widget\" data-e-type=\"widget\" data-widget_type=\"divider.default\">\n\t\t\t\t<div class=\"elementor-widget-container\">\n\t\t\t\t\t\t\t<div class=\"elementor-divider\">\n\t\t\t<span class=\"elementor-divider-separator\">\n\t\t\t\t\t\t<\/span>\n\t\t<\/div>\n\t\t\t\t\t\t<\/div>\n\t\t\t\t<\/div>\n\t\t\t\t<\/div>\n\t\t\t\t<div class=\"elementor-element elementor-element-ea455eb elementor-widget elementor-widget-heading\" data-id=\"ea455eb\" data-element_type=\"widget\" data-e-type=\"widget\" data-widget_type=\"heading.default\">\n\t\t\t\t<div class=\"elementor-widget-container\">\n\t\t\t\t\t<h2 class=\"elementor-heading-title elementor-size-default\">Vorstand<\/h2>\t\t\t\t<\/div>\n\t\t\t\t<\/div>\n\t\t\t\t<\/div>\n\t\t\t\t\t<\/div>\n\t\t\t\t<\/div>\n\t\t<div class=\"elementor-element elementor-element-f3a7c85 e-flex e-con-boxed e-con e-parent\" data-id=\"f3a7c85\" data-element_type=\"container\" data-e-type=\"container\" data-settings=\"{&quot;jet_parallax_layout_list&quot;:[]}\">\n\t\t\t\t\t<div class=\"e-con-inner\">\n\t\t\t\t<div class=\"elementor-element elementor-element-e144554 elementor-widget elementor-widget-jet-images-layout\" data-id=\"e144554\" data-element_type=\"widget\" data-e-type=\"widget\" data-settings=\"{&quot;columns&quot;:3}\" data-widget_type=\"jet-images-layout.default\">\n\t\t\t\t<div class=\"elementor-widget-container\">\n\t\t\t\t\t<div class=\"elementor-jet-images-layout jet-elements\">\n<div class=\"jet-images-layout layout-type-masonry\" data-settings='{&quot;layoutType&quot;:&quot;masonry&quot;,&quot;justifyHeight&quot;:300}'>\n\t<div class=\"jet-images-layout__list salvattore column-desktop-3 column-tablet-2 column-mobile-1\" data-columns>\n<div class=\"jet-images-layout__item \">\n\t<div class=\"jet-images-layout__inner\">\n\t\t<div class=\"jet-images-layout__image-loader\"><span><\/span><\/div>\n\t\t<a class=\"jet-images-layout__link \" href=\"https:\/\/dima-glz.ch\/wp-content\/uploads\/2025\/05\/Bildschirmfoto-2025-05-01-um-14.45.06.png\" data-elementor-open-lightbox=\"yes\" data-elementor-lightbox-slideshow=\"e144554\">\n\t\t\t<div class=\"jet-images-layout__image\">\n\t\t\t\t<img decoding=\"async\" class=\"jet-images-layout__image-instance\" src=\"https:\/\/dima-glz.ch\/wp-content\/uploads\/2025\/05\/Bildschirmfoto-2025-05-01-um-14.45.06.png\" alt=\"Bildschirmfoto 2025-05-01 um 14.45.06\" loading=\"lazy\">\t\t\t<\/div>\n\t\t\t<div class=\"jet-images-layout__content\"><h5 class=\"jet-images-layout__title\">Sabine Reinhard<\/h5><div class=\"jet-images-layout__desc\">Pr\u00e4sidentin<\/div><\/div>\n\t\t<\/a>\n\t<\/div>\n<\/div>\n<div class=\"jet-images-layout__item \">\n\t<div class=\"jet-images-layout__inner\">\n\t\t<div class=\"jet-images-layout__image-loader\"><span><\/span><\/div>\n\t\t<a class=\"jet-images-layout__link \" href=\"https:\/\/dima-glz.ch\/wp-content\/uploads\/2025\/05\/Bildschirmfoto-2025-05-01-um-14.45.29.png\" data-elementor-open-lightbox=\"yes\" data-elementor-lightbox-slideshow=\"e144554\">\n\t\t\t<div class=\"jet-images-layout__image\">\n\t\t\t\t<img decoding=\"async\" class=\"jet-images-layout__image-instance\" src=\"https:\/\/dima-glz.ch\/wp-content\/uploads\/2025\/05\/Bildschirmfoto-2025-05-01-um-14.45.29.png\" alt=\"Bildschirmfoto 2025-05-01 um 14.45.29\" loading=\"lazy\">\t\t\t<\/div>\n\t\t\t<div class=\"jet-images-layout__content\"><h5 class=\"jet-images-layout__title\">Lisa Arter<\/h5><div class=\"jet-images-layout__desc\">Vorstandsmitglied<\/div><\/div>\n\t\t<\/a>\n\t<\/div>\n<\/div>\n<div class=\"jet-images-layout__item \">\n\t<div class=\"jet-images-layout__inner\">\n\t\t<div class=\"jet-images-layout__image-loader\"><span><\/span><\/div>\n\t\t<a class=\"jet-images-layout__link \" href=\"https:\/\/dima-glz.ch\/wp-content\/uploads\/2025\/05\/Bildschirmfoto-2025-05-01-um-14.45.18.png\" data-elementor-open-lightbox=\"yes\" data-elementor-lightbox-slideshow=\"e144554\">\n\t\t\t<div class=\"jet-images-layout__image\">\n\t\t\t\t<img decoding=\"async\" class=\"jet-images-layout__image-instance\" src=\"https:\/\/dima-glz.ch\/wp-content\/uploads\/2025\/05\/Bildschirmfoto-2025-05-01-um-14.45.18.png\" alt=\"Bildschirmfoto 2025-05-01 um 14.45.18\" loading=\"lazy\">\t\t\t<\/div>\n\t\t\t<div class=\"jet-images-layout__content\"><h5 class=\"jet-images-layout__title\">Hadish Tadesse<\/h5><div class=\"jet-images-layout__desc\">Vorstandsmitglied<\/div><\/div>\n\t\t<\/a>\n\t<\/div>\n<\/div>\n<div class=\"jet-images-layout__item \">\n\t<div class=\"jet-images-layout__inner\">\n\t\t<div class=\"jet-images-layout__image-loader\"><span><\/span><\/div>\n\t\t<a class=\"jet-images-layout__link \" href=\"https:\/\/dima-glz.ch\/wp-content\/uploads\/2025\/05\/Bildschirmfoto-2025-05-01-um-14.46.41.png\" data-elementor-open-lightbox=\"yes\" data-elementor-lightbox-slideshow=\"e144554\">\n\t\t\t<div class=\"jet-images-layout__image\">\n\t\t\t\t<img decoding=\"async\" class=\"jet-images-layout__image-instance\" src=\"https:\/\/dima-glz.ch\/wp-content\/uploads\/2025\/05\/Bildschirmfoto-2025-05-01-um-14.46.41.png\" alt=\"Bildschirmfoto 2025-05-01 um 14.46.41\" loading=\"lazy\">\t\t\t<\/div>\n\t\t\t<div class=\"jet-images-layout__content\"><h5 class=\"jet-images-layout__title\">Martina Raschle<\/h5><div class=\"jet-images-layout__desc\">Vorstandsmitglied<\/div><\/div>\n\t\t<\/a>\n\t<\/div>\n<\/div>\n<div class=\"jet-images-layout__item \">\n\t<div class=\"jet-images-layout__inner\">\n\t\t<div class=\"jet-images-layout__image-loader\"><span><\/span><\/div>\n\t\t<a class=\"jet-images-layout__link \" href=\"https:\/\/dima-glz.ch\/wp-content\/smush-webp\/2025\/05\/Bildschirmfoto-2025-05-01-um-14.45.12.png.webp\" data-elementor-open-lightbox=\"yes\" data-elementor-lightbox-slideshow=\"e144554\">\n\t\t\t<div class=\"jet-images-layout__image\">\n\t\t\t\t<img decoding=\"async\" class=\"jet-images-layout__image-instance\" src=\"https:\/\/dima-glz.ch\/wp-content\/smush-webp\/2025\/05\/Bildschirmfoto-2025-05-01-um-14.45.12.png.webp\" alt=\"Bildschirmfoto 2025-05-01 um 14.45.12\" loading=\"lazy\">\t\t\t<\/div>\n\t\t\t<div class=\"jet-images-layout__content\"><h5 class=\"jet-images-layout__title\">Dominik Hermann<\/h5><div class=\"jet-images-layout__desc\">Vorstandsmitglied<\/div><\/div>\n\t\t<\/a>\n\t<\/div>\n<\/div>\n<\/div><\/div>\n<\/div>\t\t\t\t<\/div>\n\t\t\t\t<\/div>\n\t\t\t\t<div class=\"elementor-element elementor-element-b5bdad9 elementor-widget-divider--view-line elementor-widget elementor-widget-divider\" data-id=\"b5bdad9\" data-element_type=\"widget\" data-e-type=\"widget\" data-widget_type=\"divider.default\">\n\t\t\t\t<div class=\"elementor-widget-container\">\n\t\t\t\t\t\t\t<div class=\"elementor-divider\">\n\t\t\t<span class=\"elementor-divider-separator\">\n\t\t\t\t\t\t<\/span>\n\t\t<\/div>\n\t\t\t\t\t\t<\/div>\n\t\t\t\t<\/div>\n\t\t\t\t<div class=\"elementor-element elementor-element-881867c elementor-widget elementor-widget-heading\" data-id=\"881867c\" data-element_type=\"widget\" data-e-type=\"widget\" data-widget_type=\"heading.default\">\n\t\t\t\t<div class=\"elementor-widget-container\">\n\t\t\t\t\t<h2 class=\"elementor-heading-title elementor-size-default\">Patronat<\/h2>\t\t\t\t<\/div>\n\t\t\t\t<\/div>\n\t\t\t\t\t<\/div>\n\t\t\t\t<\/div>\n\t\t<div class=\"elementor-element elementor-element-23ee0c4 e-flex e-con-boxed e-con e-parent\" data-id=\"23ee0c4\" data-element_type=\"container\" data-e-type=\"container\" data-settings=\"{&quot;jet_parallax_layout_list&quot;:[]}\">\n\t\t\t\t\t<div class=\"e-con-inner\">\n\t\t\t\t<div class=\"elementor-element elementor-element-d2bf5c8 elementor-widget elementor-widget-jet-images-layout\" data-id=\"d2bf5c8\" data-element_type=\"widget\" data-e-type=\"widget\" data-settings=\"{&quot;columns&quot;:3}\" data-widget_type=\"jet-images-layout.default\">\n\t\t\t\t<div class=\"elementor-widget-container\">\n\t\t\t\t\t<div class=\"elementor-jet-images-layout jet-elements\">\n<div class=\"jet-images-layout layout-type-masonry\" data-settings='{&quot;layoutType&quot;:&quot;masonry&quot;,&quot;justifyHeight&quot;:300}'>\n\t<div class=\"jet-images-layout__list salvattore column-desktop-3 column-tablet-2 column-mobile-1\" data-columns>\n<div class=\"jet-images-layout__item \">\n\t<div class=\"jet-images-layout__inner\">\n\t\t<div class=\"jet-images-layout__image-loader\"><span><\/span><\/div>\n\t\t<a class=\"jet-images-layout__link \" href=\"https:\/\/dima-glz.ch\/wp-content\/smush-webp\/2025\/05\/Bildschirmfoto-2025-05-01-um-15.12.14.png.webp\" data-elementor-open-lightbox=\"yes\" data-elementor-lightbox-slideshow=\"d2bf5c8\">\n\t\t\t<div class=\"jet-images-layout__image\">\n\t\t\t\t<img decoding=\"async\" class=\"jet-images-layout__image-instance\" src=\"https:\/\/dima-glz.ch\/wp-content\/smush-webp\/2025\/05\/Bildschirmfoto-2025-05-01-um-15.12.14.png.webp\" alt=\"Bildschirmfoto 2025-05-01 um 15.12.14\" loading=\"lazy\">\t\t\t<\/div>\n\t\t\t<div class=\"jet-images-layout__content\"><h5 class=\"jet-images-layout__title\">Stefan Erni & Marianne D\u00fcnki<\/h5><div class=\"jet-images-layout__desc\">Langj\u00e4hrige Unterst\u00fctzer von DIMA<\/div><\/div>\n\t\t<\/a>\n\t<\/div>\n<\/div>\n<div class=\"jet-images-layout__item \">\n\t<div class=\"jet-images-layout__inner\">\n\t\t<div class=\"jet-images-layout__image-loader\"><span><\/span><\/div>\n\t\t<a class=\"jet-images-layout__link \" href=\"https:\/\/dima-glz.ch\/wp-content\/uploads\/2025\/05\/Bildschirmfoto-2025-05-01-um-15.12.19.png\" data-elementor-open-lightbox=\"yes\" data-elementor-lightbox-slideshow=\"d2bf5c8\">\n\t\t\t<div class=\"jet-images-layout__image\">\n\t\t\t\t<img decoding=\"async\" class=\"jet-images-layout__image-instance\" src=\"https:\/\/dima-glz.ch\/wp-content\/uploads\/2025\/05\/Bildschirmfoto-2025-05-01-um-15.12.19.png\" alt=\"Bildschirmfoto 2025-05-01 um 15.12.19\" loading=\"lazy\">\t\t\t<\/div>\n\t\t\t<div class=\"jet-images-layout__content\"><h5 class=\"jet-images-layout__title\">B\u00e9atrice Wertli<\/h5><div class=\"jet-images-layout__desc\">Verwaltungsr\u00e4tin STV<\/div><\/div>\n\t\t<\/a>\n\t<\/div>\n<\/div>\n<div class=\"jet-images-layout__item \">\n\t<div class=\"jet-images-layout__inner\">\n\t\t<div class=\"jet-images-layout__image-loader\"><span><\/span><\/div>\n\t\t<a class=\"jet-images-layout__link \" href=\"https:\/\/dima-glz.ch\/wp-content\/smush-webp\/2025\/05\/Bildschirmfoto-2025-05-01-um-15.12.38.png.webp\" data-elementor-open-lightbox=\"yes\" data-elementor-lightbox-slideshow=\"d2bf5c8\">\n\t\t\t<div class=\"jet-images-layout__image\">\n\t\t\t\t<img decoding=\"async\" class=\"jet-images-layout__image-instance\" src=\"https:\/\/dima-glz.ch\/wp-content\/smush-webp\/2025\/05\/Bildschirmfoto-2025-05-01-um-15.12.38.png.webp\" alt=\"Bildschirmfoto 2025-05-01 um 15.12.38\" loading=\"lazy\">\t\t\t<\/div>\n\t\t\t<div class=\"jet-images-layout__content\"><h5 class=\"jet-images-layout__title\">Ursus & Nadeschkin<\/h5><div class=\"jet-images-layout__desc\">Theater & Kunst<\/div><\/div>\n\t\t<\/a>\n\t<\/div>\n<\/div>\n<div class=\"jet-images-layout__item \">\n\t<div class=\"jet-images-layout__inner\">\n\t\t<div class=\"jet-images-layout__image-loader\"><span><\/span><\/div>\n\t\t<a class=\"jet-images-layout__link \" href=\"https:\/\/dima-glz.ch\/wp-content\/smush-webp\/2025\/05\/Bildschirmfoto-2025-05-01-um-15.12.32.png.webp\" data-elementor-open-lightbox=\"yes\" data-elementor-lightbox-slideshow=\"d2bf5c8\">\n\t\t\t<div class=\"jet-images-layout__image\">\n\t\t\t\t<img decoding=\"async\" class=\"jet-images-layout__image-instance\" src=\"https:\/\/dima-glz.ch\/wp-content\/smush-webp\/2025\/05\/Bildschirmfoto-2025-05-01-um-15.12.32.png.webp\" alt=\"Bildschirmfoto 2025-05-01 um 15.12.32\" loading=\"lazy\">\t\t\t<\/div>\n\t\t\t<div class=\"jet-images-layout__content\"><h5 class=\"jet-images-layout__title\">Corinne Parrat<\/h5><div class=\"jet-images-layout__desc\">Botschafterin & Miss Handicap<\/div><\/div>\n\t\t<\/a>\n\t<\/div>\n<\/div>\n<div class=\"jet-images-layout__item \">\n\t<div class=\"jet-images-layout__inner\">\n\t\t<div class=\"jet-images-layout__image-loader\"><span><\/span><\/div>\n\t\t<a class=\"jet-images-layout__link \" href=\"https:\/\/dima-glz.ch\/wp-content\/uploads\/2025\/05\/Bildschirmfoto-2025-05-01-um-15.12.24.png\" data-elementor-open-lightbox=\"yes\" data-elementor-lightbox-slideshow=\"d2bf5c8\">\n\t\t\t<div class=\"jet-images-layout__image\">\n\t\t\t\t<img decoding=\"async\" class=\"jet-images-layout__image-instance\" src=\"https:\/\/dima-glz.ch\/wp-content\/uploads\/2025\/05\/Bildschirmfoto-2025-05-01-um-15.12.24.png\" alt=\"Bildschirmfoto 2025-05-01 um 15.12.24\" loading=\"lazy\">\t\t\t<\/div>\n\t\t\t<div class=\"jet-images-layout__content\"><h5 class=\"jet-images-layout__title\">Mix!t<\/h5><div class=\"jet-images-layout__desc\">Rap in Geb\u00e4rdensprache<\/div><\/div>\n\t\t<\/a>\n\t<\/div>\n<\/div>\n<div class=\"jet-images-layout__item \">\n\t<div class=\"jet-images-layout__inner\">\n\t\t<div class=\"jet-images-layout__image-loader\"><span><\/span><\/div>\n\t\t<a class=\"jet-images-layout__link \" href=\"https:\/\/dima-glz.ch\/wp-content\/smush-webp\/2025\/05\/Bildschirmfoto-2025-05-01-um-15.12.49.png.webp\" data-elementor-open-lightbox=\"yes\" data-elementor-lightbox-slideshow=\"d2bf5c8\">\n\t\t\t<div class=\"jet-images-layout__image\">\n\t\t\t\t<img decoding=\"async\" class=\"jet-images-layout__image-instance\" src=\"https:\/\/dima-glz.ch\/wp-content\/smush-webp\/2025\/05\/Bildschirmfoto-2025-05-01-um-15.12.49.png.webp\" alt=\"Bildschirmfoto 2025-05-01 um 15.12.49\" loading=\"lazy\">\t\t\t<\/div>\n\t\t\t<div class=\"jet-images-layout__content\"><h5 class=\"jet-images-layout__title\">Oceana Galmarini<\/h5><div class=\"jet-images-layout__desc\">Journalisitin und TV-Moderatorin<\/div><\/div>\n\t\t<\/a>\n\t<\/div>\n<\/div>\n<\/div><\/div>\n<\/div>\t\t\t\t<\/div>\n\t\t\t\t<\/div>\n\t\t\t\t\t<\/div>\n\t\t\t\t<\/div>\n\t\t\t\t<\/div>\n\t\t","protected":false},"excerpt":{"rendered":"<p>VORSTAND &amp; PATRONAT Wir stellen dir unseren Vorstand und unsere Patronatsmitglieder vor. Vorstand Sabine Reinhard Pr\u00e4sidentin Lisa Arter Vorstandsmitglied Hadish Tadesse Vorstandsmitglied Martina Raschle Vorstandsmitglied Dominik Hermann Vorstandsmitglied Patronat Stefan Erni &#038; Marianne D\u00fcnki Langj\u00e4hrige Unterst\u00fctzer von DIMA B\u00e9atrice Wertli Verwaltungsr\u00e4tin STV Ursus &#038; Nadeschkin Theater &#038; Kunst Corinne Parrat Botschafterin &#038; Miss Handicap Mix!t [&hellip;]<\/p>\n","protected":false},"author":1,"featured_media":0,"parent":1173,"menu_order":0,"comment_status":"closed","ping_status":"closed","template":"","meta":{"footnotes":""},"class_list":["post-3118","page","type-page","status-publish","hentry"],"_links":{"self":[{"href":"https:\/\/dima-glz.ch\/ls\/wp-json\/wp\/v2\/pages\/3118","targetHints":{"allow":["GET"]}}],"collection":[{"href":"https:\/\/dima-glz.ch\/ls\/wp-json\/wp\/v2\/pages"}],"about":[{"href":"https:\/\/dima-glz.ch\/ls\/wp-json\/wp\/v2\/types\/page"}],"author":[{"embeddable":true,"href":"https:\/\/dima-glz.ch\/ls\/wp-json\/wp\/v2\/users\/1"}],"replies":[{"embeddable":true,"href":"https:\/\/dima-glz.ch\/ls\/wp-json\/wp\/v2\/comments?post=3118"}],"version-history":[{"count":0,"href":"https:\/\/dima-glz.ch\/ls\/wp-json\/wp\/v2\/pages\/3118\/revisions"}],"up":[{"embeddable":true,"href":"https:\/\/dima-glz.ch\/ls\/wp-json\/wp\/v2\/pages\/1173"}],"wp:attachment":[{"href":"https:\/\/dima-glz.ch\/ls\/wp-json\/wp\/v2\/media?parent=3118"}],"curies":[{"name":"wp","href":"https:\/\/api.w.org\/{rel}","templated":true}]}}